{"id":624,"date":"2022-12-22T03:01:03","date_gmt":"2022-12-22T03:01:03","guid":{"rendered":"https:\/\/cmykprinted.com\/?post_type=product&#038;p=624"},"modified":"2022-12-22T03:51:54","modified_gmt":"2022-12-22T03:51:54","slug":"custom-printed-hand-flags-handheld-stick-flag-at-cheap-price","status":"publish","type":"product","link":"https:\/\/cmykprinted.com\/sl\/izdelek\/custom-printed-hand-flags-handheld-stick-flag-at-cheap-price\/","title":{"rendered":"Po meri natisnjene ro\u010dne zastave, ro\u010dna pali\u010dasta zastavica po ugodni ceni"},"content":{"rendered":"","protected":false},"excerpt":{"rendered":"<p>Natisnjene ro\u010dne zastavice po meri so odli\u010den na\u010din za posredovanje va\u0161ega sporo\u010dila na katerem koli dogodku ali promociji. Cenovno so dostopni, a kljub temu odli\u010dno pritegnejo pozornost. Ne glede na to, ali ste na sejmu, \u0161portni tekmi, paradi, konferenci ali katerem koli drugem dogodku, so natisnjene ro\u010dne zastave po meri odli\u010den na\u010din za razkazovanje va\u0161e blagovne znamke ali sporo\u010dila. Izdelane so iz trpe\u017ene poliestrske tkanine in so potiskane s sublimacijskim tiskom, ki zagotavlja mo\u010dne in \u017eivahne barve. Zastavice so enostransko reverzno potiskane, kar pomeni, da je slika vidna na eni strani, hrbtna stran pa je zrcalna. Zaklju\u010deni so s plasti\u010dnim ali lesenim moznikom in so pritrjeni na palico z zastavico. Po meri natisnjene ro\u010dne zastave niso samo odli\u010den na\u010din za promocijo va\u0161e blagovne znamke ali sporo\u010dila, ampak so tudi zabaven in interaktiven na\u010din za sodelovanje s svojim ob\u010dinstvom. Zakaj torej \u010dakati? Zagotovite si svoje natisnjene zastavice po meri \u0161e danes in opazujte, kako bo va\u0161e sporo\u010dilo poletelo!<\/p>\n<div style=\"width: 1290px;\" class=\"wp-video\"><!--[if lt IE 9]><script>document.createElement('video');<\/script><![endif]--><br \/>\n<video class=\"wp-video-shortcode\" id=\"video-624-1\" width=\"1290\" height=\"726\" loop autoplay preload=\"auto\" controls=\"controls\"><source type=\"video\/mp4\" src=\"http:\/\/cmykprinted.com\/wp-content\/uploads\/2022\/12\/Custom-Printed-Hand-Flags.mp4?_=1\" \/><a href=\"http:\/\/cmykprinted.com\/wp-content\/uploads\/2022\/12\/Custom-Printed-Hand-Flags.mp4\">http:\/\/cmykprinted.com\/wp-content\/uploads\/2022\/12\/Custom-Printed-Hand-Flags.mp4<\/a><\/video><\/div>\n<p>&nbsp;<\/p>","protected":false},"featured_media":625,"template":"","meta":{"_kad_post_transparent":"default","_kad_post_title":"hide","_kad_post_layout":"fullwidth","_kad_post_sidebar_id":"","_kad_post_content_style":"unboxed","_kad_post_vertical_padding":"hide","_kad_post_feature":"hide","_kad_post_feature_position":"","_kad_post_header":false,"_kad_post_footer":false},"product_cat":[79],"product_tag":[153,155,152,154],"class_list":{"0":"post-624","1":"product","2":"type-product","3":"status-publish","4":"has-post-thumbnail","6":"product_cat-custom-flags","7":"product_tag-custom-hand-flags","8":"product_tag-custom-handheld-flag","9":"product_tag-custom-printed-hand-flags","10":"product_tag-handheld-stick-flag","12":"first","13":"instock","14":"shipping-taxable","15":"product-type-simple","16":"entry","17":"content-bg","18":"loop-entry"},"_links":{"self":[{"href":"https:\/\/cmykprinted.com\/sl\/wp-json\/wp\/v2\/product\/624","targetHints":{"allow":["GET"]}}],"collection":[{"href":"https:\/\/cmykprinted.com\/sl\/wp-json\/wp\/v2\/product"}],"about":[{"href":"https:\/\/cmykprinted.com\/sl\/wp-json\/wp\/v2\/types\/product"}],"version-history":[{"count":4,"href":"https:\/\/cmykprinted.com\/sl\/wp-json\/wp\/v2\/product\/624\/revisions"}],"predecessor-version":[{"id":635,"href":"https:\/\/cmykprinted.com\/sl\/wp-json\/wp\/v2\/product\/624\/revisions\/635"}],"wp:featuredmedia":[{"embeddable":true,"href":"https:\/\/cmykprinted.com\/sl\/wp-json\/wp\/v2\/media\/625"}],"wp:attachment":[{"href":"https:\/\/cmykprinted.com\/sl\/wp-json\/wp\/v2\/media?parent=624"}],"wp:term":[{"taxonomy":"product_cat","embeddable":true,"href":"https:\/\/cmykprinted.com\/sl\/wp-json\/wp\/v2\/product_cat?post=624"},{"taxonomy":"product_tag","embeddable":true,"href":"https:\/\/cmykprinted.com\/sl\/wp-json\/wp\/v2\/product_tag?post=624"}],"curies":[{"name":"wp","href":"https:\/\/api.w.org\/{rel}","templated":true}]}}