{"id":644,"date":"2022-12-22T07:18:12","date_gmt":"2022-12-22T07:18:12","guid":{"rendered":"https:\/\/cmykprinted.com\/?post_type=product&#038;p=644"},"modified":"2022-12-22T07:55:34","modified_gmt":"2022-12-22T07:55:34","slug":"custom-table-runners-table-cover-trade-show-tablecloth","status":"publish","type":"product","link":"https:\/\/cmykprinted.com\/sl\/izdelek\/custom-table-runners-table-cover-trade-show-tablecloth\/","title":{"rendered":"Namizni teka\u010di po meri Prevleka za mizo Namizni prt za sejem"},"content":{"rendered":"","protected":false},"excerpt":{"rendered":"<p>\u010ce potrebujete namizne teka\u010de po meri za va\u0161e poslovne ali zasebne dogodke, smo vam na voljo. Na\u0161e visokokakovostne mizne pregrinjala so kot nala\u0161\u010d za vse, od sejmov do zbiranja sredstev, in so zasnovane tako, da trajajo. Ti namizni teka\u010di, natisnjeni po meri, so izdelani iz vrhunske poliestrske tkanine in imajo barvni sublimacijski tisk 1440 DPI, zato bodo zagotovo naredili trajen vtis. Uporabite jih za promocijo va\u0161e blagovne znamke ali logotipa na konferencah, dogodkih ali sejmih ali pa jih preprosto dodajte na trdno pregrinjalo mize za pridih elegance in dekorja. Na voljo v vnaprej dolo\u010denih dimenzijah 2&#039;x7,5&#039;, lahko pa se odlo\u010dite celo za velikosti po meri, da popolnoma ustrezajo va\u0161im potrebam. Zaupajte nam kot zanesljivemu viru namiznih teka\u010dev po meri, ki bodo u\u010dinkovito ogla\u0161evali va\u0161e podjetje in prestali preizkus \u010dasa.<\/p>","protected":false},"featured_media":647,"template":"","meta":{"_kad_post_transparent":"default","_kad_post_title":"hide","_kad_post_layout":"fullwidth","_kad_post_sidebar_id":"","_kad_post_content_style":"unboxed","_kad_post_vertical_padding":"hide","_kad_post_feature":"hide","_kad_post_feature_position":"","_kad_post_header":false,"_kad_post_footer":false},"product_cat":[80,82],"product_tag":[157,156,158,159],"class_list":{"0":"post-644","1":"product","2":"type-product","3":"status-publish","4":"has-post-thumbnail","6":"product_cat-custom-tablecloth","7":"product_cat-custom-table-runner","8":"product_tag-custom-table-cover","9":"product_tag-custom-table-runners","10":"product_tag-custom-tablecloth","11":"product_tag-trade-show-tablecloth","13":"first","14":"instock","15":"shipping-taxable","16":"product-type-simple","17":"entry","18":"content-bg","19":"loop-entry"},"_links":{"self":[{"href":"https:\/\/cmykprinted.com\/sl\/wp-json\/wp\/v2\/product\/644","targetHints":{"allow":["GET"]}}],"collection":[{"href":"https:\/\/cmykprinted.com\/sl\/wp-json\/wp\/v2\/product"}],"about":[{"href":"https:\/\/cmykprinted.com\/sl\/wp-json\/wp\/v2\/types\/product"}],"version-history":[{"count":2,"href":"https:\/\/cmykprinted.com\/sl\/wp-json\/wp\/v2\/product\/644\/revisions"}],"predecessor-version":[{"id":646,"href":"https:\/\/cmykprinted.com\/sl\/wp-json\/wp\/v2\/product\/644\/revisions\/646"}],"wp:featuredmedia":[{"embeddable":true,"href":"https:\/\/cmykprinted.com\/sl\/wp-json\/wp\/v2\/media\/647"}],"wp:attachment":[{"href":"https:\/\/cmykprinted.com\/sl\/wp-json\/wp\/v2\/media?parent=644"}],"wp:term":[{"taxonomy":"product_cat","embeddable":true,"href":"https:\/\/cmykprinted.com\/sl\/wp-json\/wp\/v2\/product_cat?post=644"},{"taxonomy":"product_tag","embeddable":true,"href":"https:\/\/cmykprinted.com\/sl\/wp-json\/wp\/v2\/product_tag?post=644"}],"curies":[{"name":"wp","href":"https:\/\/api.w.org\/{rel}","templated":true}]}}