{"id":654,"date":"2022-12-22T08:00:58","date_gmt":"2022-12-22T08:00:58","guid":{"rendered":"https:\/\/cmykprinted.com\/?post_type=product&#038;p=654"},"modified":"2022-12-22T09:11:25","modified_gmt":"2022-12-22T09:11:25","slug":"custom-size-outdoor-vinyl-pvc-banners-with-free-printing","status":"publish","type":"product","link":"https:\/\/cmykprinted.com\/sl\/izdelek\/custom-size-outdoor-vinyl-pvc-banners-with-free-printing\/","title":{"rendered":"Zunanji vinilni PVC transparenti velikosti po meri z brezpla\u010dnim tiskom"},"content":{"rendered":"","protected":false},"excerpt":{"rendered":"<p>Zunanji vinilni PVC transparenti so zelo u\u010dinkovit na\u010din, da pritegnete pozornost na svoje prizori\u0161\u010de in posredujete pomembne informacije mimoido\u010demu prometu. Natisnjeni so na izbranih vrhunskih materialih, odpornih na vremenske vplive, opremljeni pa so z robovi in o\u010desci za obe\u0161anje, kar zagotavlja, da zagotavljajo trajne in stro\u0161kovno u\u010dinkovite rezultate. V na\u0161em podjetju vam lahko priporo\u010dimo najbolj\u0161e materiale za va\u0161e specifi\u010dne potrebe. \u010ce se bo va\u0161 banner uporabljal kot samostoje\u010da zunanja vitrina, priporo\u010damo uporabo Mesh PVC transparentov, ki nudijo ve\u010djo odpornost proti vetru. Poleg tega ponujamo tudi okolju prijaznej\u0161e transparente brez PVC-ja za tiste, ki i\u0161\u010dejo bolj trajnostno mo\u017enost.<\/p>\n<div style=\"width: 1290px;\" class=\"wp-video\"><!--[if lt IE 9]><script>document.createElement('video');<\/script><![endif]--><br \/>\n<video class=\"wp-video-shortcode\" id=\"video-654-1\" width=\"1290\" height=\"726\" loop autoplay preload=\"auto\" controls=\"controls\"><source type=\"video\/mp4\" src=\"http:\/\/cmykprinted.com\/wp-content\/uploads\/2022\/12\/vinyl-PVC-banners.mp4?_=1\" \/><a href=\"http:\/\/cmykprinted.com\/wp-content\/uploads\/2022\/12\/vinyl-PVC-banners.mp4\">http:\/\/cmykprinted.com\/wp-content\/uploads\/2022\/12\/vinyl-PVC-banners.mp4<\/a><\/video><\/div>\n<p>&nbsp;<\/p>","protected":false},"featured_media":655,"template":"","meta":{"_kad_post_transparent":"default","_kad_post_title":"hide","_kad_post_layout":"fullwidth","_kad_post_sidebar_id":"","_kad_post_content_style":"unboxed","_kad_post_vertical_padding":"hide","_kad_post_feature":"hide","_kad_post_feature_position":"","_kad_post_header":false,"_kad_post_footer":false},"product_cat":[85,90,91,89],"product_tag":[161,162,163,164,160],"class_list":{"0":"post-654","1":"product","2":"type-product","3":"status-publish","4":"has-post-thumbnail","6":"product_cat-outdoor-vinyl-banners","7":"product_cat-glossy-pvc-banners","8":"product_cat-matte-vinyl-banners","9":"product_cat-pvc-banners","10":"product_tag-custom-vinyl-banners","11":"product_tag-outdoor-pvc-banners","12":"product_tag-outdoor-vinyl-banners","13":"product_tag-vinyl-banners-printing","14":"product_tag-vinyl-pvc-banners","16":"first","17":"instock","18":"shipping-taxable","19":"product-type-simple","20":"entry","21":"content-bg","22":"loop-entry"},"_links":{"self":[{"href":"https:\/\/cmykprinted.com\/sl\/wp-json\/wp\/v2\/product\/654","targetHints":{"allow":["GET"]}}],"collection":[{"href":"https:\/\/cmykprinted.com\/sl\/wp-json\/wp\/v2\/product"}],"about":[{"href":"https:\/\/cmykprinted.com\/sl\/wp-json\/wp\/v2\/types\/product"}],"version-history":[{"count":2,"href":"https:\/\/cmykprinted.com\/sl\/wp-json\/wp\/v2\/product\/654\/revisions"}],"predecessor-version":[{"id":663,"href":"https:\/\/cmykprinted.com\/sl\/wp-json\/wp\/v2\/product\/654\/revisions\/663"}],"wp:featuredmedia":[{"embeddable":true,"href":"https:\/\/cmykprinted.com\/sl\/wp-json\/wp\/v2\/media\/655"}],"wp:attachment":[{"href":"https:\/\/cmykprinted.com\/sl\/wp-json\/wp\/v2\/media?parent=654"}],"wp:term":[{"taxonomy":"product_cat","embeddable":true,"href":"https:\/\/cmykprinted.com\/sl\/wp-json\/wp\/v2\/product_cat?post=654"},{"taxonomy":"product_tag","embeddable":true,"href":"https:\/\/cmykprinted.com\/sl\/wp-json\/wp\/v2\/product_tag?post=654"}],"curies":[{"name":"wp","href":"https:\/\/api.w.org\/{rel}","templated":true}]}}