{"id":664,"date":"2022-12-22T09:47:33","date_gmt":"2022-12-22T09:47:33","guid":{"rendered":"https:\/\/cmykprinted.com\/?post_type=product&#038;p=664"},"modified":"2022-12-22T14:15:54","modified_gmt":"2022-12-22T14:15:54","slug":"horizontal-pop-up-banners-with-free-custom-printing-services","status":"publish","type":"product","link":"https:\/\/cmykprinted.com\/sl\/izdelek\/horizontal-pop-up-banners-with-free-custom-printing-services\/","title":{"rendered":"Horizontalne pojavne pasice z brezpla\u010dnimi storitvami tiskanja po meri"},"content":{"rendered":"","protected":false},"excerpt":{"rendered":"<p>Na\u0161e vodoravne pojavne pasice so izdelane iz trpe\u017enih materialov, ki so zasnovani tako, da prenesejo vremenske razmere, zaradi \u010desar so popolni za uporabo v zaprtih prostorih in na prostem. Enostavno jih je postaviti in odstraniti ter jih je mogo\u010de enostavno shraniti in preva\u017eati, zaradi \u010desar so priro\u010dna izbira za podjetja na poti. Z na\u0161imi brezpla\u010dnimi storitvami tiskanja po meri lahko svoje pasice natisnete z logotipom va\u0161ega podjetja, sporo\u010dilom blagovne znamke ali katerim koli drugim dizajnom po meri, ki ga izberete. Te vodoravne pojavne pasice bodo zagotovo naredile velik vpliv na vsakem dogodku in vam bodo pomagale u\u010dinkovito promovirati va\u0161e podjetje potencialnim strankam. Ne glede na to, ali \u017eelite promovirati svojo blagovno znamko na sejmu, \u0161portnem dogodku ali korporativnem dogodku, so na\u0161e horizontalne pojavne pasice odli\u010dna izbira.<\/p>\n<div style=\"width: 1290px;\" class=\"wp-video\"><!--[if lt IE 9]><script>document.createElement('video');<\/script><![endif]--><br \/>\n<video class=\"wp-video-shortcode\" id=\"video-664-1\" width=\"1290\" height=\"726\" loop autoplay preload=\"auto\" controls=\"controls\"><source type=\"video\/mp4\" src=\"http:\/\/cmykprinted.com\/wp-content\/uploads\/2022\/12\/horizontal-pop-up-banners.mp4?_=1\" \/><a href=\"http:\/\/cmykprinted.com\/wp-content\/uploads\/2022\/12\/horizontal-pop-up-banners.mp4\">http:\/\/cmykprinted.com\/wp-content\/uploads\/2022\/12\/horizontal-pop-up-banners.mp4<\/a><\/video><\/div>\n<p>&nbsp;<\/p>","protected":false},"featured_media":665,"template":"","meta":{"_kad_post_transparent":"default","_kad_post_title":"hide","_kad_post_layout":"fullwidth","_kad_post_sidebar_id":"","_kad_post_content_style":"unboxed","_kad_post_vertical_padding":"hide","_kad_post_feature":"hide","_kad_post_feature_position":"","_kad_post_header":false,"_kad_post_footer":false},"product_cat":[92,94],"product_tag":[167,165,166],"class_list":{"0":"post-664","1":"product","2":"type-product","3":"status-publish","4":"has-post-thumbnail","6":"product_cat-pop-up-banners","7":"product_cat-horizontal-pop-up-banners","8":"product_tag-custom-pop-up-banners","9":"product_tag-horizontal-pop-up-banners","10":"product_tag-pop-up-banners","12":"first","13":"instock","14":"shipping-taxable","15":"product-type-simple","16":"entry","17":"content-bg","18":"loop-entry"},"_links":{"self":[{"href":"https:\/\/cmykprinted.com\/sl\/wp-json\/wp\/v2\/product\/664","targetHints":{"allow":["GET"]}}],"collection":[{"href":"https:\/\/cmykprinted.com\/sl\/wp-json\/wp\/v2\/product"}],"about":[{"href":"https:\/\/cmykprinted.com\/sl\/wp-json\/wp\/v2\/types\/product"}],"version-history":[{"count":3,"href":"https:\/\/cmykprinted.com\/sl\/wp-json\/wp\/v2\/product\/664\/revisions"}],"predecessor-version":[{"id":672,"href":"https:\/\/cmykprinted.com\/sl\/wp-json\/wp\/v2\/product\/664\/revisions\/672"}],"wp:featuredmedia":[{"embeddable":true,"href":"https:\/\/cmykprinted.com\/sl\/wp-json\/wp\/v2\/media\/665"}],"wp:attachment":[{"href":"https:\/\/cmykprinted.com\/sl\/wp-json\/wp\/v2\/media?parent=664"}],"wp:term":[{"taxonomy":"product_cat","embeddable":true,"href":"https:\/\/cmykprinted.com\/sl\/wp-json\/wp\/v2\/product_cat?post=664"},{"taxonomy":"product_tag","embeddable":true,"href":"https:\/\/cmykprinted.com\/sl\/wp-json\/wp\/v2\/product_tag?post=664"}],"curies":[{"name":"wp","href":"https:\/\/api.w.org\/{rel}","templated":true}]}}