{"id":673,"date":"2022-12-22T14:59:51","date_gmt":"2022-12-22T14:59:51","guid":{"rendered":"https:\/\/cmykprinted.com\/?post_type=product&#038;p=673"},"modified":"2022-12-22T15:10:44","modified_gmt":"2022-12-22T15:10:44","slug":"free-custom-curved-tension-fabric-pop-up-displays-backwall","status":"publish","type":"product","link":"https:\/\/cmykprinted.com\/sl\/izdelek\/free-custom-curved-tension-fabric-pop-up-displays-backwall\/","title":{"rendered":"Brezpla\u010dna ukrivljena napeta tkanina po meri"},"content":{"rendered":"","protected":false},"excerpt":{"rendered":"<p>Pop-up zasloni z ukrivljeno napeto tkanino ponujajo poglobljeno in privla\u010dno izku\u0161njo ob\u010dinstva, ki je popolna za sejme, dobrodelne dogodke, industrijske konvencije in druge funkcije. Ti zasloni imajo realisti\u010dne, z barvilom sublimirane slike, ki ustvarjajo u\u010dinek, podoben 3D, kar zagotavlja, da bodo izstopale in pritegnile pozornost na va\u0161e sporo\u010dilo. Uporabljamo \u017eivahen tkaninski material za ve\u010dkratno uporabo, ki zmanj\u0161a odboj svetlobe, da ostanejo va\u0161i natisi vidni, kar zagotavlja, da bo va\u0161e sporo\u010dilo jasno vidno ob\u010dinstvu. Poleg njihovega impresivnega vizualnega u\u010dinka ti zasloni ponujajo enake prednosti kot zlo\u017eljivi transparenti, zaradi \u010desar so popolni za uporabo kot ozadja za sejemske kabine in pojavne trgovine. Kljub veliki velikosti so ti zasloni lahki in enostavni za postavitev, zahtevajo le monta\u017eo aluminijastega okvirja ter vstavljanje in vle\u010denje blaga \u010deznj. S tiskanjem lastnih pojavnih zaslonov z ukrivljeno napeto tkanino lahko dvignete svoje tr\u017eenje dogodkov na vi\u0161jo raven in u\u010dinkovito promovirate svojo blagovno znamko ali sporo\u010dilo \u0161irokemu ob\u010dinstvu.<\/p>","protected":false},"featured_media":674,"template":"","meta":{"_kad_post_transparent":"default","_kad_post_title":"hide","_kad_post_layout":"fullwidth","_kad_post_sidebar_id":"","_kad_post_content_style":"unboxed","_kad_post_vertical_padding":"hide","_kad_post_feature":"hide","_kad_post_feature_position":"","_kad_post_header":false,"_kad_post_footer":false},"product_cat":[97,98],"product_tag":[168,170,134,169],"class_list":{"0":"post-673","1":"product","2":"type-product","3":"status-publish","4":"has-post-thumbnail","6":"product_cat-tension-fabric-displays","7":"product_cat-curved-tension-fabric-pop-up-displays","8":"product_tag-curved-tension-fabric-pop-up-displays","9":"product_tag-pop-up-tension-fabric-displays","10":"product_tag-tension-fabric-displays","11":"product_tag-tension-fabric-pop-up-display","13":"first","14":"instock","15":"shipping-taxable","16":"product-type-simple","17":"entry","18":"content-bg","19":"loop-entry"},"_links":{"self":[{"href":"https:\/\/cmykprinted.com\/sl\/wp-json\/wp\/v2\/product\/673","targetHints":{"allow":["GET"]}}],"collection":[{"href":"https:\/\/cmykprinted.com\/sl\/wp-json\/wp\/v2\/product"}],"about":[{"href":"https:\/\/cmykprinted.com\/sl\/wp-json\/wp\/v2\/types\/product"}],"version-history":[{"count":1,"href":"https:\/\/cmykprinted.com\/sl\/wp-json\/wp\/v2\/product\/673\/revisions"}],"predecessor-version":[{"id":680,"href":"https:\/\/cmykprinted.com\/sl\/wp-json\/wp\/v2\/product\/673\/revisions\/680"}],"wp:featuredmedia":[{"embeddable":true,"href":"https:\/\/cmykprinted.com\/sl\/wp-json\/wp\/v2\/media\/674"}],"wp:attachment":[{"href":"https:\/\/cmykprinted.com\/sl\/wp-json\/wp\/v2\/media?parent=673"}],"wp:term":[{"taxonomy":"product_cat","embeddable":true,"href":"https:\/\/cmykprinted.com\/sl\/wp-json\/wp\/v2\/product_cat?post=673"},{"taxonomy":"product_tag","embeddable":true,"href":"https:\/\/cmykprinted.com\/sl\/wp-json\/wp\/v2\/product_tag?post=673"}],"curies":[{"name":"wp","href":"https:\/\/api.w.org\/{rel}","templated":true}]}}