{"id":682,"date":"2022-12-29T09:44:31","date_gmt":"2022-12-29T09:44:31","guid":{"rendered":"https:\/\/cmykprinted.com\/?post_type=product&#038;p=682"},"modified":"2022-12-29T10:03:18","modified_gmt":"2022-12-29T10:03:18","slug":"custom-3d-metal-transfer-sticker-metallic-logo-label-sticker","status":"publish","type":"product","link":"https:\/\/cmykprinted.com\/sl\/izdelek\/custom-3d-metal-transfer-sticker-metallic-logo-label-sticker\/","title":{"rendered":"Nalepka s kovinskim logotipom po meri s 3D-prenosom"},"content":{"rendered":"","protected":false},"excerpt":{"rendered":"<p>3D kovinske nalepke za prenos so vrsta re\u0161itve za ozna\u010devanje, ki vklju\u010duje uporabo zelo trpe\u017ene nikljeve folije za ustvarjanje tridimenzionalnega u\u010dinka. Te nalepke so zasnovane tako, da dajejo videz &quot;brez nalepke&quot;, tako da odstranijo odve\u010dni material iz dizajna, kar ima za posledico bolj prefinjen in profesionalen videz. Pogosto se uporabljajo kot oznake izdelkov vi\u0161jega cenovnega razreda ali za prodajo na drobno v spletnih trgovinah.<br \/>\nZa izdelavo 3D kovinskih nalepk za prenos se dizajn najprej natisne na list nikljeve folije s posebnim postopkom tiskanja. Odve\u010dni material se nato odstrani in ostanejo samo dvignjeni elementi dizajna. Nastala nalepka je nato prekrita s plastjo lepila in jo je mogo\u010de nanesti na razli\u010dne povr\u0161ine, vklju\u010dno s plastiko, kovino in papirjem.<br \/>\nEna od prednosti uporabe 3D kovinskih nalepk za prenos je njihova vzdr\u017eljivost. Nikelj je mo\u010dan in proti koroziji odporen material, zato lahko te nalepke prenesejo obrabo in ohranijo svojo kakovost skozi \u010das. Prav tako so odporne proti bledenju in razbarvanju, zaradi \u010desar so dolgotrajna re\u0161itev za ozna\u010devanje. Poleg tega lahko tridimenzionalni u\u010dinek teh nalepk doda edinstven in privla\u010den element embala\u017ei ali blagovni znamki va\u0161ega izdelka.<\/p>\n<div style=\"width: 1280px;\" class=\"wp-video\"><!--[if lt IE 9]><script>document.createElement('video');<\/script><![endif]--><br \/>\n<video class=\"wp-video-shortcode\" id=\"video-682-1\" width=\"1280\" height=\"720\" loop autoplay preload=\"metadata\" controls=\"controls\"><source type=\"video\/mp4\" src=\"http:\/\/cmykprinted.com\/wp-content\/uploads\/2022\/12\/Metal-Transfer-Sticker.mp4?_=1\" \/><a href=\"http:\/\/cmykprinted.com\/wp-content\/uploads\/2022\/12\/Metal-Transfer-Sticker.mp4\">http:\/\/cmykprinted.com\/wp-content\/uploads\/2022\/12\/Metal-Transfer-Sticker.mp4<\/a><\/video><\/div>\n<p>&nbsp;<\/p>","protected":false},"featured_media":683,"template":"","meta":{"_kad_post_transparent":"default","_kad_post_title":"hide","_kad_post_layout":"fullwidth","_kad_post_sidebar_id":"","_kad_post_content_style":"unboxed","_kad_post_vertical_padding":"hide","_kad_post_feature":"hide","_kad_post_feature_position":"","_kad_post_header":false,"_kad_post_footer":false},"product_cat":[101,102],"product_tag":[174,173,171,172],"class_list":{"0":"post-682","1":"product","2":"type-product","3":"status-publish","4":"has-post-thumbnail","6":"product_cat-transfer-stickers","7":"product_cat-metal-transfer-stickers","8":"product_tag-3d-metal-transfer-sticker","9":"product_tag-custom-metal-transfer-sticker","10":"product_tag-metal-transfer-sticker","11":"product_tag-metallic-logo-label-sticker","13":"first","14":"instock","15":"shipping-taxable","16":"product-type-simple","17":"entry","18":"content-bg","19":"loop-entry"},"_links":{"self":[{"href":"https:\/\/cmykprinted.com\/sl\/wp-json\/wp\/v2\/product\/682","targetHints":{"allow":["GET"]}}],"collection":[{"href":"https:\/\/cmykprinted.com\/sl\/wp-json\/wp\/v2\/product"}],"about":[{"href":"https:\/\/cmykprinted.com\/sl\/wp-json\/wp\/v2\/types\/product"}],"version-history":[{"count":2,"href":"https:\/\/cmykprinted.com\/sl\/wp-json\/wp\/v2\/product\/682\/revisions"}],"predecessor-version":[{"id":691,"href":"https:\/\/cmykprinted.com\/sl\/wp-json\/wp\/v2\/product\/682\/revisions\/691"}],"wp:featuredmedia":[{"embeddable":true,"href":"https:\/\/cmykprinted.com\/sl\/wp-json\/wp\/v2\/media\/683"}],"wp:attachment":[{"href":"https:\/\/cmykprinted.com\/sl\/wp-json\/wp\/v2\/media?parent=682"}],"wp:term":[{"taxonomy":"product_cat","embeddable":true,"href":"https:\/\/cmykprinted.com\/sl\/wp-json\/wp\/v2\/product_cat?post=682"},{"taxonomy":"product_tag","embeddable":true,"href":"https:\/\/cmykprinted.com\/sl\/wp-json\/wp\/v2\/product_tag?post=682"}],"curies":[{"name":"wp","href":"https:\/\/api.w.org\/{rel}","templated":true}]}}