{"id":692,"date":"2022-12-29T10:09:13","date_gmt":"2022-12-29T10:09:13","guid":{"rendered":"https:\/\/cmykprinted.com\/?post_type=product&#038;p=692"},"modified":"2022-12-29T10:44:20","modified_gmt":"2022-12-29T10:44:20","slug":"double-sided-printed-advertising-beach-teardrop-flags-banner","status":"publish","type":"product","link":"https:\/\/cmykprinted.com\/sl\/izdelek\/double-sided-printed-advertising-beach-teardrop-flags-banner\/","title":{"rendered":"Dvostransko natisnjena reklamna pasica z zastavicami v obliki solz"},"content":{"rendered":"","protected":false},"excerpt":{"rendered":"<p>Zastave v obliki solze, znane tudi kot transparenti z zastavo v obliki solze ali zastave v obliki solze, so vrsta velike zastave v obliki solze, ki se uporablja za ogla\u0161evanje in tr\u017eenje. Izdelane so tako, da se na zastavo natisne dizajn po meri s postopkom sublimacije barvila, ki omogo\u010da \u017eivahno, visokokakovostno grafiko. Zastave so pritrjene na lahek drog za zastavo iz aluminija in steklenih vlaken, ki je upogljiv in pomaga ohranjati zastavo napeto tudi v vetrovnih razmerah. Drog za zastavo se lahko zapi\u010di v tla ali postavi na stojalo za zastavo, odvisno od posebnih potreb in preferenc uporabnika.<br \/>\nUporaba transparenta z zastavo v obliki solze pred va\u0161o trgovino ali podjetjem je lahko u\u010dinkovit na\u010din, da pritegnete pozornost potencialnih strank in drugih mimoido\u010dih. Te zastavice pritegnejo pozornost in lahko pomagajo pri u\u010dinkoviti promociji va\u0161ega podjetja ter njegovih izdelkov ali storitev. Pasice z zastavicami v obliki solze so prav tako vsestranske in jih je mogo\u010de uporabiti v razli\u010dnih okoljih, vklju\u010dno s sejmi, dogodki na prostem in izlo\u017ebami. Z izbiro dizajna po meri, ki natan\u010dno odra\u017ea blagovno znamko in sporo\u010dila va\u0161ega podjetja, lahko u\u010dinkovito sporo\u010dite svoje sporo\u010dilo in naredite mo\u010dan vtis na ciljno ob\u010dinstvo.<\/p>\n<div style=\"width: 1280px;\" class=\"wp-video\"><!--[if lt IE 9]><script>document.createElement('video');<\/script><![endif]--><br \/>\n<video class=\"wp-video-shortcode\" id=\"video-692-1\" width=\"1280\" height=\"720\" loop autoplay preload=\"metadata\" controls=\"controls\"><source type=\"video\/mp4\" src=\"http:\/\/cmykprinted.com\/wp-content\/uploads\/2022\/12\/Beach-Teardrop-Flags-Banner.mp4?_=1\" \/><a href=\"http:\/\/cmykprinted.com\/wp-content\/uploads\/2022\/12\/Beach-Teardrop-Flags-Banner.mp4\">http:\/\/cmykprinted.com\/wp-content\/uploads\/2022\/12\/Beach-Teardrop-Flags-Banner.mp4<\/a><\/video><\/div>","protected":false},"featured_media":693,"template":"","meta":{"_kad_post_transparent":"default","_kad_post_title":"hide","_kad_post_layout":"fullwidth","_kad_post_sidebar_id":"","_kad_post_content_style":"unboxed","_kad_post_vertical_padding":"hide","_kad_post_feature":"hide","_kad_post_feature_position":"","_kad_post_header":false,"_kad_post_footer":false},"product_cat":[64,67],"product_tag":[177,176,175,178],"class_list":{"0":"post-692","1":"product","2":"type-product","3":"status-publish","4":"has-post-thumbnail","6":"product_cat-beach-flags","7":"product_cat-teardrop-flags-banners","8":"product_tag-advertising-beach-flags","9":"product_tag-beach-teardrop-banner","10":"product_tag-beach-teardrop-flags","11":"product_tag-teardrop-flags","13":"first","14":"instock","15":"shipping-taxable","16":"product-type-simple","17":"entry","18":"content-bg","19":"loop-entry"},"_links":{"self":[{"href":"https:\/\/cmykprinted.com\/sl\/wp-json\/wp\/v2\/product\/692","targetHints":{"allow":["GET"]}}],"collection":[{"href":"https:\/\/cmykprinted.com\/sl\/wp-json\/wp\/v2\/product"}],"about":[{"href":"https:\/\/cmykprinted.com\/sl\/wp-json\/wp\/v2\/types\/product"}],"version-history":[{"count":4,"href":"https:\/\/cmykprinted.com\/sl\/wp-json\/wp\/v2\/product\/692\/revisions"}],"predecessor-version":[{"id":703,"href":"https:\/\/cmykprinted.com\/sl\/wp-json\/wp\/v2\/product\/692\/revisions\/703"}],"wp:featuredmedia":[{"embeddable":true,"href":"https:\/\/cmykprinted.com\/sl\/wp-json\/wp\/v2\/media\/693"}],"wp:attachment":[{"href":"https:\/\/cmykprinted.com\/sl\/wp-json\/wp\/v2\/media?parent=692"}],"wp:term":[{"taxonomy":"product_cat","embeddable":true,"href":"https:\/\/cmykprinted.com\/sl\/wp-json\/wp\/v2\/product_cat?post=692"},{"taxonomy":"product_tag","embeddable":true,"href":"https:\/\/cmykprinted.com\/sl\/wp-json\/wp\/v2\/product_tag?post=692"}],"curies":[{"name":"wp","href":"https:\/\/api.w.org\/{rel}","templated":true}]}}