{"id":704,"date":"2022-12-29T12:00:11","date_gmt":"2022-12-29T12:00:11","guid":{"rendered":"https:\/\/cmykprinted.com\/?post_type=product&#038;p=704"},"modified":"2022-12-29T15:39:11","modified_gmt":"2022-12-29T15:39:11","slug":"40mm-hexagonal-folding-aluminum-frame-10x15ft-pop-up-tent","status":"publish","type":"product","link":"https:\/\/cmykprinted.com\/sl\/izdelek\/40mm-hexagonal-folding-aluminum-frame-10x15ft-pop-up-tent\/","title":{"rendered":"40 mm \u0161esterokotni zlo\u017eljivi aluminijast okvir 10x15ft pop-up \u0161otor"},"content":{"rendered":"","protected":false},"excerpt":{"rendered":"<p>Ta izsko\u010dna streha ima mo\u010dnej\u0161i okvir iz nadgrajene jeklene konstrukcije, z ve\u010djimi palicami in oja\u010danim pre\u010dnim nosilcem, ki meri 26 x 13 za dodatno mo\u010d in bolj\u0161o odpornost proti vetru. Jeklene noge imajo dve izvrtani luknji za ve\u010djo stabilnost. Sam nadstre\u0161ek je velik 10 \u00d7 15 \u010devljev in zagotavlja velikodu\u0161nih 150 kvadratnih metrov sence, primernih za sre\u010danja 8-13 ljudi. Uporablja se lahko tako v son\u010dnih kot v de\u017eevnih razmerah. Postavitev nadstre\u0161ka je enostavna, ne potrebuje nobenega orodja in ena oseba porabi le nekaj minut. Podporne cevi je mogo\u010de nastaviti na tri razli\u010dne ravni za dodatno vsestranskost. Baldahin je izdelan iz 300D poliestra s PU prevleko, ki blokira pribli\u017eno 99% UV \u017earkov in ima vodoodporne trakove. Nadstre\u0161ek je opremljen s celotnim kompletom dodatkov, vklju\u010dno z vre\u010do za valjanje, vre\u010dami peska, ozemljitvenimi \u010depi, najlonskimi vrvmi in trakovi. Ti dodatki in nadomestni deli so na voljo vse \u017eivljenje.<\/p>\n<div style=\"width: 1280px;\" class=\"wp-video\"><!--[if lt IE 9]><script>document.createElement('video');<\/script><![endif]--><br \/>\n<video class=\"wp-video-shortcode\" id=\"video-704-1\" width=\"1280\" height=\"720\" loop autoplay preload=\"auto\" controls=\"controls\"><source type=\"video\/mp4\" src=\"http:\/\/cmykprinted.com\/wp-content\/uploads\/2022\/12\/10x15ft-Pop-up-Tent.mp4?_=1\" \/><a href=\"http:\/\/cmykprinted.com\/wp-content\/uploads\/2022\/12\/10x15ft-Pop-up-Tent.mp4\">http:\/\/cmykprinted.com\/wp-content\/uploads\/2022\/12\/10x15ft-Pop-up-Tent.mp4<\/a><\/video><\/div>","protected":false},"featured_media":705,"template":"","meta":{"_kad_post_transparent":"default","_kad_post_title":"hide","_kad_post_layout":"fullwidth","_kad_post_sidebar_id":"","_kad_post_content_style":"unboxed","_kad_post_vertical_padding":"hide","_kad_post_feature":"hide","_kad_post_feature_position":"","_kad_post_header":false,"_kad_post_footer":false},"product_cat":[68,71,69],"product_tag":[179,180,182,181],"class_list":{"0":"post-704","1":"product","2":"type-product","3":"status-publish","4":"has-post-thumbnail","6":"product_cat-custom-canopy-tents","7":"product_cat-10x15ft-pop-up-tents","8":"product_cat-40mm-hexagon-aluminum-tents","9":"product_tag-10x15ft-pop-up-tent","10":"product_tag-40mm-hexagonal-pop-up-tent","11":"product_tag-aluminum-frame-pop-up-tent","12":"product_tag-folding-pop-up-tent","14":"first","15":"instock","16":"shipping-taxable","17":"product-type-simple","18":"entry","19":"content-bg","20":"loop-entry"},"_links":{"self":[{"href":"https:\/\/cmykprinted.com\/sl\/wp-json\/wp\/v2\/product\/704","targetHints":{"allow":["GET"]}}],"collection":[{"href":"https:\/\/cmykprinted.com\/sl\/wp-json\/wp\/v2\/product"}],"about":[{"href":"https:\/\/cmykprinted.com\/sl\/wp-json\/wp\/v2\/types\/product"}],"version-history":[{"count":3,"href":"https:\/\/cmykprinted.com\/sl\/wp-json\/wp\/v2\/product\/704\/revisions"}],"predecessor-version":[{"id":714,"href":"https:\/\/cmykprinted.com\/sl\/wp-json\/wp\/v2\/product\/704\/revisions\/714"}],"wp:featuredmedia":[{"embeddable":true,"href":"https:\/\/cmykprinted.com\/sl\/wp-json\/wp\/v2\/media\/705"}],"wp:attachment":[{"href":"https:\/\/cmykprinted.com\/sl\/wp-json\/wp\/v2\/media?parent=704"}],"wp:term":[{"taxonomy":"product_cat","embeddable":true,"href":"https:\/\/cmykprinted.com\/sl\/wp-json\/wp\/v2\/product_cat?post=704"},{"taxonomy":"product_tag","embeddable":true,"href":"https:\/\/cmykprinted.com\/sl\/wp-json\/wp\/v2\/product_tag?post=704"}],"curies":[{"name":"wp","href":"https:\/\/api.w.org\/{rel}","templated":true}]}}