{"id":723,"date":"2022-12-30T02:47:50","date_gmt":"2022-12-30T02:47:50","guid":{"rendered":"https:\/\/cmykprinted.com\/?post_type=product&#038;p=723"},"modified":"2022-12-30T03:52:19","modified_gmt":"2022-12-30T03:52:19","slug":"all-weather-outdoor-advertising-pvc-mesh-banner-printing","status":"publish","type":"product","link":"https:\/\/cmykprinted.com\/sl\/izdelek\/all-weather-outdoor-advertising-pvc-mesh-banner-printing\/","title":{"rendered":"All-weather Outdoor Advertising PVC Mesh Banner Printing"},"content":{"rendered":"","protected":false},"excerpt":{"rendered":"<p>Na\u0161 pas iz PVC mre\u017ee je visoko specializiran material, ki je bil zasnovan posebej za odpornost na mo\u010dne vetrove in druge te\u017eke zunanje pogoje. Perforacije v materialu prepu\u0161\u010dajo veter, kar zmanj\u0161uje tveganje po\u0161kodbe transparenta in zmanj\u0161uje mo\u017enosti, da bi ga strgali ali odnesli.<br \/>\nPoleg tega, da je odporen proti vetru, je pas iz PVC mre\u017ee tudi izjemno lahek, kar omogo\u010da enostavno namestitev in rokovanje. Zaradi tega je idealna izbira za \u0161iroko paleto posebnih aplikacij, kjer je potreben delno prozoren material, ki omogo\u010da prehod svetlobe, zvoka in zraka.<br \/>\nTako na\u0161i mre\u017easti transparenti kot transparenti Stage so natisnjeni na mre\u017easti PVC ali tkaninski AIRTEC material, oba pa sta perforirana po celotnem transparentu z zelo intenzivnim vzorcem majhnih lukenj. To zagotavlja, da odrski transparenti ohranijo svojo strukturno celovitost in vizualno privla\u010dnost tudi v najzahtevnej\u0161ih okoljih. Ne glede na to, ali potrebujete transparent za dogodek na prostem, sejem ali drugo posebno prilo\u017enost, so na\u0161i PVC mre\u017easti in odrski transparenti odli\u010dna izbira za vse va\u0161e potrebe glede transparentov.<\/p>\n<div style=\"width: 1280px;\" class=\"wp-video\"><!--[if lt IE 9]><script>document.createElement('video');<\/script><![endif]--><br \/>\n<video class=\"wp-video-shortcode\" id=\"video-723-1\" width=\"1280\" height=\"720\" loop autoplay preload=\"metadata\" controls=\"controls\"><source type=\"video\/mp4\" src=\"http:\/\/cmykprinted.com\/wp-content\/uploads\/2022\/12\/PVC-Mesh-Banner.mp4?_=1\" \/><a href=\"http:\/\/cmykprinted.com\/wp-content\/uploads\/2022\/12\/PVC-Mesh-Banner.mp4\">http:\/\/cmykprinted.com\/wp-content\/uploads\/2022\/12\/PVC-Mesh-Banner.mp4<\/a><\/video><\/div>","protected":false},"featured_media":724,"template":"","meta":{"_kad_post_transparent":"default","_kad_post_title":"hide","_kad_post_layout":"fullwidth","_kad_post_sidebar_id":"","_kad_post_content_style":"unboxed","_kad_post_vertical_padding":"hide","_kad_post_feature":"hide","_kad_post_feature_position":"","_kad_post_header":false,"_kad_post_footer":false},"product_cat":[85,90,91,89,88],"product_tag":[189,191,188,190,187],"class_list":{"0":"post-723","1":"product","2":"type-product","3":"status-publish","4":"has-post-thumbnail","6":"product_cat-outdoor-vinyl-banners","7":"product_cat-glossy-pvc-banners","8":"product_cat-matte-vinyl-banners","9":"product_cat-pvc-banners","10":"product_cat-pvc-mesh-banners","11":"product_tag-advertising-mesh-banner","12":"product_tag-all-weather-mesh-banner","13":"product_tag-mesh-banner-printing","14":"product_tag-outdoor-mesh-banner","15":"product_tag-pvc-mesh-banner","17":"first","18":"instock","19":"shipping-taxable","20":"product-type-simple","21":"entry","22":"content-bg","23":"loop-entry"},"_links":{"self":[{"href":"https:\/\/cmykprinted.com\/sl\/wp-json\/wp\/v2\/product\/723","targetHints":{"allow":["GET"]}}],"collection":[{"href":"https:\/\/cmykprinted.com\/sl\/wp-json\/wp\/v2\/product"}],"about":[{"href":"https:\/\/cmykprinted.com\/sl\/wp-json\/wp\/v2\/types\/product"}],"version-history":[{"count":2,"href":"https:\/\/cmykprinted.com\/sl\/wp-json\/wp\/v2\/product\/723\/revisions"}],"predecessor-version":[{"id":732,"href":"https:\/\/cmykprinted.com\/sl\/wp-json\/wp\/v2\/product\/723\/revisions\/732"}],"wp:featuredmedia":[{"embeddable":true,"href":"https:\/\/cmykprinted.com\/sl\/wp-json\/wp\/v2\/media\/724"}],"wp:attachment":[{"href":"https:\/\/cmykprinted.com\/sl\/wp-json\/wp\/v2\/media?parent=723"}],"wp:term":[{"taxonomy":"product_cat","embeddable":true,"href":"https:\/\/cmykprinted.com\/sl\/wp-json\/wp\/v2\/product_cat?post=723"},{"taxonomy":"product_tag","embeddable":true,"href":"https:\/\/cmykprinted.com\/sl\/wp-json\/wp\/v2\/product_tag?post=723"}],"curies":[{"name":"wp","href":"https:\/\/api.w.org\/{rel}","templated":true}]}}