{"id":733,"date":"2022-12-30T03:56:29","date_gmt":"2022-12-30T03:56:29","guid":{"rendered":"https:\/\/cmykprinted.com\/?post_type=product&#038;p=733"},"modified":"2022-12-30T04:21:48","modified_gmt":"2022-12-30T04:21:48","slug":"promotional-triangle-pop-up-banners-a-frame-pop-out-banners","status":"publish","type":"product","link":"https:\/\/cmykprinted.com\/sl\/izdelek\/promotional-triangle-pop-up-banners-a-frame-pop-out-banners\/","title":{"rendered":"Promocijske trikotne izsko\u010dne pasice A-okvir izsko\u010dne pasice"},"content":{"rendered":"","protected":false},"excerpt":{"rendered":"<p>Trikotne pojavne pasice so vsestranski in privla\u010den na\u010din za promocijo va\u0161ega podjetja ali blagovne znamke. Zasnovani so tako, da jih je enostavno namestiti in odstraniti, zaradi \u010desar so popolni za uporabo na sejmih, konferencah in drugih dogodkih. Ti transparenti so narejeni iz trpe\u017ene tkanine barve breskve, zato so lahki in enostavni za transport, prilo\u017eena pa jim je priro\u010dna torba za shranjevanje.<br \/>\nPoleg preproste uporabe so na\u0161e trikotne pojavne pasice tudi zelo u\u010dinkovite pri pritegovanju pozornosti. Ne glede na to, ali \u017eelite ogla\u0161evati lansiranje novega izdelka, prodajo ali prihajajo\u010di dogodek, so te pasice odli\u010den na\u010din, da pritegnete zanimanje ljudi za va\u0161e podjetje. Uporabljajo se lahko tako v zaprtih prostorih kot na prostem, njihovo vzmetno kovinsko jeklo in strojna oprema za zati\u010de pa omogo\u010data enostavno sestavljanje in razstavljanje.<br \/>\n\u010ce i\u0161\u010dete na\u010din, kako svoje poslovno ogla\u0161evanje dvigniti na vi\u0161jo raven, razmislite o nalo\u017ebi v trikotno pojavno pasico. So odli\u010den na\u010din, da pritegnete pozornost na svoje podjetje in naredite trajen vtis na potencialne stranke. In z na\u0161im iz\u010drpnim priro\u010dnikom za namestitev boste imeli vse, kar potrebujete za enostavno namestitev in odstranitev va\u0161e pasice. Ti transparenti so torej popolna izbira za vsako podjetje, ki \u017eeli narediti pe\u010dat na svojem naslednjem dogodku ali konferenci.<\/p>\n<div style=\"width: 1280px;\" class=\"wp-video\"><!--[if lt IE 9]><script>document.createElement('video');<\/script><![endif]--><br \/>\n<video class=\"wp-video-shortcode\" id=\"video-733-1\" width=\"1280\" height=\"720\" loop autoplay preload=\"metadata\" controls=\"controls\"><source type=\"video\/mp4\" src=\"http:\/\/cmykprinted.com\/wp-content\/uploads\/2022\/12\/Triangle-Pop-Up-Banners.mp4?_=1\" \/><a href=\"http:\/\/cmykprinted.com\/wp-content\/uploads\/2022\/12\/Triangle-Pop-Up-Banners.mp4\">http:\/\/cmykprinted.com\/wp-content\/uploads\/2022\/12\/Triangle-Pop-Up-Banners.mp4<\/a><\/video><\/div>","protected":false},"featured_media":734,"template":"","meta":{"_kad_post_transparent":"default","_kad_post_title":"hide","_kad_post_layout":"fullwidth","_kad_post_sidebar_id":"","_kad_post_content_style":"unboxed","_kad_post_vertical_padding":"hide","_kad_post_feature":"hide","_kad_post_feature_position":"","_kad_post_header":false,"_kad_post_footer":false},"product_cat":[92,95],"product_tag":[193,194,128,195,192],"class_list":{"0":"post-733","1":"product","2":"type-product","3":"status-publish","4":"has-post-thumbnail","6":"product_cat-pop-up-banners","7":"product_cat-triangle-pop-up-banners","8":"product_tag-a-frame-pop-out-banners","9":"product_tag-pop-out-banners","10":"product_tag-pop-up-banner","11":"product_tag-promotional-pop-up-banners","12":"product_tag-triangle-pop-up-banner","14":"first","15":"instock","16":"shipping-taxable","17":"product-type-simple","18":"entry","19":"content-bg","20":"loop-entry"},"_links":{"self":[{"href":"https:\/\/cmykprinted.com\/sl\/wp-json\/wp\/v2\/product\/733","targetHints":{"allow":["GET"]}}],"collection":[{"href":"https:\/\/cmykprinted.com\/sl\/wp-json\/wp\/v2\/product"}],"about":[{"href":"https:\/\/cmykprinted.com\/sl\/wp-json\/wp\/v2\/types\/product"}],"version-history":[{"count":3,"href":"https:\/\/cmykprinted.com\/sl\/wp-json\/wp\/v2\/product\/733\/revisions"}],"predecessor-version":[{"id":743,"href":"https:\/\/cmykprinted.com\/sl\/wp-json\/wp\/v2\/product\/733\/revisions\/743"}],"wp:featuredmedia":[{"embeddable":true,"href":"https:\/\/cmykprinted.com\/sl\/wp-json\/wp\/v2\/media\/734"}],"wp:attachment":[{"href":"https:\/\/cmykprinted.com\/sl\/wp-json\/wp\/v2\/media?parent=733"}],"wp:term":[{"taxonomy":"product_cat","embeddable":true,"href":"https:\/\/cmykprinted.com\/sl\/wp-json\/wp\/v2\/product_cat?post=733"},{"taxonomy":"product_tag","embeddable":true,"href":"https:\/\/cmykprinted.com\/sl\/wp-json\/wp\/v2\/product_tag?post=733"}],"curies":[{"name":"wp","href":"https:\/\/api.w.org\/{rel}","templated":true}]}}