{"id":744,"date":"2022-12-30T08:55:17","date_gmt":"2022-12-30T08:55:17","guid":{"rendered":"https:\/\/cmykprinted.com\/?post_type=product&#038;p=744"},"modified":"2022-12-30T12:44:27","modified_gmt":"2022-12-30T12:44:27","slug":"straight-tension-fabric-backdrop-media-wall-wholesale-price","status":"publish","type":"product","link":"https:\/\/cmykprinted.com\/sl\/izdelek\/straight-tension-fabric-backdrop-media-wall-wholesale-price\/","title":{"rendered":"Veleprodajna cena medijske stene z ozadjem iz ravne napete tkanine"},"content":{"rendered":"","protected":false},"excerpt":{"rendered":"<p>Na\u0161e najbolje prodajano ravno napeto ozadje iz tkanine je vsestransko in primerno za razli\u010dne namene, vklju\u010dno z uporabo kot ozadje v studiu, ozadje za oder ali dogodek, ozadje za fotokabine, ozadje za tiskovne konference, ozadje za podelitev nagrad in ozadje za rde\u010do preprogo. Z mo\u017enostjo, da na isti pasici vklju\u010dite dva razli\u010dna dizajna, lahko pove\u010date svojo vrednost in udobje transporta. Ozadje iz raztegljive tkanine je izdelano iz robustnega in prilagodljivega poliestra 100%, ki ga je mogo\u010de prati v pralnem stroju, potiskano z na\u0161im postopkom tiskanja blaga po meri, ki zagotavlja, da bo va\u0161 dizajn ostal \u017eivahen in jasen tudi po ve\u010dkratnem pranju in v vseh vremenskih razmerah. Na\u0161 postopek tiskanja je prav tako ekolo\u0161ko topilni, saj uporabljamo povsem naravna, biolo\u0161ko razgradljiva topila, ki so manj groba in varnej\u0161a za telo. Lahek in mo\u010dan aluminijast okvir je zasnovan tako, da podpira raztegljivost tkanine v dalj\u0161em \u010dasovnem obdobju, opremljen pa je s cevmi za zasko\u010dno zaklepanje za enostavno in hitro namestitev brez potrebe po dodatnem orodju. Stojalo je nastavljivo na va\u0161o \u017eeleno velikost in je opremljeno z vrtljivo trdo torbico za enostavno prena\u0161anje. Ozadje iz ravno napetega blaga je brezpla\u010dno odposlano v \u0161tirih do petih delovnih dneh.<\/p>\n<div style=\"width: 1280px;\" class=\"wp-video\"><!--[if lt IE 9]><script>document.createElement('video');<\/script><![endif]--><br \/>\n<video class=\"wp-video-shortcode\" id=\"video-744-1\" width=\"1280\" height=\"720\" loop autoplay preload=\"auto\" controls=\"controls\"><source type=\"video\/mp4\" src=\"http:\/\/cmykprinted.com\/wp-content\/uploads\/2022\/12\/Straight-Tension-Fabric-Backdrop.mp4?_=1\" \/><a href=\"http:\/\/cmykprinted.com\/wp-content\/uploads\/2022\/12\/Straight-Tension-Fabric-Backdrop.mp4\">http:\/\/cmykprinted.com\/wp-content\/uploads\/2022\/12\/Straight-Tension-Fabric-Backdrop.mp4<\/a><\/video><\/div>","protected":false},"featured_media":745,"template":"","meta":{"_kad_post_transparent":"default","_kad_post_title":"hide","_kad_post_layout":"fullwidth","_kad_post_sidebar_id":"","_kad_post_content_style":"unboxed","_kad_post_vertical_padding":"hide","_kad_post_feature":"hide","_kad_post_feature_position":"","_kad_post_header":false,"_kad_post_footer":false},"product_cat":[97,100],"product_tag":[196,197,198],"class_list":{"0":"post-744","1":"product","2":"type-product","3":"status-publish","4":"has-post-thumbnail","6":"product_cat-tension-fabric-displays","7":"product_cat-straight-tension-fabric-backdrop","8":"product_tag-straight-tension-fabric-backdrop","9":"product_tag-tension-fabric-backdrop","10":"product_tag-tension-fabric-media-wall","12":"first","13":"instock","14":"shipping-taxable","15":"product-type-simple","16":"entry","17":"content-bg","18":"loop-entry"},"_links":{"self":[{"href":"https:\/\/cmykprinted.com\/sl\/wp-json\/wp\/v2\/product\/744","targetHints":{"allow":["GET"]}}],"collection":[{"href":"https:\/\/cmykprinted.com\/sl\/wp-json\/wp\/v2\/product"}],"about":[{"href":"https:\/\/cmykprinted.com\/sl\/wp-json\/wp\/v2\/types\/product"}],"version-history":[{"count":4,"href":"https:\/\/cmykprinted.com\/sl\/wp-json\/wp\/v2\/product\/744\/revisions"}],"predecessor-version":[{"id":750,"href":"https:\/\/cmykprinted.com\/sl\/wp-json\/wp\/v2\/product\/744\/revisions\/750"}],"wp:featuredmedia":[{"embeddable":true,"href":"https:\/\/cmykprinted.com\/sl\/wp-json\/wp\/v2\/media\/745"}],"wp:attachment":[{"href":"https:\/\/cmykprinted.com\/sl\/wp-json\/wp\/v2\/media?parent=744"}],"wp:term":[{"taxonomy":"product_cat","embeddable":true,"href":"https:\/\/cmykprinted.com\/sl\/wp-json\/wp\/v2\/product_cat?post=744"},{"taxonomy":"product_tag","embeddable":true,"href":"https:\/\/cmykprinted.com\/sl\/wp-json\/wp\/v2\/product_tag?post=744"}],"curies":[{"name":"wp","href":"https:\/\/api.w.org\/{rel}","templated":true}]}}