{"id":751,"date":"2022-12-30T12:03:52","date_gmt":"2022-12-30T12:03:52","guid":{"rendered":"https:\/\/cmykprinted.com\/?post_type=product&#038;p=751"},"modified":"2022-12-30T12:39:33","modified_gmt":"2022-12-30T12:39:33","slug":"multipurpose-wholesale-adhesive-uv-transfer-stickers-labels","status":"publish","type":"product","link":"https:\/\/cmykprinted.com\/sl\/izdelek\/multipurpose-wholesale-adhesive-uv-transfer-stickers-labels\/","title":{"rendered":"Ve\u010dnamenske veleprodajne lepilne nalepke z UV prenosom"},"content":{"rendered":"","protected":false},"excerpt":{"rendered":"<p>UV prenosne nalepke s 3D stereo u\u010dinkom vam omogo\u010dajo ustvarjanje dizajnov po meri z lastnimi vzorci, logotipi in besedilom. Te nalepke so narejene iz paste za prenos UV, ki je znana po svojih mo\u010dnih lepilnih lastnostih in vodoodpornosti. Prav tako je odporen na praske, zaradi \u010desar je trpe\u017ena in dolgotrajna izbira za razli\u010dne povr\u0161ine. Vendar pa je pomembno upo\u0161tevati, da teh nalepk ne smete izpostavljati vro\u010di vodi ali segrevanju, saj lahko to vpliva na njihovo lepljivost.<br \/>\nTe nalepke je mogo\u010de uporabiti na najrazli\u010dnej\u0161ih povr\u0161inah, vklju\u010dno s kovino, plastiko, steklom, barvanimi povr\u0161inami, knjigami, kartonom, lesom, kartoni, smolnimi materiali, kerami\u010dnimi materiali, trdimi platnicami, peresi, trofejami, steklenicami, termovkami, bele\u017ekami, pisala in katerega koli drugega gladkega materiala. Nanesete jih lahko celo na va\u0161 avto, \u010de je povr\u0161ina pred uporabo \u010dista.<br \/>\nPoleg tega lahko te nalepke po meri izre\u017eete v poljubno \u017eeleno obliko s postopkom, imenovanim izrezovanje ali izrezovanje s poljubom. To vam omogo\u010da, da ustvarite edinstvene in prilagojene nalepke, ki jih lahko uporabite za razli\u010dne namene, kot so blagovna znamka, tr\u017eenje ali osebni izraz. Zato so te nalepke zelo vsestranske in jih je mogo\u010de uporabiti v \u0161tevilnih aplikacijah.<\/p>\n<div style=\"width: 1280px;\" class=\"wp-video\"><!--[if lt IE 9]><script>document.createElement('video');<\/script><![endif]--><br \/>\n<video class=\"wp-video-shortcode\" id=\"video-751-1\" width=\"1280\" height=\"720\" loop autoplay preload=\"auto\" controls=\"controls\"><source type=\"video\/mp4\" src=\"http:\/\/cmykprinted.com\/wp-content\/uploads\/2022\/12\/UV-transfer-stickers.mp4?_=1\" \/><a href=\"http:\/\/cmykprinted.com\/wp-content\/uploads\/2022\/12\/UV-transfer-stickers.mp4\">http:\/\/cmykprinted.com\/wp-content\/uploads\/2022\/12\/UV-transfer-stickers.mp4<\/a><\/video><\/div>","protected":false},"featured_media":752,"template":"","meta":{"_kad_post_transparent":"default","_kad_post_title":"hide","_kad_post_layout":"fullwidth","_kad_post_sidebar_id":"","_kad_post_content_style":"unboxed","_kad_post_vertical_padding":"hide","_kad_post_feature":"hide","_kad_post_feature_position":"","_kad_post_header":false,"_kad_post_footer":false},"product_cat":[101,103],"product_tag":[202,200,199,138,201],"class_list":{"0":"post-751","1":"product","2":"type-product","3":"status-publish","4":"has-post-thumbnail","6":"product_cat-transfer-stickers","7":"product_cat-uv-transfer-stickers","8":"product_tag-adhesive-transfer-stickers","9":"product_tag-multipurpose-transfer-stickers","10":"product_tag-uv-transfer-labels","11":"product_tag-uv-transfer-stickers","12":"product_tag-wholesale-transfer-stickers","14":"first","15":"instock","16":"shipping-taxable","17":"product-type-simple","18":"entry","19":"content-bg","20":"loop-entry"},"_links":{"self":[{"href":"https:\/\/cmykprinted.com\/sl\/wp-json\/wp\/v2\/product\/751","targetHints":{"allow":["GET"]}}],"collection":[{"href":"https:\/\/cmykprinted.com\/sl\/wp-json\/wp\/v2\/product"}],"about":[{"href":"https:\/\/cmykprinted.com\/sl\/wp-json\/wp\/v2\/types\/product"}],"version-history":[{"count":3,"href":"https:\/\/cmykprinted.com\/sl\/wp-json\/wp\/v2\/product\/751\/revisions"}],"predecessor-version":[{"id":761,"href":"https:\/\/cmykprinted.com\/sl\/wp-json\/wp\/v2\/product\/751\/revisions\/761"}],"wp:featuredmedia":[{"embeddable":true,"href":"https:\/\/cmykprinted.com\/sl\/wp-json\/wp\/v2\/media\/752"}],"wp:attachment":[{"href":"https:\/\/cmykprinted.com\/sl\/wp-json\/wp\/v2\/media?parent=751"}],"wp:term":[{"taxonomy":"product_cat","embeddable":true,"href":"https:\/\/cmykprinted.com\/sl\/wp-json\/wp\/v2\/product_cat?post=751"},{"taxonomy":"product_tag","embeddable":true,"href":"https:\/\/cmykprinted.com\/sl\/wp-json\/wp\/v2\/product_tag?post=751"}],"curies":[{"name":"wp","href":"https:\/\/api.w.org\/{rel}","templated":true}]}}