{"id":791,"date":"2022-12-31T06:57:00","date_gmt":"2022-12-31T06:57:00","guid":{"rendered":"https:\/\/cmykprinted.com\/?post_type=product&#038;p=791"},"modified":"2022-12-31T07:06:35","modified_gmt":"2022-12-31T07:06:35","slug":"wall-mounted-promotional-flags-end-sign-flags-custom-printed","status":"publish","type":"product","link":"https:\/\/cmykprinted.com\/sl\/izdelek\/wall-mounted-promotional-flags-end-sign-flags-custom-printed\/","title":{"rendered":"Stenske promocijske zastave Zastave za kon\u010dne napise, natisnjene po meri"},"content":{"rendered":"","protected":false},"excerpt":{"rendered":"<p>Na\u0161e stenske promocijske zastave so natisnjene na trden, trpe\u017een PVC material za transparente in obdelane z UV \u010drnilom za dolgo \u017eivljenjsko dobo na prostem. Te zastave, ki merijo 430 mm v \u0161irino in 355 mm na eni strani ter 560 mm na drugi strani, so izdelane iz mo\u010dnega, a pro\u017enega belega PVC-ja in imajo 750 mm dolg drog za zastavo. Sto\u017e\u010dasta vti\u010dnica zagotavlja varen oprijem droga in prepre\u010duje izgubo zastave v vetrovnih razmerah. Te zastave je mogo\u010de preprosto priviti na stene in so opremljene s kompletom, ki vklju\u010duje nosilec iz polipropilena, drog iz PVC-ja, zaklju\u010dek in ovratnik. Ponujamo tudi navadne &#039;zastavice&#039; iz 780 g\/m2 oja\u010danega PVC-ja s svetlobnimi bloki, ki so primerne za vinilne aplikacije in jih je mogo\u010de natisniti po naro\u010dilu. Na voljo so tudi zastave po meri. Vse na\u0161e zastave so izdelane iz izjemno trdnih medijev in \u0161ivov iz poliestra za pomorsko kakovost za najbolj\u0161e delovanje na prostem.<\/p>","protected":false},"featured_media":792,"template":"","meta":{"_kad_post_transparent":"default","_kad_post_title":"hide","_kad_post_layout":"fullwidth","_kad_post_sidebar_id":"","_kad_post_content_style":"unboxed","_kad_post_vertical_padding":"hide","_kad_post_feature":"hide","_kad_post_feature_position":"","_kad_post_header":false,"_kad_post_footer":false},"product_cat":[79],"product_tag":[215,213,214,212],"class_list":{"0":"post-791","1":"product","2":"type-product","3":"status-publish","4":"has-post-thumbnail","6":"product_cat-custom-flags","7":"product_tag-custom-promotional-flags","8":"product_tag-end-sign-flags","9":"product_tag-promotional-flags","10":"product_tag-wall-mounted-promotional-flags","12":"first","13":"instock","14":"shipping-taxable","15":"product-type-simple","16":"entry","17":"content-bg","18":"loop-entry"},"_links":{"self":[{"href":"https:\/\/cmykprinted.com\/sl\/wp-json\/wp\/v2\/product\/791","targetHints":{"allow":["GET"]}}],"collection":[{"href":"https:\/\/cmykprinted.com\/sl\/wp-json\/wp\/v2\/product"}],"about":[{"href":"https:\/\/cmykprinted.com\/sl\/wp-json\/wp\/v2\/types\/product"}],"version-history":[{"count":3,"href":"https:\/\/cmykprinted.com\/sl\/wp-json\/wp\/v2\/product\/791\/revisions"}],"predecessor-version":[{"id":799,"href":"https:\/\/cmykprinted.com\/sl\/wp-json\/wp\/v2\/product\/791\/revisions\/799"}],"wp:featuredmedia":[{"embeddable":true,"href":"https:\/\/cmykprinted.com\/sl\/wp-json\/wp\/v2\/media\/792"}],"wp:attachment":[{"href":"https:\/\/cmykprinted.com\/sl\/wp-json\/wp\/v2\/media?parent=791"}],"wp:term":[{"taxonomy":"product_cat","embeddable":true,"href":"https:\/\/cmykprinted.com\/sl\/wp-json\/wp\/v2\/product_cat?post=791"},{"taxonomy":"product_tag","embeddable":true,"href":"https:\/\/cmykprinted.com\/sl\/wp-json\/wp\/v2\/product_tag?post=791"}],"curies":[{"name":"wp","href":"https:\/\/api.w.org\/{rel}","templated":true}]}}