{"id":818,"date":"2022-12-31T14:04:19","date_gmt":"2022-12-31T14:04:19","guid":{"rendered":"https:\/\/cmykprinted.com\/?post_type=product&#038;p=818"},"modified":"2022-12-31T14:16:24","modified_gmt":"2022-12-31T14:16:24","slug":"vertical-pop-up-banners-for-promotional-outdoor-advertising","status":"publish","type":"product","link":"https:\/\/cmykprinted.com\/sl\/izdelek\/vertical-pop-up-banners-for-promotional-outdoor-advertising\/","title":{"rendered":"Navpi\u010dne pojavne pasice za promocijsko ogla\u0161evanje na prostem"},"content":{"rendered":"","protected":false},"excerpt":{"rendered":"<p>Navpi\u010dne pojavne pasice so odli\u010dna alternativa tradicionalnim oblikam A-okvirja, saj ponujajo veliko ve\u010d natisljive povr\u0161ine. Ti transparenti so oblikovani tako, da jih je enostavno preva\u017eati, postavljati in sneti, zaradi \u010desar so priro\u010dna izbira za dogodke, sejme in druge prilo\u017enosti. Primerni so tudi za notranjo in zunanjo uporabo in so opremljeni s \u0161tirimi bru\u0161enimi konicami za dodatno stabilnost.<br \/>\nEna od klju\u010dnih prednosti navpi\u010dnih pojavnih pasic je, da so enodelna enota, kar pomeni, da sta stojalo in grafika zdru\u017eena v eni sami enoti. Tako jih je enostavno premikati in prena\u0161ati, saj vam ni treba skrbeti za lo\u010dene kose. Sama grafika je natisnjena na visokokakovostno poli satensko tkanino, ki je gladka, trpe\u017ena in jo je enostavno zlo\u017eiti za po\u0161iljanje.<br \/>\nV vsaki konfiguraciji so na voljo razli\u010dne velikosti, tako da lahko izberete tisto, ki najbolj ustreza va\u0161im potrebam. Poleg tega je vedno prilo\u017eena torba po meri, ki olaj\u0161a shranjevanje in prena\u0161anje va\u0161ega transparenta z enega dogodka na drugega. Na splo\u0161no so navpi\u010dne pojavne pasice vsestranski, priro\u010den in u\u010dinkovit na\u010din za prikaz va\u0161e blagovne znamke ali sporo\u010dila v velikem obsegu.<\/p>\n<div style=\"width: 1290px;\" class=\"wp-video\"><!--[if lt IE 9]><script>document.createElement('video');<\/script><![endif]--><br \/>\n<video class=\"wp-video-shortcode\" id=\"video-818-1\" width=\"1290\" height=\"726\" loop autoplay preload=\"auto\" controls=\"controls\"><source type=\"video\/mp4\" src=\"http:\/\/cmykprinted.com\/wp-content\/uploads\/2022\/12\/horizontal-pop-up-banners.mp4?_=1\" \/><a href=\"http:\/\/cmykprinted.com\/wp-content\/uploads\/2022\/12\/horizontal-pop-up-banners.mp4\">http:\/\/cmykprinted.com\/wp-content\/uploads\/2022\/12\/horizontal-pop-up-banners.mp4<\/a><\/video><\/div>\n<p>&nbsp;<\/p>","protected":false},"featured_media":819,"template":"","meta":{"_kad_post_transparent":"default","_kad_post_title":"hide","_kad_post_layout":"fullwidth","_kad_post_sidebar_id":"","_kad_post_content_style":"unboxed","_kad_post_vertical_padding":"hide","_kad_post_feature":"hide","_kad_post_feature_position":"","_kad_post_header":false,"_kad_post_footer":false},"product_cat":[92,96],"product_tag":[224,167,225,166,195,223],"class_list":{"0":"post-818","1":"product","2":"type-product","3":"status-publish","4":"has-post-thumbnail","6":"product_cat-pop-up-banners","7":"product_cat-vertical-pop-up-banners","8":"product_tag-advertising-pop-up-banners","9":"product_tag-custom-pop-up-banners","10":"product_tag-outdoor-pop-up-banners","11":"product_tag-pop-up-banners","12":"product_tag-promotional-pop-up-banners","13":"product_tag-vertical-pop-up-banners","15":"first","16":"instock","17":"shipping-taxable","18":"product-type-simple","19":"entry","20":"content-bg","21":"loop-entry"},"_links":{"self":[{"href":"https:\/\/cmykprinted.com\/sl\/wp-json\/wp\/v2\/product\/818","targetHints":{"allow":["GET"]}}],"collection":[{"href":"https:\/\/cmykprinted.com\/sl\/wp-json\/wp\/v2\/product"}],"about":[{"href":"https:\/\/cmykprinted.com\/sl\/wp-json\/wp\/v2\/types\/product"}],"version-history":[{"count":1,"href":"https:\/\/cmykprinted.com\/sl\/wp-json\/wp\/v2\/product\/818\/revisions"}],"predecessor-version":[{"id":825,"href":"https:\/\/cmykprinted.com\/sl\/wp-json\/wp\/v2\/product\/818\/revisions\/825"}],"wp:featuredmedia":[{"embeddable":true,"href":"https:\/\/cmykprinted.com\/sl\/wp-json\/wp\/v2\/media\/819"}],"wp:attachment":[{"href":"https:\/\/cmykprinted.com\/sl\/wp-json\/wp\/v2\/media?parent=818"}],"wp:term":[{"taxonomy":"product_cat","embeddable":true,"href":"https:\/\/cmykprinted.com\/sl\/wp-json\/wp\/v2\/product_cat?post=818"},{"taxonomy":"product_tag","embeddable":true,"href":"https:\/\/cmykprinted.com\/sl\/wp-json\/wp\/v2\/product_tag?post=818"}],"curies":[{"name":"wp","href":"https:\/\/api.w.org\/{rel}","templated":true}]}}