{"id":842,"date":"2023-01-01T06:44:35","date_gmt":"2023-01-01T06:44:35","guid":{"rendered":"https:\/\/cmykprinted.com\/?post_type=product&#038;p=842"},"modified":"2023-01-01T06:50:35","modified_gmt":"2023-01-01T06:50:35","slug":"rectangle-flag-banners-with-custom-printing-fast-delivery","status":"publish","type":"product","link":"https:\/\/cmykprinted.com\/sl\/izdelek\/rectangle-flag-banners-with-custom-printing-fast-delivery\/","title":{"rendered":"Pravokotne zastave s tiskanjem po meri in hitro dostavo"},"content":{"rendered":"","protected":false},"excerpt":{"rendered":"<p>\u010ce \u017eelite s svojo naslednjo promocijo ali dogodkom narediti velik vpliv, razmislite o tiskanju pravokotnih zastavic po meri z va\u0161im logotipom ali dizajnom po va\u0161i izbiri. Ti transparenti so na voljo v treh velikostih \u2013 5 ft, 8 ft ali 11 ft \u2013 tako da lahko izberete mo\u017enost, ki najbolj ustreza va\u0161im potrebam. Ko je ve\u010d zastav postavljenih v vrsto, ustvarijo ogromen in vizualno impresiven zaslon, ki bo va\u0161emu dogodku dal \u010disto, profesionalno in vznemirljivo vzdu\u0161je.<br \/>\nEna od odli\u010dnih stvari teh pravokotnih transparentov je, da je tisk po meri na sprednji strani viden na hrbtni strani v formatu zrcalne slike. To pomeni, da jih lahko uporabljate v razli\u010dnih nastavitvah in je va\u0161e sporo\u010dilo \u0161e vedno vidno prikazano. Poleg tega je dvostransko tiskanje na voljo za tiste, ki \u017eelijo prena\u0161ati dvojna sporo\u010dila.<br \/>\nZa\u010deti s svojo pravokotno pasico po meri je enostavno \u2013 preprosto nalo\u017eite svoj logotip ali dizajn po zgornjih navodilih ali prenesite spodnjo umetni\u0161ko predlogo in ustvarite svojo datoteko za nalaganje in nakup. Z na\u0161im visokokakovostnim tiskom in pozornostjo do detajlov ste lahko prepri\u010dani, da bo va\u0161 transparent s pravokotno zastavo naredil trajen vtis na va\u0161e ob\u010dinstvo.<\/p>\n<div style=\"width: 1280px;\" class=\"wp-video\"><!--[if lt IE 9]><script>document.createElement('video');<\/script><![endif]--><br \/>\n<video class=\"wp-video-shortcode\" id=\"video-842-1\" width=\"1280\" height=\"720\" loop autoplay preload=\"metadata\" controls=\"controls\"><source type=\"video\/mp4\" src=\"http:\/\/cmykprinted.com\/wp-content\/uploads\/2022\/12\/Feather-beach-flags.mp4?_=1\" \/><a href=\"http:\/\/cmykprinted.com\/wp-content\/uploads\/2022\/12\/Feather-beach-flags.mp4\">http:\/\/cmykprinted.com\/wp-content\/uploads\/2022\/12\/Feather-beach-flags.mp4<\/a><\/video><\/div>","protected":false},"featured_media":843,"template":"","meta":{"_kad_post_transparent":"default","_kad_post_title":"hide","_kad_post_layout":"fullwidth","_kad_post_sidebar_id":"","_kad_post_content_style":"unboxed","_kad_post_vertical_padding":"hide","_kad_post_feature":"hide","_kad_post_feature_position":"","_kad_post_header":false,"_kad_post_footer":false},"product_cat":[64,66],"product_tag":[236,235,234],"class_list":{"0":"post-842","1":"product","2":"type-product","3":"status-publish","4":"has-post-thumbnail","6":"product_cat-beach-flags","7":"product_cat-rectangular-flags-banners","8":"product_tag-custom-rectangle-banners","9":"product_tag-custom-rectangle-flag","10":"product_tag-rectangle-flag-banners","12":"first","13":"instock","14":"shipping-taxable","15":"product-type-simple","16":"entry","17":"content-bg","18":"loop-entry"},"_links":{"self":[{"href":"https:\/\/cmykprinted.com\/sl\/wp-json\/wp\/v2\/product\/842","targetHints":{"allow":["GET"]}}],"collection":[{"href":"https:\/\/cmykprinted.com\/sl\/wp-json\/wp\/v2\/product"}],"about":[{"href":"https:\/\/cmykprinted.com\/sl\/wp-json\/wp\/v2\/types\/product"}],"version-history":[{"count":1,"href":"https:\/\/cmykprinted.com\/sl\/wp-json\/wp\/v2\/product\/842\/revisions"}],"predecessor-version":[{"id":848,"href":"https:\/\/cmykprinted.com\/sl\/wp-json\/wp\/v2\/product\/842\/revisions\/848"}],"wp:featuredmedia":[{"embeddable":true,"href":"https:\/\/cmykprinted.com\/sl\/wp-json\/wp\/v2\/media\/843"}],"wp:attachment":[{"href":"https:\/\/cmykprinted.com\/sl\/wp-json\/wp\/v2\/media?parent=842"}],"wp:term":[{"taxonomy":"product_cat","embeddable":true,"href":"https:\/\/cmykprinted.com\/sl\/wp-json\/wp\/v2\/product_cat?post=842"},{"taxonomy":"product_tag","embeddable":true,"href":"https:\/\/cmykprinted.com\/sl\/wp-json\/wp\/v2\/product_tag?post=842"}],"curies":[{"name":"wp","href":"https:\/\/api.w.org\/{rel}","templated":true}]}}