{"id":849,"date":"2023-01-01T07:11:40","date_gmt":"2023-01-01T07:11:40","guid":{"rendered":"https:\/\/cmykprinted.com\/?post_type=product&#038;p=849"},"modified":"2023-01-01T07:22:48","modified_gmt":"2023-01-01T07:22:48","slug":"custom-small-instant-5x5ft-pop-up-canopy-tents-wholesale","status":"publish","type":"product","link":"https:\/\/cmykprinted.com\/sl\/izdelek\/custom-small-instant-5x5ft-pop-up-canopy-tents-wholesale\/","title":{"rendered":"Veleprodaja majhnih takoj\u0161njih 5x5ft pop-up \u0161otorov z baldahinom"},"content":{"rendered":"","protected":false},"excerpt":{"rendered":"<p>\u010ce i\u0161\u010dete zmogljivo promocijsko orodje, ki ga je enostavno postaviti in prilagoditi, je 5x5ft velik \u0161otor z nadstre\u0161kom odli\u010dna izbira. Ta \u0161otor je zasnovan tako, da naredi vtis, saj se pona\u0161a z visokokakovostnim aluminijastim okvirjem z do\u017eivljenjsko garancijo, popolnoma prilagojenim zgornjim delom in mo\u017enostjo dodajanja hrbta in stranic za \u0161e ve\u010djo vidljivost.<br \/>\nPojavna zasnova tega \u0161otora omogo\u010da neverjetno enostavno postavitev, tako da lahko takoj za\u010dnete prikazovati svoje sporo\u010dilo. Ne glede na to, ali ga uporabljate na sejmu, dogodku na prostem ali katerem koli drugem promocijskem okolju, bo ta \u0161otor zagotovo pritegnil pozornost va\u0161e ciljne publike in vam pomagal izstopati pred konkurenco.<br \/>\nZakaj torej \u010dakati? Investirajte v 5x5ft \u0161otor s pop-up baldahinom \u0161e danes in za\u010dnite promovirati svoje podjetje ali dogodek v stilu!<\/p>\n<div style=\"width: 1280px;\" class=\"wp-video\"><!--[if lt IE 9]><script>document.createElement('video');<\/script><![endif]--><br \/>\n<video class=\"wp-video-shortcode\" id=\"video-849-1\" width=\"1280\" height=\"720\" loop autoplay preload=\"auto\" controls=\"controls\"><source type=\"video\/mp4\" src=\"http:\/\/cmykprinted.com\/wp-content\/uploads\/2022\/12\/10x20ft-Pop-Up-Canopies.mp4?_=1\" \/><a href=\"http:\/\/cmykprinted.com\/wp-content\/uploads\/2022\/12\/10x20ft-Pop-Up-Canopies.mp4\">http:\/\/cmykprinted.com\/wp-content\/uploads\/2022\/12\/10x20ft-Pop-Up-Canopies.mp4<\/a><\/video><\/div>","protected":false},"featured_media":850,"template":"","meta":{"_kad_post_transparent":"default","_kad_post_title":"hide","_kad_post_layout":"fullwidth","_kad_post_sidebar_id":"","_kad_post_content_style":"unboxed","_kad_post_vertical_padding":"hide","_kad_post_feature":"hide","_kad_post_feature_position":"","_kad_post_header":false,"_kad_post_footer":false},"product_cat":[68,69,73],"product_tag":[238,237,239,240],"class_list":{"0":"post-849","1":"product","2":"type-product","3":"status-publish","4":"has-post-thumbnail","6":"product_cat-custom-canopy-tents","7":"product_cat-40mm-hexagon-aluminum-tents","8":"product_cat-5x5ft-custom-pop-up-canopies","9":"product_tag-5x5ft-canopy-tents","10":"product_tag-5x5ft-pop-up-canopy-tents","11":"product_tag-custom-pop-up-canopy-tents","12":"product_tag-small-pop-up-canopy-tents","14":"first","15":"instock","16":"shipping-taxable","17":"product-type-simple","18":"entry","19":"content-bg","20":"loop-entry"},"_links":{"self":[{"href":"https:\/\/cmykprinted.com\/sl\/wp-json\/wp\/v2\/product\/849","targetHints":{"allow":["GET"]}}],"collection":[{"href":"https:\/\/cmykprinted.com\/sl\/wp-json\/wp\/v2\/product"}],"about":[{"href":"https:\/\/cmykprinted.com\/sl\/wp-json\/wp\/v2\/types\/product"}],"version-history":[{"count":1,"href":"https:\/\/cmykprinted.com\/sl\/wp-json\/wp\/v2\/product\/849\/revisions"}],"predecessor-version":[{"id":857,"href":"https:\/\/cmykprinted.com\/sl\/wp-json\/wp\/v2\/product\/849\/revisions\/857"}],"wp:featuredmedia":[{"embeddable":true,"href":"https:\/\/cmykprinted.com\/sl\/wp-json\/wp\/v2\/media\/850"}],"wp:attachment":[{"href":"https:\/\/cmykprinted.com\/sl\/wp-json\/wp\/v2\/media?parent=849"}],"wp:term":[{"taxonomy":"product_cat","embeddable":true,"href":"https:\/\/cmykprinted.com\/sl\/wp-json\/wp\/v2\/product_cat?post=849"},{"taxonomy":"product_tag","embeddable":true,"href":"https:\/\/cmykprinted.com\/sl\/wp-json\/wp\/v2\/product_tag?post=849"}],"curies":[{"name":"wp","href":"https:\/\/api.w.org\/{rel}","templated":true}]}}