{"id":858,"date":"2023-01-01T07:50:37","date_gmt":"2023-01-01T07:50:37","guid":{"rendered":"https:\/\/cmykprinted.com\/?post_type=product&#038;p=858"},"modified":"2023-01-01T07:57:12","modified_gmt":"2023-01-01T07:57:12","slug":"custom-branded-promotional-hand-held-stick-flags-printing","status":"publish","type":"product","link":"https:\/\/cmykprinted.com\/sl\/izdelek\/custom-branded-promotional-hand-held-stick-flags-printing\/","title":{"rendered":"Tiskanje promocijskih ro\u010dnih zastav z blagovno znamko po meri"},"content":{"rendered":"","protected":false},"excerpt":{"rendered":"<p>Ro\u010dne zastavice so priljubljena izbira za podjetja in organizacije, ki \u017eelijo pove\u010dati prepoznavnost blagovne znamke in sodelovati s svojo ciljno publiko na paradah, \u0161portnih dogodkih in drugih sre\u010danjih na prostem. Te zastave so \u0161e posebej priljubljene pri otrocih in drugih udele\u017eencih, ki z veseljem mahajo z njimi in izkazujejo svojo podporo dolo\u010denemu cilju ali ekipi.<br \/>\nEna od klju\u010dnih prodajnih to\u010dk ro\u010dnih zastavic je velika povr\u0161ina za blagovno znamko, ki podjetjem omogo\u010da, da izkoristijo vsak milimeter prikazanega prostora, razen belega traku okoli name\u0161\u010dene palice. To zagotavlja dovolj prostora za podjetja, da predstavijo identiteto svoje blagovne znamke, logotip in sporo\u010dilo, kar zagotavlja, da jih vidi veliko in dojemljivo ob\u010dinstvo.<br \/>\nPoleg tega, da so u\u010dinkovito marketin\u0161ko orodje, so ro\u010dne zastavice tudi cenovno ugodna izbira za podjetja in organizacije, ki \u017eelijo promovirati svojo blagovno znamko. Narejeni so iz trpe\u017enih materialov, kot sta poliester ali najlon, in imajo leseno ali plasti\u010dno palico za enostavno mahanje. Te zastave so lahke in enostavne za prena\u0161anje, zaradi \u010desar so prakti\u010dna izbira za dogodke na prostem.<br \/>\nNa splo\u0161no so ro\u010dne zastavice stro\u0161kovno u\u010dinkovito in interaktivno marketin\u0161ko orodje, ki se lahko uporablja za promocijo identitete blagovne znamke in pove\u010danje prepoznavnosti na razli\u010dnih dogodkih.<\/p>\n<div style=\"width: 1290px;\" class=\"wp-video\"><!--[if lt IE 9]><script>document.createElement('video');<\/script><![endif]--><br \/>\n<video class=\"wp-video-shortcode\" id=\"video-858-1\" width=\"1290\" height=\"726\" loop autoplay preload=\"auto\" controls=\"controls\"><source type=\"video\/mp4\" src=\"http:\/\/cmykprinted.com\/wp-content\/uploads\/2022\/12\/Custom-Printed-Hand-Flags.mp4?_=1\" \/><a href=\"http:\/\/cmykprinted.com\/wp-content\/uploads\/2022\/12\/Custom-Printed-Hand-Flags.mp4\">http:\/\/cmykprinted.com\/wp-content\/uploads\/2022\/12\/Custom-Printed-Hand-Flags.mp4<\/a><\/video><\/div>\n<p>&nbsp;<\/p>","protected":false},"featured_media":859,"template":"","meta":{"_kad_post_transparent":"default","_kad_post_title":"hide","_kad_post_layout":"fullwidth","_kad_post_sidebar_id":"","_kad_post_content_style":"unboxed","_kad_post_vertical_padding":"hide","_kad_post_feature":"hide","_kad_post_feature_position":"","_kad_post_header":false,"_kad_post_footer":false},"product_cat":[79],"product_tag":[153,243,241,242],"class_list":{"0":"post-858","1":"product","2":"type-product","3":"status-publish","4":"has-post-thumbnail","6":"product_cat-custom-flags","7":"product_tag-custom-hand-flags","8":"product_tag-hand-flags-printing","9":"product_tag-hand-held-stick-flags","10":"product_tag-promotional-hand-flags","12":"first","13":"instock","14":"shipping-taxable","15":"product-type-simple","16":"entry","17":"content-bg","18":"loop-entry"},"_links":{"self":[{"href":"https:\/\/cmykprinted.com\/sl\/wp-json\/wp\/v2\/product\/858","targetHints":{"allow":["GET"]}}],"collection":[{"href":"https:\/\/cmykprinted.com\/sl\/wp-json\/wp\/v2\/product"}],"about":[{"href":"https:\/\/cmykprinted.com\/sl\/wp-json\/wp\/v2\/types\/product"}],"version-history":[{"count":2,"href":"https:\/\/cmykprinted.com\/sl\/wp-json\/wp\/v2\/product\/858\/revisions"}],"predecessor-version":[{"id":865,"href":"https:\/\/cmykprinted.com\/sl\/wp-json\/wp\/v2\/product\/858\/revisions\/865"}],"wp:featuredmedia":[{"embeddable":true,"href":"https:\/\/cmykprinted.com\/sl\/wp-json\/wp\/v2\/media\/859"}],"wp:attachment":[{"href":"https:\/\/cmykprinted.com\/sl\/wp-json\/wp\/v2\/media?parent=858"}],"wp:term":[{"taxonomy":"product_cat","embeddable":true,"href":"https:\/\/cmykprinted.com\/sl\/wp-json\/wp\/v2\/product_cat?post=858"},{"taxonomy":"product_tag","embeddable":true,"href":"https:\/\/cmykprinted.com\/sl\/wp-json\/wp\/v2\/product_tag?post=858"}],"curies":[{"name":"wp","href":"https:\/\/api.w.org\/{rel}","templated":true}]}}