{"id":866,"date":"2023-01-01T08:19:36","date_gmt":"2023-01-01T08:19:36","guid":{"rendered":"https:\/\/cmykprinted.com\/?post_type=product&#038;p=866"},"modified":"2023-01-01T08:25:52","modified_gmt":"2023-01-01T08:25:52","slug":"promotional-advertising-color-printing-custom-table-runner","status":"publish","type":"product","link":"https:\/\/cmykprinted.com\/sl\/izdelek\/promotional-advertising-color-printing-custom-table-runner\/","title":{"rendered":"Promocijsko ogla\u0161evanje, barvni tisk, namizni teka\u010d po meri"},"content":{"rendered":"","protected":false},"excerpt":{"rendered":"<p>Potrebujete visokokakovostne namizne teka\u010de po meri za va\u0161 naslednji dogodek ali sejem? Ne i\u0161\u010dite ve\u010d! V na\u0161i tovarni ponujamo vrhunske mizne pregrinjala, ki so kot nala\u0161\u010d za osebne in poslovne dogodke. Na\u0161i namizni teka\u010di so izdelani iz kakovostne poliestrske tkanine in imajo polno barvni, 1440DPI, sublimacijski tisk, ki zagotavlja, da so dolgotrajni in u\u010dinkoviti pri ogla\u0161evanju va\u0161ega podjetja ali promociji va\u0161ega logotipa.<br \/>\nTi teka\u010di po meri so odli\u010den na\u010din za blagovno znamko va\u0161ega podjetja ali kateri koli mizi dodate pridih dekorja in elegance. Na voljo so v vnaprej dolo\u010denih dimenzijah 2&#039;x7,5&#039; ali pa izberete mo\u017enost velikosti po meri, da dobite natan\u010dno velikost, ki jo potrebujete. Preprosto jih polo\u017eite na trdno mizno pregrinjalo, da svojemu dogodku dodate profesionalen in koheziven videz.<br \/>\nNe glede na to, ali sodelujete na sejmu, gostite konferenco ali na\u010drtujete zbiranje sredstev, so namizni teka\u010di po meri odli\u010dna izbira za u\u010dinkovito promocijo va\u0161e blagovne znamke in naredite trajen vtis. Ne zamudite te prilo\u017enosti, da svojemu dogodku dodate kakovosten in profesionalen pridih.<\/p>","protected":false},"featured_media":867,"template":"","meta":{"_kad_post_transparent":"default","_kad_post_title":"hide","_kad_post_layout":"fullwidth","_kad_post_sidebar_id":"","_kad_post_content_style":"unboxed","_kad_post_vertical_padding":"hide","_kad_post_feature":"hide","_kad_post_feature_position":"","_kad_post_header":false,"_kad_post_footer":false},"product_cat":[80,82],"product_tag":[246,244,245],"class_list":{"0":"post-866","1":"product","2":"type-product","3":"status-publish","4":"has-post-thumbnail","6":"product_cat-custom-tablecloth","7":"product_cat-custom-table-runner","8":"product_tag-advertising-table-runner","9":"product_tag-custom-table-runner","10":"product_tag-promotional-table-runner","12":"first","13":"instock","14":"shipping-taxable","15":"product-type-simple","16":"entry","17":"content-bg","18":"loop-entry"},"_links":{"self":[{"href":"https:\/\/cmykprinted.com\/sl\/wp-json\/wp\/v2\/product\/866","targetHints":{"allow":["GET"]}}],"collection":[{"href":"https:\/\/cmykprinted.com\/sl\/wp-json\/wp\/v2\/product"}],"about":[{"href":"https:\/\/cmykprinted.com\/sl\/wp-json\/wp\/v2\/types\/product"}],"version-history":[{"count":2,"href":"https:\/\/cmykprinted.com\/sl\/wp-json\/wp\/v2\/product\/866\/revisions"}],"predecessor-version":[{"id":874,"href":"https:\/\/cmykprinted.com\/sl\/wp-json\/wp\/v2\/product\/866\/revisions\/874"}],"wp:featuredmedia":[{"embeddable":true,"href":"https:\/\/cmykprinted.com\/sl\/wp-json\/wp\/v2\/media\/867"}],"wp:attachment":[{"href":"https:\/\/cmykprinted.com\/sl\/wp-json\/wp\/v2\/media?parent=866"}],"wp:term":[{"taxonomy":"product_cat","embeddable":true,"href":"https:\/\/cmykprinted.com\/sl\/wp-json\/wp\/v2\/product_cat?post=866"},{"taxonomy":"product_tag","embeddable":true,"href":"https:\/\/cmykprinted.com\/sl\/wp-json\/wp\/v2\/product_tag?post=866"}],"curies":[{"name":"wp","href":"https:\/\/api.w.org\/{rel}","templated":true}]}}