{"id":921,"date":"2023-01-13T13:12:06","date_gmt":"2023-01-13T13:12:06","guid":{"rendered":"https:\/\/cmykprinted.com\/?post_type=product&#038;p=921"},"modified":"2023-01-13T13:59:27","modified_gmt":"2023-01-13T13:59:27","slug":"promotional-5-x-5-pop-up-tent-outdoor-indoor-canopy-tent","status":"publish","type":"product","link":"https:\/\/cmykprinted.com\/sl\/izdelek\/promotional-5-x-5-pop-up-tent-outdoor-indoor-canopy-tent\/","title":{"rendered":"Promocijski \u0161otor s kro\u0161njami velikosti 1,5 x 1,5 m, zunanji in notranji"},"content":{"rendered":"","protected":false},"excerpt":{"rendered":"<p>Ta zlo\u017eljivi \u0161otor 5\u00d75 je popolna re\u0161itev za zagotavljanje sence in zavetja na va\u0161i razprodaji na plo\u010dniku, stojnici na kmetijski tr\u017enici ali prireditvi na prostem. Na voljo v razli\u010dnih barvah, vklju\u010dno z belo, zeleno, rde\u010do, mornarsko modro in \u010drno, lahko izberete popolno barvo, ki se ujema z va\u0161im dogodkom ali blagovno znamko. \u0160otor je izdelan iz trpe\u017enega aluminija, zato ga je enostavno sestaviti v nekaj sekundah, ko ga ne uporabljate, pa se prilega v torbico s kolesi, kar olaj\u0161a transport in shranjevanje.<br \/>\nTa komercialni zlo\u017eljivi \u0161otor 5\u00d75 je trdno pritrjen s sidrnimi koli\u010dki in ustvarja skupno 25 kvadratnih metrov sence. Popoln je za dogodke na prostem, majhne kabine za prijavo, \u0161portne tekme ali izlete na pla\u017eo, saj se udobno prilega pribli\u017eno dvema vrtnima stoloma ali majhni mizi in lahko prenese veter s hitrostjo 30 mph. Barvna platnena streha iz poliestra je odporna proti ognju in je certificirana s preskusom hidrostati\u010dnega tlaka za varno komercialno re\u0161itev. Teleskopske noge za sprostitev vle\u010dnega zati\u010da je mogo\u010de nastaviti na pet vi\u0161inskih nastavitev s potisnimi vzvodi, ki se zasko\u010dijo.<br \/>\nNa\u0161 pojavni \u0161otor komercialnega razreda 5\u00d75 je priro\u010den na\u010din za hitro postavitev sen\u010dnega prostora za delo ali igro v nekaj sekundah. Ne glede na to, ali vodite podjetje ali samo i\u0161\u010dete priro\u010den na\u010din za u\u017eivanje na prostem, je ta \u0161otor odli\u010dna izbira. S svojim vzdr\u017eljivim aluminijastim okvirjem in dizajnom, ki ga je enostavno sestaviti, je popoln dodatek k vsakemu dogodku ali sre\u010danju na prostem.<\/p>\n<div style=\"width: 1280px;\" class=\"wp-video\"><!--[if lt IE 9]><script>document.createElement('video');<\/script><![endif]--><br \/>\n<video class=\"wp-video-shortcode\" id=\"video-921-1\" width=\"1280\" height=\"720\" loop autoplay preload=\"auto\" controls=\"controls\"><source type=\"video\/mp4\" src=\"http:\/\/cmykprinted.com\/wp-content\/uploads\/2022\/12\/10x20ft-Pop-Up-Canopies.mp4?_=1\" \/><a href=\"http:\/\/cmykprinted.com\/wp-content\/uploads\/2022\/12\/10x20ft-Pop-Up-Canopies.mp4\">http:\/\/cmykprinted.com\/wp-content\/uploads\/2022\/12\/10x20ft-Pop-Up-Canopies.mp4<\/a><\/video><\/div>","protected":false},"featured_media":922,"template":"","meta":{"_kad_post_transparent":"default","_kad_post_title":"hide","_kad_post_layout":"fullwidth","_kad_post_sidebar_id":"","_kad_post_content_style":"unboxed","_kad_post_vertical_padding":"hide","_kad_post_feature":"hide","_kad_post_feature_position":"","_kad_post_header":false,"_kad_post_footer":false},"product_cat":[68,74,78],"product_tag":[257,259,258,260],"class_list":{"0":"post-921","1":"product","2":"type-product","3":"status-publish","4":"has-post-thumbnail","6":"product_cat-custom-canopy-tents","7":"product_cat-50mm-heavy-duty-hexagon-aluminum-tents","8":"product_cat-5x5ft-custom-pop-up-canopies-50mm-heavy-duty-hexagon-aluminum-tents-custom-canopy-tents","9":"product_tag-5-x-5-pop-up-tent","10":"product_tag-indoor-canopy-tent","11":"product_tag-outdoor-canopy-tent","12":"product_tag-promotional-pop-up-tent","14":"first","15":"instock","16":"shipping-taxable","17":"product-type-simple","18":"entry","19":"content-bg","20":"loop-entry"},"_links":{"self":[{"href":"https:\/\/cmykprinted.com\/sl\/wp-json\/wp\/v2\/product\/921","targetHints":{"allow":["GET"]}}],"collection":[{"href":"https:\/\/cmykprinted.com\/sl\/wp-json\/wp\/v2\/product"}],"about":[{"href":"https:\/\/cmykprinted.com\/sl\/wp-json\/wp\/v2\/types\/product"}],"version-history":[{"count":2,"href":"https:\/\/cmykprinted.com\/sl\/wp-json\/wp\/v2\/product\/921\/revisions"}],"predecessor-version":[{"id":929,"href":"https:\/\/cmykprinted.com\/sl\/wp-json\/wp\/v2\/product\/921\/revisions\/929"}],"wp:featuredmedia":[{"embeddable":true,"href":"https:\/\/cmykprinted.com\/sl\/wp-json\/wp\/v2\/media\/922"}],"wp:attachment":[{"href":"https:\/\/cmykprinted.com\/sl\/wp-json\/wp\/v2\/media?parent=921"}],"wp:term":[{"taxonomy":"product_cat","embeddable":true,"href":"https:\/\/cmykprinted.com\/sl\/wp-json\/wp\/v2\/product_cat?post=921"},{"taxonomy":"product_tag","embeddable":true,"href":"https:\/\/cmykprinted.com\/sl\/wp-json\/wp\/v2\/product_tag?post=921"}],"curies":[{"name":"wp","href":"https:\/\/api.w.org\/{rel}","templated":true}]}}