{"id":976,"date":"2023-02-11T03:41:11","date_gmt":"2023-02-11T03:41:11","guid":{"rendered":"https:\/\/cmykprinted.com\/?post_type=product&#038;p=976"},"modified":"2023-02-11T03:46:13","modified_gmt":"2023-02-11T03:46:13","slug":"double-sided-feather-flags-with-free-design-at-cheap-price","status":"publish","type":"product","link":"https:\/\/cmykprinted.com\/sl\/izdelek\/double-sided-feather-flags-with-free-design-at-cheap-price\/","title":{"rendered":"Dvostranske pernate zastave z brezpla\u010dnim dizajnom po ugodni ceni"},"content":{"rendered":"","protected":false},"excerpt":{"rendered":"<p>Dvostranske zastavice s perjem so \u0161iroko uporabljena mo\u017enost za podjetja in organizacije, ki i\u0161\u010dejo priro\u010den na\u010din za ogla\u0161evanje svoje blagovne znamke ali sporo\u010dila. S preprosto nastavitvijo in mo\u017enostjo namestitve na katero koli lokacijo ponujajo prakti\u010dno re\u0161itev. Jambor zastave s perjem je izdelan iz mo\u010dnih materialov, kot sta aluminij in steklena vlakna, kar mu omogo\u010da, da ohrani svojo obliko tudi v vetrovnih razmerah in slabem vremenu. Zastava je natisnjena na visokokakovostnem 115 g\/m2 poliestrskem blagu, ki na hrbtni strani ponuja odsev skoraj 100%, kar zagotavlja dobro opaznost in \u010ditljivost zastave na dale\u010d.<br \/>\nPoleg zanesljivosti in vidnosti so pernate zastavice za na pla\u017eo tudi enostavne za transport in zavzamejo malo prostora. Brez te\u017eav jih je mogo\u010de premikati z ene lokacije na drugo, s pomo\u010djo razli\u010dnih mo\u017enosti podno\u017eja pa jih je mogo\u010de postaviti na katero koli povr\u0161ino.<br \/>\nSkratka, pernate zastave za pla\u017eo so prilagodljiv in u\u010dinkovit na\u010din za predstavitev va\u0161e blagovne znamke ali sporo\u010dila. S preprosto monta\u017eo, mo\u010djo in odli\u010dno vidljivostjo so odli\u010dna izbira za vsako podjetje ali organizacijo, ki \u017eeli pritegniti pozornost.<\/p>\n<div style=\"width: 1280px;\" class=\"wp-video\"><!--[if lt IE 9]><script>document.createElement('video');<\/script><![endif]--><br \/>\n<video class=\"wp-video-shortcode\" id=\"video-976-1\" width=\"1280\" height=\"720\" loop autoplay preload=\"metadata\" controls=\"controls\"><source type=\"video\/mp4\" src=\"http:\/\/cmykprinted.com\/wp-content\/uploads\/2022\/12\/Feather-beach-flags.mp4?_=1\" \/><a href=\"http:\/\/cmykprinted.com\/wp-content\/uploads\/2022\/12\/Feather-beach-flags.mp4\">http:\/\/cmykprinted.com\/wp-content\/uploads\/2022\/12\/Feather-beach-flags.mp4<\/a><\/video><\/div>","protected":false},"featured_media":977,"template":"","meta":{"_kad_post_transparent":"default","_kad_post_title":"hide","_kad_post_layout":"fullwidth","_kad_post_sidebar_id":"","_kad_post_content_style":"unboxed","_kad_post_vertical_padding":"hide","_kad_post_feature":"hide","_kad_post_feature_position":"","_kad_post_header":false,"_kad_post_footer":false},"product_cat":[64,65],"product_tag":[278,275,276,277],"class_list":{"0":"post-976","1":"product","2":"type-product","3":"status-publish","4":"has-post-thumbnail","6":"product_cat-beach-flags","7":"product_cat-feather-flags-banners","8":"product_tag-cheap-feather-flags","9":"product_tag-double-sided-feather-flags","10":"product_tag-feather-flags","11":"product_tag-free-design-feather-flags","13":"first","14":"instock","15":"shipping-taxable","16":"product-type-simple","17":"entry","18":"content-bg","19":"loop-entry"},"_links":{"self":[{"href":"https:\/\/cmykprinted.com\/sl\/wp-json\/wp\/v2\/product\/976","targetHints":{"allow":["GET"]}}],"collection":[{"href":"https:\/\/cmykprinted.com\/sl\/wp-json\/wp\/v2\/product"}],"about":[{"href":"https:\/\/cmykprinted.com\/sl\/wp-json\/wp\/v2\/types\/product"}],"version-history":[{"count":2,"href":"https:\/\/cmykprinted.com\/sl\/wp-json\/wp\/v2\/product\/976\/revisions"}],"predecessor-version":[{"id":983,"href":"https:\/\/cmykprinted.com\/sl\/wp-json\/wp\/v2\/product\/976\/revisions\/983"}],"wp:featuredmedia":[{"embeddable":true,"href":"https:\/\/cmykprinted.com\/sl\/wp-json\/wp\/v2\/media\/977"}],"wp:attachment":[{"href":"https:\/\/cmykprinted.com\/sl\/wp-json\/wp\/v2\/media?parent=976"}],"wp:term":[{"taxonomy":"product_cat","embeddable":true,"href":"https:\/\/cmykprinted.com\/sl\/wp-json\/wp\/v2\/product_cat?post=976"},{"taxonomy":"product_tag","embeddable":true,"href":"https:\/\/cmykprinted.com\/sl\/wp-json\/wp\/v2\/product_tag?post=976"}],"curies":[{"name":"wp","href":"https:\/\/api.w.org\/{rel}","templated":true}]}}