{"id":984,"date":"2023-02-11T03:57:42","date_gmt":"2023-02-11T03:57:42","guid":{"rendered":"https:\/\/cmykprinted.com\/?post_type=product&#038;p=984"},"modified":"2023-02-11T04:04:18","modified_gmt":"2023-02-11T04:04:18","slug":"10x15ft-50mm-hexagonal-pop-up-canopy-tent-aluminum-frame","status":"publish","type":"product","link":"https:\/\/cmykprinted.com\/sl\/izdelek\/10x15ft-50mm-hexagonal-pop-up-canopy-tent-aluminum-frame\/","title":{"rendered":"10X15FT 50mm Hexagonal Pop Up Canopy Tent Aluminum Frame"},"content":{"rendered":"","protected":false},"excerpt":{"rendered":"<p>50-milimetrski \u0161esterokotni izsko\u010dni nadstre\u0161ek z aluminijastim okvirjem je kot nala\u0161\u010d za to, da va\u0161 nadstre\u0161ek izstopa na tr\u017enici ali sejmu. Okvir se pona\u0161a z impresivnimi specifikacijami, vklju\u010dno s \u0161esterokotno aluminijasto zunanjo nogo velikosti 50 x 50 mm in debeline 1,8 mm. Ima tudi pet polo\u017eajev vi\u0161ine z intervalom 7,5 cm in je mo\u010dan in stabilen za dolgotrajno uporabo.<br \/>\nPostavitev in podiranje nadstre\u0161ka je hitro in enostavno, zahvaljujo\u010d zlo\u017eljivemu aluminijastemu okvirju in odsotnosti ohlapnih delov. Gumb za preklapljanje nastavitev nog in preveliki vle\u010dni zati\u010di v zgornjih vogalih, ki jih je enostavno zagrabiti, olaj\u0161ajo nastavitev in raz\u010dlenitev brez potrebe po orodjih.<br \/>\nPaket vklju\u010duje komercialni aluminijasti okvir za pop up nadstre\u0161ek, ki ga lahko ena ali dve osebi v nekaj minutah postavita in snameta brez orodja. Ima 1-letno garancijo in do\u017eivljenjsko dobavo dodatkov in delov. \u010ce potrebujete delo po meri, se obrnite na nas. Zagotavljamo zadovoljstvo z 100% in si bomo prizadevali re\u0161iti morebitne te\u017eave.<br \/>\nTa nadstre\u0161ek je primeren za razli\u010dne dogodke na prostem, vklju\u010dno z zabavami, sejmi, \u0161portom, pikniki, \u017eari in \u0161e ve\u010d. Uporablja se lahko v komercialnih prostorih, pla\u017eah, igri\u0161\u010dih, dvori\u0161\u010dih, vrtovih, kmetijah in drugih zunanjih okoljih, pa tudi v notranjih okoljih, kot so velike telovadnice. Z vrhunsko kakovostjo ste lahko prepri\u010dani o njegovi dolgo\u017eivosti in vzdr\u017eljivosti. \u010ce imate v prvem letu pomisleke glede kakovosti, ne oklevajte in se obrnite na nas. Na\u0161a garancija zadovoljstva 100% zagotavlja, da si bomo prizadevali re\u0161iti morebitne te\u017eave.<\/p>\n<div style=\"width: 1280px;\" class=\"wp-video\"><!--[if lt IE 9]><script>document.createElement('video');<\/script><![endif]--><br \/>\n<video class=\"wp-video-shortcode\" id=\"video-984-1\" width=\"1280\" height=\"720\" loop autoplay preload=\"auto\" controls=\"controls\"><source type=\"video\/mp4\" src=\"http:\/\/cmykprinted.com\/wp-content\/uploads\/2022\/12\/10x15ft-Pop-up-Tent.mp4?_=1\" \/><a href=\"http:\/\/cmykprinted.com\/wp-content\/uploads\/2022\/12\/10x15ft-Pop-up-Tent.mp4\">http:\/\/cmykprinted.com\/wp-content\/uploads\/2022\/12\/10x15ft-Pop-up-Tent.mp4<\/a><\/video><\/div>","protected":false},"featured_media":985,"template":"","meta":{"_kad_post_transparent":"default","_kad_post_title":"hide","_kad_post_layout":"fullwidth","_kad_post_sidebar_id":"","_kad_post_content_style":"unboxed","_kad_post_vertical_padding":"hide","_kad_post_feature":"hide","_kad_post_feature_position":"","_kad_post_header":false,"_kad_post_footer":false},"product_cat":[68,76,74],"product_tag":[279,282,281,280],"class_list":{"0":"post-984","1":"product","2":"type-product","3":"status-publish","4":"has-post-thumbnail","6":"product_cat-custom-canopy-tents","7":"product_cat-10x15ft-pop-up-tents-50mm-heavy-duty-hexagon-aluminum-tents-custom-canopy-tents","8":"product_cat-50mm-heavy-duty-hexagon-aluminum-tents","9":"product_tag-10x15ft-hexagonal-pop-up-canopy-tent","10":"product_tag-50mm-hexagonal-pop-up-canopy","11":"product_tag-aluminum-frame-pop-up-canopy-tent","12":"product_tag-hexagonal-pop-up-canopy-tent","14":"first","15":"instock","16":"shipping-taxable","17":"product-type-simple","18":"entry","19":"content-bg","20":"loop-entry"},"_links":{"self":[{"href":"https:\/\/cmykprinted.com\/sl\/wp-json\/wp\/v2\/product\/984","targetHints":{"allow":["GET"]}}],"collection":[{"href":"https:\/\/cmykprinted.com\/sl\/wp-json\/wp\/v2\/product"}],"about":[{"href":"https:\/\/cmykprinted.com\/sl\/wp-json\/wp\/v2\/types\/product"}],"version-history":[{"count":2,"href":"https:\/\/cmykprinted.com\/sl\/wp-json\/wp\/v2\/product\/984\/revisions"}],"predecessor-version":[{"id":992,"href":"https:\/\/cmykprinted.com\/sl\/wp-json\/wp\/v2\/product\/984\/revisions\/992"}],"wp:featuredmedia":[{"embeddable":true,"href":"https:\/\/cmykprinted.com\/sl\/wp-json\/wp\/v2\/media\/985"}],"wp:attachment":[{"href":"https:\/\/cmykprinted.com\/sl\/wp-json\/wp\/v2\/media?parent=984"}],"wp:term":[{"taxonomy":"product_cat","embeddable":true,"href":"https:\/\/cmykprinted.com\/sl\/wp-json\/wp\/v2\/product_cat?post=984"},{"taxonomy":"product_tag","embeddable":true,"href":"https:\/\/cmykprinted.com\/sl\/wp-json\/wp\/v2\/product_tag?post=984"}],"curies":[{"name":"wp","href":"https:\/\/api.w.org\/{rel}","templated":true}]}}