{"id":1000,"date":"2023-02-12T10:41:09","date_gmt":"2023-02-12T10:41:09","guid":{"rendered":"https:\/\/cmykprinted.com\/?post_type=product&#038;p=1000"},"modified":"2023-02-12T10:46:25","modified_gmt":"2023-02-12T10:46:25","slug":"logo-printed-premium-full-color-trade-show-table-throw","status":"publish","type":"product","link":"https:\/\/cmykprinted.com\/sv\/produkt\/logo-printed-premium-full-color-trade-show-table-throw\/","title":{"rendered":"Logotyptryckt Premium Full Color Trade Show Bordskast"},"content":{"rendered":"","protected":false},"excerpt":{"rendered":"<p>P\u00e5 v\u00e5rt f\u00f6retag \u00e4r vi dedikerade till att tillhandah\u00e5lla h\u00f6gkvalitativa och prisv\u00e4rda m\u00e4ssbord till f\u00f6retag och organisationer av alla storlekar. Vi f\u00f6rst\u00e5r vikten av att g\u00f6ra ett starkt intryck p\u00e5 m\u00e4ssor och utst\u00e4llningar, och vi \u00e4r engagerade i att hj\u00e4lpa v\u00e5ra kunder att g\u00f6ra just det. V\u00e5rt team av professionella skrivare anv\u00e4nder en fullst\u00e4ndig f\u00e4rgsublimeringsprocess f\u00f6r att s\u00e4kerst\u00e4lla att v\u00e5ra bordsskivor \u00e4r levande, i\u00f6gonfallande och helt anpassningsbara. Oavsett om du beh\u00f6ver en duk till en m\u00e4ssa, en duk till en specialutst\u00e4llning eller n\u00e5gon annan typ av duk s\u00e5 har vi produkterna du beh\u00f6ver i den hastighet du beh\u00f6ver.<br \/>\nV\u00e5r fabrik erbjuder ett brett utbud av m\u00e4ssbord, inklusive stretch\u00f6verdrag, 3- och 4-sidiga \u00f6verdrag, l\u00f6pare och mycket mer. Vi erbjuder \u00e4ven bordsskivor som \u00e4r designade f\u00f6r att komplettera ditt f\u00f6retags eller organisations f\u00e4rgschema. Och om du inte har en logotyp \u00e4r det inga problem! Vi kan skapa en anpassad design f\u00f6r dig som hj\u00e4lper dig att marknadsf\u00f6ra ditt varum\u00e4rke och attrahera nya kunder.<br \/>\nVi erbjuder en 24-timmars handl\u00e4ggningstid p\u00e5 alla v\u00e5ra m\u00e4ssbord, vilket s\u00e4kerst\u00e4ller att du kan f\u00e5 de produkter du beh\u00f6ver n\u00e4r du beh\u00f6ver dem. Och f\u00f6r ytterligare bekv\u00e4mlighet skickar vi alla v\u00e5ra produkter n\u00e4sta arbetsdag efter k\u00f6pet. S\u00e5 oavsett om du beh\u00f6ver ett enstaka bordskast eller en stor best\u00e4llning f\u00f6r ett kommande event s\u00e5 har vi de produkter och tj\u00e4nster du beh\u00f6ver f\u00f6r att lyckas.<\/p>","protected":false},"featured_media":1001,"template":"","meta":{"_kad_post_transparent":"default","_kad_post_title":"hide","_kad_post_layout":"fullwidth","_kad_post_sidebar_id":"","_kad_post_content_style":"unboxed","_kad_post_vertical_padding":"hide","_kad_post_feature":"hide","_kad_post_feature_position":"","_kad_post_header":false,"_kad_post_footer":false},"product_cat":[80,84],"product_tag":[218,216,217],"class_list":{"0":"post-1000","1":"product","2":"type-product","3":"status-publish","4":"has-post-thumbnail","6":"product_cat-custom-tablecloth","7":"product_cat-trade-show-table-throw","8":"product_tag-custom-table-throw","9":"product_tag-trade-show-table-throw","10":"product_tag-tradeshow-table-throw","12":"first","13":"instock","14":"shipping-taxable","15":"product-type-simple","16":"entry","17":"content-bg","18":"loop-entry"},"_links":{"self":[{"href":"https:\/\/cmykprinted.com\/sv\/wp-json\/wp\/v2\/product\/1000","targetHints":{"allow":["GET"]}}],"collection":[{"href":"https:\/\/cmykprinted.com\/sv\/wp-json\/wp\/v2\/product"}],"about":[{"href":"https:\/\/cmykprinted.com\/sv\/wp-json\/wp\/v2\/types\/product"}],"version-history":[{"count":1,"href":"https:\/\/cmykprinted.com\/sv\/wp-json\/wp\/v2\/product\/1000\/revisions"}],"predecessor-version":[{"id":1007,"href":"https:\/\/cmykprinted.com\/sv\/wp-json\/wp\/v2\/product\/1000\/revisions\/1007"}],"wp:featuredmedia":[{"embeddable":true,"href":"https:\/\/cmykprinted.com\/sv\/wp-json\/wp\/v2\/media\/1001"}],"wp:attachment":[{"href":"https:\/\/cmykprinted.com\/sv\/wp-json\/wp\/v2\/media?parent=1000"}],"wp:term":[{"taxonomy":"product_cat","embeddable":true,"href":"https:\/\/cmykprinted.com\/sv\/wp-json\/wp\/v2\/product_cat?post=1000"},{"taxonomy":"product_tag","embeddable":true,"href":"https:\/\/cmykprinted.com\/sv\/wp-json\/wp\/v2\/product_tag?post=1000"}],"curies":[{"name":"wp","href":"https:\/\/api.w.org\/{rel}","templated":true}]}}