{"id":1016,"date":"2023-02-12T14:30:04","date_gmt":"2023-02-12T14:30:04","guid":{"rendered":"https:\/\/cmykprinted.com\/?post_type=product&#038;p=1016"},"modified":"2023-02-12T14:40:07","modified_gmt":"2023-02-12T14:40:07","slug":"personalized-triangle-pop-up-banners-a-frame-stand-display","status":"publish","type":"product","link":"https:\/\/cmykprinted.com\/sv\/produkt\/personalized-triangle-pop-up-banners-a-frame-stand-display\/","title":{"rendered":"Personlig triangel pop-up banderoller A-Frame Stand Display"},"content":{"rendered":"","protected":false},"excerpt":{"rendered":"<p>Triangel pop up-banners \u00e4r den ultimata l\u00f6sningen f\u00f6r att marknadsf\u00f6ra ditt varum\u00e4rke eller f\u00f6retag p\u00e5 ett snyggt och effektivt s\u00e4tt. Med en design som m\u00f6jligg\u00f6r enkel installation och demontering \u00e4r dessa banderoller idealiska f\u00f6r m\u00e4ssor, evenemang och konferenser. De \u00e4r gjorda av l\u00e4tt och slitstarkt tyg av persikoskinn och kommer med en praktisk b\u00e4rv\u00e4ska f\u00f6r f\u00f6rvaring och transport.<br \/>\nDe \u00e4r inte bara bekv\u00e4ma att anv\u00e4nda, utan de kommer garanterat att f\u00e5nga uppm\u00e4rksamheten hos din m\u00e5lgrupp. Oavsett om det \u00e4r en ny produktlansering, en rea eller ett kommande evenemang, kommer dessa banners att locka intresse och skapa en best\u00e5ende effekt. De kan anv\u00e4ndas inomhus eller utomhus och \u00e4r l\u00e4tta att montera med sitt fj\u00e4dermetallst\u00e5l och pinnar.<br \/>\nLyft ditt f\u00f6retags reklam med en triangel popup-banner. Den omfattande installationsmanualen ger dig alla n\u00f6dv\u00e4ndiga verktyg f\u00f6r att s\u00e4tta upp och ta ner din banner utan anstr\u00e4ngning. Investera i en popup-banner idag och g\u00f6r ett dj\u00e4rvt uttalande vid ditt n\u00e4sta evenemang eller konferens.<\/p>\n<div style=\"width: 1280px;\" class=\"wp-video\"><!--[if lt IE 9]><script>document.createElement('video');<\/script><![endif]--><br \/>\n<video class=\"wp-video-shortcode\" id=\"video-1016-1\" width=\"1280\" height=\"720\" loop autoplay preload=\"metadata\" controls=\"controls\"><source type=\"video\/mp4\" src=\"http:\/\/cmykprinted.com\/wp-content\/uploads\/2022\/12\/Triangle-Pop-Up-Banners.mp4?_=1\" \/><a href=\"http:\/\/cmykprinted.com\/wp-content\/uploads\/2022\/12\/Triangle-Pop-Up-Banners.mp4\">http:\/\/cmykprinted.com\/wp-content\/uploads\/2022\/12\/Triangle-Pop-Up-Banners.mp4<\/a><\/video><\/div>","protected":false},"featured_media":1017,"template":"","meta":{"_kad_post_transparent":"default","_kad_post_title":"hide","_kad_post_layout":"fullwidth","_kad_post_sidebar_id":"","_kad_post_content_style":"unboxed","_kad_post_vertical_padding":"hide","_kad_post_feature":"hide","_kad_post_feature_position":"","_kad_post_header":false,"_kad_post_footer":false},"product_cat":[92,95],"product_tag":[292,293,166,291],"class_list":{"0":"post-1016","1":"product","2":"type-product","3":"status-publish","4":"has-post-thumbnail","6":"product_cat-pop-up-banners","7":"product_cat-triangle-pop-up-banners","8":"product_tag-a-frame-stand-display","9":"product_tag-personalized-pop-up-banners","10":"product_tag-pop-up-banners","11":"product_tag-triangle-pop-up-banners","13":"first","14":"instock","15":"shipping-taxable","16":"product-type-simple","17":"entry","18":"content-bg","19":"loop-entry"},"_links":{"self":[{"href":"https:\/\/cmykprinted.com\/sv\/wp-json\/wp\/v2\/product\/1016","targetHints":{"allow":["GET"]}}],"collection":[{"href":"https:\/\/cmykprinted.com\/sv\/wp-json\/wp\/v2\/product"}],"about":[{"href":"https:\/\/cmykprinted.com\/sv\/wp-json\/wp\/v2\/types\/product"}],"version-history":[{"count":2,"href":"https:\/\/cmykprinted.com\/sv\/wp-json\/wp\/v2\/product\/1016\/revisions"}],"predecessor-version":[{"id":1024,"href":"https:\/\/cmykprinted.com\/sv\/wp-json\/wp\/v2\/product\/1016\/revisions\/1024"}],"wp:featuredmedia":[{"embeddable":true,"href":"https:\/\/cmykprinted.com\/sv\/wp-json\/wp\/v2\/media\/1017"}],"wp:attachment":[{"href":"https:\/\/cmykprinted.com\/sv\/wp-json\/wp\/v2\/media?parent=1016"}],"wp:term":[{"taxonomy":"product_cat","embeddable":true,"href":"https:\/\/cmykprinted.com\/sv\/wp-json\/wp\/v2\/product_cat?post=1016"},{"taxonomy":"product_tag","embeddable":true,"href":"https:\/\/cmykprinted.com\/sv\/wp-json\/wp\/v2\/product_tag?post=1016"}],"curies":[{"name":"wp","href":"https:\/\/api.w.org\/{rel}","templated":true}]}}