{"id":1034,"date":"2023-02-13T02:28:32","date_gmt":"2023-02-13T02:28:32","guid":{"rendered":"https:\/\/cmykprinted.com\/?post_type=product&#038;p=1034"},"modified":"2023-02-13T02:37:55","modified_gmt":"2023-02-13T02:37:55","slug":"multipurpose-wholesale-3d-custom-metal-transfer-stickers","status":"publish","type":"product","link":"https:\/\/cmykprinted.com\/sv\/produkt\/multipurpose-wholesale-3d-custom-metal-transfer-stickers\/","title":{"rendered":"Multipurpose grossist 3D Custom Metal Transfer Stickers"},"content":{"rendered":"","protected":false},"excerpt":{"rendered":"<p>Anpassade metall\u00f6verf\u00f6ringsdekaler \u00e4r en innovativ m\u00e4rkningsl\u00f6sning som anv\u00e4nder robust nickelfolie f\u00f6r att skapa en tredimensionell effekt. Detta unika tillv\u00e4gag\u00e5ngss\u00e4tt ger klisterm\u00e4rkena ett elegant och raffinerat utseende, eftersom \u00f6verfl\u00f6digt material tas bort fr\u00e5n designen, vilket ger ett &quot;utan etikett&quot;-utseende. Dessa klisterm\u00e4rken \u00e4r idealiska f\u00f6r avancerade produkter eller online-detaljhandel. De produceras genom att trycka designen p\u00e5 nickelfolie med en specialiserad tryckmetod. Efter att ha tagit bort \u00f6verskottsmaterialet bel\u00e4ggs de upph\u00f6jda elementen med ett skikt av lim, vilket g\u00f6r dem l\u00e4mpliga f\u00f6r applicering p\u00e5 olika ytor inklusive plast, metall och papper.<br \/>\nH\u00e5llbarheten hos 3D-metall\u00f6verf\u00f6ringsdekaler \u00e4r en av dess viktigaste f\u00f6rdelar. Eftersom nickel \u00e4r ett robust och korrosionsbest\u00e4ndigt material kan dessa klisterm\u00e4rken utst\u00e5 slitage samtidigt som de beh\u00e5ller sin kvalitet \u00f6ver tid. De \u00e4r ocks\u00e5 resistenta mot blekning och missf\u00e4rgning, vilket g\u00f6r dem till en l\u00e5ngvarig m\u00e4rkningsl\u00f6sning. Dessutom ger den tredimensionella effekten av dessa klisterm\u00e4rken en tilltalande och distinkt touch till din produktf\u00f6rpackning eller varum\u00e4rke.<\/p>\n<div style=\"width: 1280px;\" class=\"wp-video\"><!--[if lt IE 9]><script>document.createElement('video');<\/script><![endif]--><br \/>\n<video class=\"wp-video-shortcode\" id=\"video-1034-1\" width=\"1280\" height=\"720\" loop autoplay preload=\"metadata\" controls=\"controls\"><source type=\"video\/mp4\" src=\"http:\/\/cmykprinted.com\/wp-content\/uploads\/2022\/12\/Metal-Transfer-Sticker.mp4?_=1\" \/><a href=\"http:\/\/cmykprinted.com\/wp-content\/uploads\/2022\/12\/Metal-Transfer-Sticker.mp4\">http:\/\/cmykprinted.com\/wp-content\/uploads\/2022\/12\/Metal-Transfer-Sticker.mp4<\/a><\/video><\/div>\n<p>&nbsp;<\/p>","protected":false},"featured_media":1035,"template":"","meta":{"_kad_post_transparent":"default","_kad_post_title":"hide","_kad_post_layout":"fullwidth","_kad_post_sidebar_id":"","_kad_post_content_style":"unboxed","_kad_post_vertical_padding":"hide","_kad_post_feature":"hide","_kad_post_feature_position":"","_kad_post_header":false,"_kad_post_footer":false},"product_cat":[101,102],"product_tag":[299,297,298,300],"class_list":{"0":"post-1034","1":"product","2":"type-product","3":"status-publish","4":"has-post-thumbnail","6":"product_cat-transfer-stickers","7":"product_cat-metal-transfer-stickers","8":"product_tag-3d-metal-transfer-stickers","9":"product_tag-custom-metal-transfer-stickers","10":"product_tag-metal-transfer-stickers","11":"product_tag-wholesale-metal-transfer-stickers","13":"first","14":"instock","15":"shipping-taxable","16":"product-type-simple","17":"entry","18":"content-bg","19":"loop-entry"},"_links":{"self":[{"href":"https:\/\/cmykprinted.com\/sv\/wp-json\/wp\/v2\/product\/1034","targetHints":{"allow":["GET"]}}],"collection":[{"href":"https:\/\/cmykprinted.com\/sv\/wp-json\/wp\/v2\/product"}],"about":[{"href":"https:\/\/cmykprinted.com\/sv\/wp-json\/wp\/v2\/types\/product"}],"version-history":[{"count":2,"href":"https:\/\/cmykprinted.com\/sv\/wp-json\/wp\/v2\/product\/1034\/revisions"}],"predecessor-version":[{"id":1042,"href":"https:\/\/cmykprinted.com\/sv\/wp-json\/wp\/v2\/product\/1034\/revisions\/1042"}],"wp:featuredmedia":[{"embeddable":true,"href":"https:\/\/cmykprinted.com\/sv\/wp-json\/wp\/v2\/media\/1035"}],"wp:attachment":[{"href":"https:\/\/cmykprinted.com\/sv\/wp-json\/wp\/v2\/media?parent=1034"}],"wp:term":[{"taxonomy":"product_cat","embeddable":true,"href":"https:\/\/cmykprinted.com\/sv\/wp-json\/wp\/v2\/product_cat?post=1034"},{"taxonomy":"product_tag","embeddable":true,"href":"https:\/\/cmykprinted.com\/sv\/wp-json\/wp\/v2\/product_tag?post=1034"}],"curies":[{"name":"wp","href":"https:\/\/api.w.org\/{rel}","templated":true}]}}