{"id":1043,"date":"2023-02-13T04:54:51","date_gmt":"2023-02-13T04:54:51","guid":{"rendered":"https:\/\/cmykprinted.com\/?post_type=product&#038;p=1043"},"modified":"2023-02-13T05:02:42","modified_gmt":"2023-02-13T05:02:42","slug":"personalized-teardrop-banner-flags-with-full-color-printing","status":"publish","type":"product","link":"https:\/\/cmykprinted.com\/sv\/produkt\/personalized-teardrop-banner-flags-with-full-color-printing\/","title":{"rendered":"Personliga droppformade bannerflaggor med fullf\u00e4rgstryck"},"content":{"rendered":"","protected":false},"excerpt":{"rendered":"<p>Teardrop bannerflaggor, vanligtvis kallade teardrop banners eller fj\u00e4derflaggor, \u00e4r stora, t\u00e5rformade flaggor som anv\u00e4nds f\u00f6r reklam- och marknadsf\u00f6rings\u00e4ndam\u00e5l. De har anpassade m\u00f6nster som producerats genom en f\u00e4rgsublimeringsprocess som resulterar i ljus, h\u00f6gkvalitativ grafik. Flaggorna \u00e4r monterade p\u00e5 en flexibel, l\u00e4tt st\u00e5ng av aluminium och glasfiber, som h\u00e5ller flaggan sp\u00e4nd \u00e4ven i bl\u00e5siga f\u00f6rh\u00e5llanden. St\u00e5ngen kan placeras i marken eller p\u00e5 ett stativ, utifr\u00e5n anv\u00e4ndarens behov och preferenser.<br \/>\nAtt visa en droppflagga framf\u00f6r ditt f\u00f6retag kan vara ett effektivt s\u00e4tt att f\u00e5nga potentiella kunders och f\u00f6rbipasserandes uppm\u00e4rksamhet. Dessa flaggor \u00e4r i\u00f6gonfallande och kan effektivt marknadsf\u00f6ra ditt f\u00f6retag och dess erbjudanden. De \u00e4r ocks\u00e5 m\u00e5ngsidiga och kan anv\u00e4ndas i en rad olika milj\u00f6er, s\u00e5som m\u00e4ssor, utomhusevenemang och skyltf\u00f6nster. Genom att v\u00e4lja en anpassad design som korrekt representerar ditt f\u00f6retags varum\u00e4rke och budskap, kan du effektivt f\u00f6rmedla ditt budskap och g\u00f6ra ett best\u00e5ende intryck p\u00e5 din m\u00e5lgrupp.<\/p>\n<div style=\"width: 1280px;\" class=\"wp-video\"><!--[if lt IE 9]><script>document.createElement('video');<\/script><![endif]--><br \/>\n<video class=\"wp-video-shortcode\" id=\"video-1043-1\" width=\"1280\" height=\"720\" loop autoplay preload=\"metadata\" controls=\"controls\"><source type=\"video\/mp4\" src=\"http:\/\/cmykprinted.com\/wp-content\/uploads\/2022\/12\/Beach-Teardrop-Flags-Banner.mp4?_=1\" \/><a href=\"http:\/\/cmykprinted.com\/wp-content\/uploads\/2022\/12\/Beach-Teardrop-Flags-Banner.mp4\">http:\/\/cmykprinted.com\/wp-content\/uploads\/2022\/12\/Beach-Teardrop-Flags-Banner.mp4<\/a><\/video><\/div>","protected":false},"featured_media":1044,"template":"","meta":{"_kad_post_transparent":"default","_kad_post_title":"hide","_kad_post_layout":"fullwidth","_kad_post_sidebar_id":"","_kad_post_content_style":"unboxed","_kad_post_vertical_padding":"hide","_kad_post_feature":"hide","_kad_post_feature_position":"","_kad_post_header":false,"_kad_post_footer":false},"product_cat":[64,67],"product_tag":[255,301,302,303,178],"class_list":{"0":"post-1043","1":"product","2":"type-product","3":"status-publish","4":"has-post-thumbnail","6":"product_cat-beach-flags","7":"product_cat-teardrop-flags-banners","8":"product_tag-personalized-teardrop-flags","9":"product_tag-teardrop-banner-flags","10":"product_tag-teardrop-banners","11":"product_tag-teardrop-flag-banners","12":"product_tag-teardrop-flags","14":"first","15":"instock","16":"shipping-taxable","17":"product-type-simple","18":"entry","19":"content-bg","20":"loop-entry"},"_links":{"self":[{"href":"https:\/\/cmykprinted.com\/sv\/wp-json\/wp\/v2\/product\/1043","targetHints":{"allow":["GET"]}}],"collection":[{"href":"https:\/\/cmykprinted.com\/sv\/wp-json\/wp\/v2\/product"}],"about":[{"href":"https:\/\/cmykprinted.com\/sv\/wp-json\/wp\/v2\/types\/product"}],"version-history":[{"count":2,"href":"https:\/\/cmykprinted.com\/sv\/wp-json\/wp\/v2\/product\/1043\/revisions"}],"predecessor-version":[{"id":1051,"href":"https:\/\/cmykprinted.com\/sv\/wp-json\/wp\/v2\/product\/1043\/revisions\/1051"}],"wp:featuredmedia":[{"embeddable":true,"href":"https:\/\/cmykprinted.com\/sv\/wp-json\/wp\/v2\/media\/1044"}],"wp:attachment":[{"href":"https:\/\/cmykprinted.com\/sv\/wp-json\/wp\/v2\/media?parent=1043"}],"wp:term":[{"taxonomy":"product_cat","embeddable":true,"href":"https:\/\/cmykprinted.com\/sv\/wp-json\/wp\/v2\/product_cat?post=1043"},{"taxonomy":"product_tag","embeddable":true,"href":"https:\/\/cmykprinted.com\/sv\/wp-json\/wp\/v2\/product_tag?post=1043"}],"curies":[{"name":"wp","href":"https:\/\/api.w.org\/{rel}","templated":true}]}}