{"id":1052,"date":"2023-02-13T07:20:10","date_gmt":"2023-02-13T07:20:10","guid":{"rendered":"https:\/\/cmykprinted.com\/?post_type=product&#038;p=1052"},"modified":"2023-02-13T07:26:04","modified_gmt":"2023-02-13T07:26:04","slug":"50mm-hexagonal-aluminum-10x20ft-pop-up-canopies-tents","status":"publish","type":"product","link":"https:\/\/cmykprinted.com\/sv\/produkt\/50mm-hexagonal-aluminum-10x20ft-pop-up-canopies-tents\/","title":{"rendered":"50 mm sexkantiga aluminium 10x20ft popup-tak f\u00f6r t\u00e4lt"},"content":{"rendered":"","protected":false},"excerpt":{"rendered":"<p>10x20ft pop-up baldakin med en aluminiumram \u00e4r det perfekta valet f\u00f6r att g\u00f6ra ett uttalande p\u00e5 ett marknadsst\u00e5nd eller m\u00e4ssa. Ramen \u00e4r designad f\u00f6r att imponera med sitt sexkantiga yttre ben i aluminium som m\u00e4ter 50x50 mm och en tjocklek p\u00e5 1,8 mm. Med fem h\u00f6jdl\u00e4gen med 7,5 cm intervall erbjuder den stabilitet f\u00f6r l\u00e5ngvarig anv\u00e4ndning.<br \/>\nAtt s\u00e4tta upp och bryta ner kapellet \u00e4r enkelt, tack vare dess vikbara aluminiumram och fr\u00e5nvaron av l\u00f6sa delar. Tryckknappsv\u00e4xlingsbensjusteringarna och \u00f6verdimensionerade dragstift i de \u00f6vre h\u00f6rnen g\u00f6r installationen enkel, utan behov av n\u00e5gra verktyg. Paketet inneh\u00e5ller den kommersiella popup-ramen i aluminium och kan enkelt monteras av en eller tv\u00e5 personer p\u00e5 n\u00e5gra minuter, utan n\u00e5gra verktyg.<br \/>\nDenna kapell kommer med 1 \u00e5rs garanti och en livstidsf\u00f6rs\u00f6rjning av tillbeh\u00f6r och delar. Om du beh\u00f6ver specialarbete finns vi h\u00e4r f\u00f6r att hj\u00e4lpa dig. Vi garanterar 100% tillfredsst\u00e4llelse och kommer att arbeta f\u00f6r att l\u00f6sa eventuella problem du kan ha.<br \/>\nDenna m\u00e5ngsidiga baldakin \u00e4r l\u00e4mplig f\u00f6r ett brett utbud av utomhusevenemang, s\u00e5som fester, m\u00e4ssor, sport, picknick, BBQs och mer. Den kan ocks\u00e5 anv\u00e4ndas i kommersiella omr\u00e5den, str\u00e4nder, lekplatser, g\u00e5rdar, tr\u00e4dg\u00e5rdar, g\u00e5rdar och andra utomhusmilj\u00f6er, s\u00e5v\u00e4l som inomhusmilj\u00f6er som stora gymnastiksalar. Med sin f\u00f6rstklassiga kvalitet kan du vara s\u00e4ker p\u00e5 dess livsl\u00e4ngd och h\u00e5llbarhet. Om du har n\u00e5gra kvalitetsproblem under det f\u00f6rsta \u00e5ret \u00e4r det bara att kontakta oss. V\u00e5r 100% n\u00f6jdhetsgaranti s\u00e4kerst\u00e4ller att vi kommer att arbeta f\u00f6r att l\u00f6sa eventuella problem du kan ha.<\/p>\n<div style=\"width: 1280px;\" class=\"wp-video\"><!--[if lt IE 9]><script>document.createElement('video');<\/script><![endif]--><br \/>\n<video class=\"wp-video-shortcode\" id=\"video-1052-1\" width=\"1280\" height=\"720\" loop autoplay preload=\"auto\" controls=\"controls\"><source type=\"video\/mp4\" src=\"http:\/\/cmykprinted.com\/wp-content\/uploads\/2022\/12\/10x15ft-Pop-up-Tent.mp4?_=1\" \/><a href=\"http:\/\/cmykprinted.com\/wp-content\/uploads\/2022\/12\/10x15ft-Pop-up-Tent.mp4\">http:\/\/cmykprinted.com\/wp-content\/uploads\/2022\/12\/10x15ft-Pop-up-Tent.mp4<\/a><\/video><\/div>","protected":false},"featured_media":1053,"template":"","meta":{"_kad_post_transparent":"default","_kad_post_title":"hide","_kad_post_layout":"fullwidth","_kad_post_sidebar_id":"","_kad_post_content_style":"unboxed","_kad_post_vertical_padding":"hide","_kad_post_feature":"hide","_kad_post_feature_position":"","_kad_post_header":false,"_kad_post_footer":false},"product_cat":[68,77,74],"product_tag":[279,208,282,306,305,281,304,280],"class_list":{"0":"post-1052","1":"product","2":"type-product","3":"status-publish","4":"has-post-thumbnail","6":"product_cat-custom-canopy-tents","7":"product_cat-10x20ft-pop-up-canopies-50mm-heavy-duty-hexagon-aluminum-tents-custom-canopy-tents","8":"product_cat-50mm-heavy-duty-hexagon-aluminum-tents","9":"product_tag-10x15ft-hexagonal-pop-up-canopy-tent","10":"product_tag-10x20ft-pop-up-canopies","11":"product_tag-50mm-hexagonal-pop-up-canopy","12":"product_tag-50mm-hexagonal-pop-up-canopies","13":"product_tag-aluminum-canopies-pop-up-canopies","14":"product_tag-aluminum-frame-pop-up-canopy-tent","15":"product_tag-hexagonal-aluminum-canopies","16":"product_tag-hexagonal-pop-up-canopy-tent","18":"first","19":"instock","20":"shipping-taxable","21":"product-type-simple","22":"entry","23":"content-bg","24":"loop-entry"},"_links":{"self":[{"href":"https:\/\/cmykprinted.com\/sv\/wp-json\/wp\/v2\/product\/1052","targetHints":{"allow":["GET"]}}],"collection":[{"href":"https:\/\/cmykprinted.com\/sv\/wp-json\/wp\/v2\/product"}],"about":[{"href":"https:\/\/cmykprinted.com\/sv\/wp-json\/wp\/v2\/types\/product"}],"version-history":[{"count":2,"href":"https:\/\/cmykprinted.com\/sv\/wp-json\/wp\/v2\/product\/1052\/revisions"}],"predecessor-version":[{"id":1059,"href":"https:\/\/cmykprinted.com\/sv\/wp-json\/wp\/v2\/product\/1052\/revisions\/1059"}],"wp:featuredmedia":[{"embeddable":true,"href":"https:\/\/cmykprinted.com\/sv\/wp-json\/wp\/v2\/media\/1053"}],"wp:attachment":[{"href":"https:\/\/cmykprinted.com\/sv\/wp-json\/wp\/v2\/media?parent=1052"}],"wp:term":[{"taxonomy":"product_cat","embeddable":true,"href":"https:\/\/cmykprinted.com\/sv\/wp-json\/wp\/v2\/product_cat?post=1052"},{"taxonomy":"product_tag","embeddable":true,"href":"https:\/\/cmykprinted.com\/sv\/wp-json\/wp\/v2\/product_tag?post=1052"}],"curies":[{"name":"wp","href":"https:\/\/api.w.org\/{rel}","templated":true}]}}