{"id":1069,"date":"2023-02-13T13:14:04","date_gmt":"2023-02-13T13:14:04","guid":{"rendered":"https:\/\/cmykprinted.com\/?post_type=product&#038;p=1069"},"modified":"2023-02-13T13:33:15","modified_gmt":"2023-02-13T13:33:15","slug":"heavy-duty-premium-custom-pvc-banner-with-hanging-grommets","status":"publish","type":"product","link":"https:\/\/cmykprinted.com\/sv\/produkt\/heavy-duty-premium-custom-pvc-banner-with-hanging-grommets\/","title":{"rendered":"Heavy Duty Premium anpassad PVC-banner med h\u00e4ngande genomf\u00f6ringar"},"content":{"rendered":"","protected":false},"excerpt":{"rendered":"<p>Om du letar efter en p\u00e5litlig och l\u00e5ngvarig reklaml\u00f6sning f\u00f6r ditt f\u00f6retag, \u00f6verv\u00e4g v\u00e5ra anpassade PVC-banderoller. Dessa banderoller \u00e4r gjorda av robust PVC-flexmaterial och erbjuder utm\u00e4rkt motst\u00e5nd och h\u00e5llbarhet mot h\u00e5rda yttre element, vilket g\u00f6r dem idealiska f\u00f6r utomhusbruk.<br \/>\nOavsett om du vill marknadsf\u00f6ra ett evenemang, visa upp dina produkter eller tj\u00e4nster, eller helt enkelt dela viktig information med din publik, \u00e4r v\u00e5ra anpassade PVC-banners ett effektivt och kostnadseffektivt val. Deras h\u00e5llbara natur g\u00f6r att de t\u00e5l v\u00e4der och vind och tillhandah\u00e5ller l\u00e5ngsiktig service, s\u00e5 att du kan \u00e5teranv\u00e4nda dem n\u00e4r det beh\u00f6vs.<br \/>\nEn av f\u00f6rdelarna med att anv\u00e4nda anpassade PVC-banderoller \u00e4r att de kan hj\u00e4lpa till att minska dina totala reklamkostnader. Deras h\u00e5llbara och l\u00e5ngvariga karakt\u00e4r g\u00f6r att du inte beh\u00f6ver oroa dig f\u00f6r frekventa k\u00f6p eller byten, vilket sparar tid och pengar p\u00e5 l\u00e5ng sikt samtidigt som du s\u00e4kerst\u00e4ller att dina banners f\u00f6rblir i toppskick och forts\u00e4tter att effektivt marknadsf\u00f6ra ditt f\u00f6retag.<br \/>\nSammanfattningsvis \u00e4r anpassade PVC-banderoller ett p\u00e5litligt och kostnadseffektivt alternativ f\u00f6r att g\u00f6ra reklam f\u00f6r ditt f\u00f6retag utomhus. Deras robusta material och h\u00e5llbara konstruktion g\u00f6r dem l\u00e4mpliga f\u00f6r l\u00e5ngvarig anv\u00e4ndning, vilket hj\u00e4lper dig att uppn\u00e5 dina reklamm\u00e5l samtidigt som du sparar pengar i processen.<\/p>\n<div style=\"width: 1280px;\" class=\"wp-video\"><!--[if lt IE 9]><script>document.createElement('video');<\/script><![endif]--><br \/>\n<video class=\"wp-video-shortcode\" id=\"video-1069-1\" width=\"1280\" height=\"720\" loop autoplay preload=\"metadata\" controls=\"controls\"><source type=\"video\/mp4\" src=\"http:\/\/cmykprinted.com\/wp-content\/uploads\/2022\/12\/PVC-Mesh-Banner.mp4?_=1\" \/><a href=\"http:\/\/cmykprinted.com\/wp-content\/uploads\/2022\/12\/PVC-Mesh-Banner.mp4\">http:\/\/cmykprinted.com\/wp-content\/uploads\/2022\/12\/PVC-Mesh-Banner.mp4<\/a><\/video><\/div>","protected":false},"featured_media":1070,"template":"","meta":{"_kad_post_transparent":"default","_kad_post_title":"hide","_kad_post_layout":"fullwidth","_kad_post_sidebar_id":"","_kad_post_content_style":"unboxed","_kad_post_vertical_padding":"hide","_kad_post_feature":"hide","_kad_post_feature_position":"","_kad_post_header":false,"_kad_post_footer":false},"product_cat":[85,90,91,89,88],"product_tag":[310,309,311,312],"class_list":{"0":"post-1069","1":"product","2":"type-product","3":"status-publish","4":"has-post-thumbnail","6":"product_cat-outdoor-vinyl-banners","7":"product_cat-glossy-pvc-banners","8":"product_cat-matte-vinyl-banners","9":"product_cat-pvc-banners","10":"product_cat-pvc-mesh-banners","11":"product_tag-banner-with-hanging-grommets","12":"product_tag-custom-pvc-banner","13":"product_tag-heavy-duty-pvc-banner","14":"product_tag-premium-pvc-banner","16":"first","17":"instock","18":"shipping-taxable","19":"product-type-simple","20":"entry","21":"content-bg","22":"loop-entry"},"_links":{"self":[{"href":"https:\/\/cmykprinted.com\/sv\/wp-json\/wp\/v2\/product\/1069","targetHints":{"allow":["GET"]}}],"collection":[{"href":"https:\/\/cmykprinted.com\/sv\/wp-json\/wp\/v2\/product"}],"about":[{"href":"https:\/\/cmykprinted.com\/sv\/wp-json\/wp\/v2\/types\/product"}],"version-history":[{"count":2,"href":"https:\/\/cmykprinted.com\/sv\/wp-json\/wp\/v2\/product\/1069\/revisions"}],"predecessor-version":[{"id":1077,"href":"https:\/\/cmykprinted.com\/sv\/wp-json\/wp\/v2\/product\/1069\/revisions\/1077"}],"wp:featuredmedia":[{"embeddable":true,"href":"https:\/\/cmykprinted.com\/sv\/wp-json\/wp\/v2\/media\/1070"}],"wp:attachment":[{"href":"https:\/\/cmykprinted.com\/sv\/wp-json\/wp\/v2\/media?parent=1069"}],"wp:term":[{"taxonomy":"product_cat","embeddable":true,"href":"https:\/\/cmykprinted.com\/sv\/wp-json\/wp\/v2\/product_cat?post=1069"},{"taxonomy":"product_tag","embeddable":true,"href":"https:\/\/cmykprinted.com\/sv\/wp-json\/wp\/v2\/product_tag?post=1069"}],"curies":[{"name":"wp","href":"https:\/\/api.w.org\/{rel}","templated":true}]}}