{"id":1087,"date":"2023-02-13T14:33:36","date_gmt":"2023-02-13T14:33:36","guid":{"rendered":"https:\/\/cmykprinted.com\/?post_type=product&#038;p=1087"},"modified":"2023-02-13T14:45:30","modified_gmt":"2023-02-13T14:45:30","slug":"tension-fabric-displays-backdrops-for-trade-shows-and-events","status":"publish","type":"product","link":"https:\/\/cmykprinted.com\/sv\/produkt\/tension-fabric-displays-backdrops-for-trade-shows-and-events\/","title":{"rendered":"Sp\u00e4nningstyg visar bakgrunder f\u00f6r m\u00e4ssor och evenemang"},"content":{"rendered":"","protected":false},"excerpt":{"rendered":"<p>Sp\u00e4nningstygssk\u00e4rmar \u00e4r ett popul\u00e4rt val f\u00f6r m\u00e4ssmontrar och speciella evenemangsutst\u00e4llningar eftersom de \u00e4r l\u00e4tta, l\u00e4tta att s\u00e4tta upp och ger ditt varum\u00e4rke ett rent och modernt utseende. Dessa sk\u00e4rmar anv\u00e4nder ett anpassat tygfodral, som \u00e4r tryckt med ditt konstverk, str\u00e4ckt \u00f6ver en l\u00e4tt ram f\u00f6r att skapa en m\u00e4ngd olika konfigurationer. N\u00e5gra vanliga typer av sk\u00e4rmar med sp\u00e4nningstyg inkluderar bannerstativ, popup-displayer och h\u00e4ngande banderoller. Dessa system erbjuder ett brett utbud av anpassningsalternativ f\u00f6r att passa dina unika marknadsf\u00f6ringsbehov och kan enkelt tas is\u00e4r och transporteras till olika evenemang. Sp\u00e4nningstygssk\u00e4rmar kan vara ett effektivt s\u00e4tt att visa upp ditt varum\u00e4rke och ditt budskap p\u00e5 ett professionellt och visuellt tilltalande s\u00e4tt.<\/p>\n<div style=\"width: 1290px;\" class=\"wp-video\"><!--[if lt IE 9]><script>document.createElement('video');<\/script><![endif]--><br \/>\n<video class=\"wp-video-shortcode\" id=\"video-1087-1\" width=\"1290\" height=\"726\" loop autoplay preload=\"auto\" controls=\"controls\"><source type=\"video\/mp4\" src=\"http:\/\/cmykprinted.com\/wp-content\/uploads\/2022\/12\/Tension-Fabric-Displays.mp4?_=1\" \/><a href=\"http:\/\/cmykprinted.com\/wp-content\/uploads\/2022\/12\/Tension-Fabric-Displays.mp4\">http:\/\/cmykprinted.com\/wp-content\/uploads\/2022\/12\/Tension-Fabric-Displays.mp4<\/a><\/video><\/div>\n<p>&nbsp;<\/p>","protected":false},"featured_media":1088,"template":"","meta":{"_kad_post_transparent":"default","_kad_post_title":"hide","_kad_post_layout":"fullwidth","_kad_post_sidebar_id":"","_kad_post_content_style":"unboxed","_kad_post_vertical_padding":"hide","_kad_post_feature":"hide","_kad_post_feature_position":"","_kad_post_header":false,"_kad_post_footer":false},"product_cat":[97,99],"product_tag":[320,317,134,318,319],"class_list":{"0":"post-1087","1":"product","2":"type-product","3":"status-publish","4":"has-post-thumbnail","6":"product_cat-tension-fabric-displays","7":"product_cat-custom-fabric-displays","8":"product_tag-events-fabric-displays","9":"product_tag-tension-fabric-backdrops","10":"product_tag-tension-fabric-displays","11":"product_tag-trade-shows-fabric-backdrops","12":"product_tag-trade-shows-fabric-displays","14":"first","15":"instock","16":"shipping-taxable","17":"product-type-simple","18":"entry","19":"content-bg","20":"loop-entry"},"_links":{"self":[{"href":"https:\/\/cmykprinted.com\/sv\/wp-json\/wp\/v2\/product\/1087","targetHints":{"allow":["GET"]}}],"collection":[{"href":"https:\/\/cmykprinted.com\/sv\/wp-json\/wp\/v2\/product"}],"about":[{"href":"https:\/\/cmykprinted.com\/sv\/wp-json\/wp\/v2\/types\/product"}],"version-history":[{"count":1,"href":"https:\/\/cmykprinted.com\/sv\/wp-json\/wp\/v2\/product\/1087\/revisions"}],"predecessor-version":[{"id":1094,"href":"https:\/\/cmykprinted.com\/sv\/wp-json\/wp\/v2\/product\/1087\/revisions\/1094"}],"wp:featuredmedia":[{"embeddable":true,"href":"https:\/\/cmykprinted.com\/sv\/wp-json\/wp\/v2\/media\/1088"}],"wp:attachment":[{"href":"https:\/\/cmykprinted.com\/sv\/wp-json\/wp\/v2\/media?parent=1087"}],"wp:term":[{"taxonomy":"product_cat","embeddable":true,"href":"https:\/\/cmykprinted.com\/sv\/wp-json\/wp\/v2\/product_cat?post=1087"},{"taxonomy":"product_tag","embeddable":true,"href":"https:\/\/cmykprinted.com\/sv\/wp-json\/wp\/v2\/product_tag?post=1087"}],"curies":[{"name":"wp","href":"https:\/\/api.w.org\/{rel}","templated":true}]}}