{"id":1095,"date":"2023-02-13T15:30:16","date_gmt":"2023-02-13T15:30:16","guid":{"rendered":"https:\/\/cmykprinted.com\/?post_type=product&#038;p=1095"},"modified":"2023-02-13T15:34:49","modified_gmt":"2023-02-13T15:34:49","slug":"waterproof-custom-uv-3d-metal-transfer-stickers-labels","status":"publish","type":"product","link":"https:\/\/cmykprinted.com\/sv\/produkt\/waterproof-custom-uv-3d-metal-transfer-stickers-labels\/","title":{"rendered":"Vattent\u00e4t anpassade UV 3D-metall\u00f6verf\u00f6ringsetiketter"},"content":{"rendered":"","protected":false},"excerpt":{"rendered":"<p>3D-dekaler f\u00f6r metall\u00f6verf\u00f6ring erbjuder en unik och elegant m\u00e4rkningsl\u00f6sning som anv\u00e4nder stark nickelfolie f\u00f6r att skapa en 3D-effekt. Det \u00f6verfl\u00f6diga materialet trimmas fr\u00e5n designen, vilket resulterar i ett elegant och sofistikerat utseende med ett &quot;no label&quot;-utseende. Perfekt f\u00f6r premiumprodukter eller e-handel, klisterm\u00e4rkena produceras genom att trycka designen p\u00e5 nickelfolie genom en specialiserad tryckprocess. Efter att \u00f6verfl\u00f6digt material har tagits bort t\u00e4cks de upph\u00f6jda elementen med ett limskikt, vilket g\u00f6r dem l\u00e4mpliga f\u00f6r applicering p\u00e5 olika ytor som plast, metall och papper.<br \/>\nEn av de viktigaste f\u00f6rdelarna med dessa 3D-metall\u00f6verf\u00f6ringsdekaler \u00e4r deras h\u00e5llbarhet. Tillverkade av korrosionsbest\u00e4ndigt nickel t\u00e5l de slitage samtidigt som de beh\u00e5ller sin kvalitet \u00f6ver tid. Dessutom \u00e4r de resistenta mot blekning och missf\u00e4rgning, vilket s\u00e4kerst\u00e4ller en l\u00e5ngvarig m\u00e4rkningsl\u00f6sning. 3D-effekten av dessa klisterm\u00e4rken ger ocks\u00e5 en attraktiv och distinkt touch till din produktf\u00f6rpackning eller varum\u00e4rke.<\/p>\n<div style=\"width: 1280px;\" class=\"wp-video\"><!--[if lt IE 9]><script>document.createElement('video');<\/script><![endif]--><br \/>\n<video class=\"wp-video-shortcode\" id=\"video-1095-1\" width=\"1280\" height=\"720\" loop autoplay preload=\"metadata\" controls=\"controls\"><source type=\"video\/mp4\" src=\"http:\/\/cmykprinted.com\/wp-content\/uploads\/2022\/12\/Metal-Transfer-Sticker.mp4?_=1\" \/><a href=\"http:\/\/cmykprinted.com\/wp-content\/uploads\/2022\/12\/Metal-Transfer-Sticker.mp4\">http:\/\/cmykprinted.com\/wp-content\/uploads\/2022\/12\/Metal-Transfer-Sticker.mp4<\/a><\/video><\/div>\n<p>&nbsp;<\/p>","protected":false},"featured_media":1096,"template":"","meta":{"_kad_post_transparent":"default","_kad_post_title":"hide","_kad_post_layout":"fullwidth","_kad_post_sidebar_id":"","_kad_post_content_style":"unboxed","_kad_post_vertical_padding":"hide","_kad_post_feature":"hide","_kad_post_feature_position":"","_kad_post_header":false,"_kad_post_footer":false},"product_cat":[101,102],"product_tag":[299],"class_list":{"0":"post-1095","1":"product","2":"type-product","3":"status-publish","4":"has-post-thumbnail","6":"product_cat-transfer-stickers","7":"product_cat-metal-transfer-stickers","8":"product_tag-3d-metal-transfer-stickers","10":"first","11":"instock","12":"shipping-taxable","13":"product-type-simple","14":"entry","15":"content-bg","16":"loop-entry"},"_links":{"self":[{"href":"https:\/\/cmykprinted.com\/sv\/wp-json\/wp\/v2\/product\/1095","targetHints":{"allow":["GET"]}}],"collection":[{"href":"https:\/\/cmykprinted.com\/sv\/wp-json\/wp\/v2\/product"}],"about":[{"href":"https:\/\/cmykprinted.com\/sv\/wp-json\/wp\/v2\/types\/product"}],"version-history":[{"count":2,"href":"https:\/\/cmykprinted.com\/sv\/wp-json\/wp\/v2\/product\/1095\/revisions"}],"predecessor-version":[{"id":1103,"href":"https:\/\/cmykprinted.com\/sv\/wp-json\/wp\/v2\/product\/1095\/revisions\/1103"}],"wp:featuredmedia":[{"embeddable":true,"href":"https:\/\/cmykprinted.com\/sv\/wp-json\/wp\/v2\/media\/1096"}],"wp:attachment":[{"href":"https:\/\/cmykprinted.com\/sv\/wp-json\/wp\/v2\/media?parent=1095"}],"wp:term":[{"taxonomy":"product_cat","embeddable":true,"href":"https:\/\/cmykprinted.com\/sv\/wp-json\/wp\/v2\/product_cat?post=1095"},{"taxonomy":"product_tag","embeddable":true,"href":"https:\/\/cmykprinted.com\/sv\/wp-json\/wp\/v2\/product_tag?post=1095"}],"curies":[{"name":"wp","href":"https:\/\/api.w.org\/{rel}","templated":true}]}}