{"id":1104,"date":"2023-02-13T15:48:44","date_gmt":"2023-02-13T15:48:44","guid":{"rendered":"https:\/\/cmykprinted.com\/?post_type=product&#038;p=1104"},"modified":"2023-02-13T15:54:13","modified_gmt":"2023-02-13T15:54:13","slug":"low-price-custom-feather-flags-for-indoor-and-outdoor-use","status":"publish","type":"product","link":"https:\/\/cmykprinted.com\/sv\/produkt\/low-price-custom-feather-flags-for-indoor-and-outdoor-use\/","title":{"rendered":"L\u00e5gpris anpassade fj\u00e4derflaggor f\u00f6r inomhus- och utomhusbruk"},"content":{"rendered":"","protected":false},"excerpt":{"rendered":"<p>Anpassade fj\u00e4derflaggor \u00e4r ett effektivt reklamverktyg f\u00f6r f\u00f6retag och organisationer som kr\u00e4ver ett enkelt s\u00e4tt att marknadsf\u00f6ra sitt varum\u00e4rke eller budskap. Dessa flaggor \u00e4r l\u00e4tta att s\u00e4tta upp och kan placeras var som helst, vilket g\u00f6r dem till en praktisk l\u00f6sning. Fj\u00e4derflaggmasten \u00e4r tillverkad av h\u00e5llbara material som aluminium och glasfiber, vilket s\u00e4kerst\u00e4ller att den f\u00f6rblir uppr\u00e4tt \u00e4ven i bl\u00e5siga f\u00f6rh\u00e5llanden och ogynnsamt v\u00e4der. Sj\u00e4lva flaggan \u00e4r tryckt p\u00e5 h\u00f6gkvalitativt 115 g\/m2 polyestertyg som erbjuder n\u00e4ra 100% reflektivitet p\u00e5 baksidan, vilket s\u00e4kerst\u00e4ller att flaggan \u00e4r l\u00e4tt synlig och l\u00e4sbar p\u00e5 avst\u00e5nd.<br \/>\nF\u00f6rutom deras h\u00e5llbarhet och synlighet \u00e4r anpassade fj\u00e4derflaggor ocks\u00e5 bekv\u00e4ma att transportera och tar minimalt med utrymme. De kan enkelt flyttas fr\u00e5n en plats till en annan och kan s\u00e4ttas upp p\u00e5 vilken yta som helst med hj\u00e4lp av olika basalternativ.<br \/>\nSammanfattningsvis \u00e4r anpassade fj\u00e4derflaggor en flexibel och effektiv metod f\u00f6r att marknadsf\u00f6ra ditt varum\u00e4rke eller budskap. Med sin enkla montering, robusthet och h\u00f6ga synlighet \u00e4r de ett idealiskt val f\u00f6r alla f\u00f6retag eller organisationer som vill v\u00e4cka uppm\u00e4rksamhet.<\/p>\n<div style=\"width: 1280px;\" class=\"wp-video\"><!--[if lt IE 9]><script>document.createElement('video');<\/script><![endif]--><br \/>\n<video class=\"wp-video-shortcode\" id=\"video-1104-1\" width=\"1280\" height=\"720\" loop autoplay preload=\"metadata\" controls=\"controls\"><source type=\"video\/mp4\" src=\"http:\/\/cmykprinted.com\/wp-content\/uploads\/2022\/12\/Feather-beach-flags.mp4?_=1\" \/><a href=\"http:\/\/cmykprinted.com\/wp-content\/uploads\/2022\/12\/Feather-beach-flags.mp4\">http:\/\/cmykprinted.com\/wp-content\/uploads\/2022\/12\/Feather-beach-flags.mp4<\/a><\/video><\/div>","protected":false},"featured_media":1105,"template":"","meta":{"_kad_post_transparent":"default","_kad_post_title":"hide","_kad_post_layout":"fullwidth","_kad_post_sidebar_id":"","_kad_post_content_style":"unboxed","_kad_post_vertical_padding":"hide","_kad_post_feature":"hide","_kad_post_feature_position":"","_kad_post_header":false,"_kad_post_footer":false},"product_cat":[64,65],"product_tag":[321,322,323,204],"class_list":{"0":"post-1104","1":"product","2":"type-product","3":"status-publish","4":"has-post-thumbnail","6":"product_cat-beach-flags","7":"product_cat-feather-flags-banners","8":"product_tag-custom-feather-flags","9":"product_tag-indoor-feather-flags","10":"product_tag-low-price-feather-flags","11":"product_tag-outdoor-feather-flags","13":"first","14":"instock","15":"shipping-taxable","16":"product-type-simple","17":"entry","18":"content-bg","19":"loop-entry"},"_links":{"self":[{"href":"https:\/\/cmykprinted.com\/sv\/wp-json\/wp\/v2\/product\/1104","targetHints":{"allow":["GET"]}}],"collection":[{"href":"https:\/\/cmykprinted.com\/sv\/wp-json\/wp\/v2\/product"}],"about":[{"href":"https:\/\/cmykprinted.com\/sv\/wp-json\/wp\/v2\/types\/product"}],"version-history":[{"count":2,"href":"https:\/\/cmykprinted.com\/sv\/wp-json\/wp\/v2\/product\/1104\/revisions"}],"predecessor-version":[{"id":1112,"href":"https:\/\/cmykprinted.com\/sv\/wp-json\/wp\/v2\/product\/1104\/revisions\/1112"}],"wp:featuredmedia":[{"embeddable":true,"href":"https:\/\/cmykprinted.com\/sv\/wp-json\/wp\/v2\/media\/1105"}],"wp:attachment":[{"href":"https:\/\/cmykprinted.com\/sv\/wp-json\/wp\/v2\/media?parent=1104"}],"wp:term":[{"taxonomy":"product_cat","embeddable":true,"href":"https:\/\/cmykprinted.com\/sv\/wp-json\/wp\/v2\/product_cat?post=1104"},{"taxonomy":"product_tag","embeddable":true,"href":"https:\/\/cmykprinted.com\/sv\/wp-json\/wp\/v2\/product_tag?post=1104"}],"curies":[{"name":"wp","href":"https:\/\/api.w.org\/{rel}","templated":true}]}}