{"id":1951,"date":"2024-03-25T07:48:46","date_gmt":"2024-03-25T07:48:46","guid":{"rendered":"https:\/\/cmykprinted.com\/?post_type=product&#038;p=1951"},"modified":"2024-03-26T08:28:10","modified_gmt":"2024-03-26T08:28:10","slug":"double-side-printed-polyester-hanging-flag-for-advertising","status":"publish","type":"product","link":"https:\/\/cmykprinted.com\/sv\/produkt\/dubbelsidig-tryckt-polyester-hangflagga-for-reklam\/","title":{"rendered":"Dubbelsidig tryckt polyester h\u00e4ngande flagga f\u00f6r reklam"},"content":{"rendered":"","protected":false},"excerpt":{"rendered":"<p>Skr\u00e4ddarsydda polyesterflaggor<\/p>\n<p>Noll minimikrav. Ingen etableringskostnad! Grossistpriser tillg\u00e4ngliga f\u00f6r storskaliga ink\u00f6p. H\u00f6guppl\u00f6sta fullf\u00e4rger med f\u00e4rgsublimeringstryck!<\/p>\n<p>Snabb behandling, vi kan avsluta ditt prov inom 48 timmar.<\/p>\n<p>Perfekt Pantone-f\u00e4rg att matcha utan extra kostnad.<\/p>\n<p>Gratis designtj\u00e4nst!<\/p>\n<p>Vi kan g\u00f6ra alla skr\u00e4ddarsydda tryckta flaggor som ditt krav, till exempel f\u00f6r att l\u00e4gga till genomf\u00f6ringar \/ \u00f6ljetter \/ hylsa eller sticka.<\/p>\n<p>&nbsp;<\/p>","protected":false},"featured_media":1952,"template":"","meta":{"_kad_post_transparent":"default","_kad_post_title":"hide","_kad_post_layout":"fullwidth","_kad_post_sidebar_id":"","_kad_post_content_style":"unboxed","_kad_post_vertical_padding":"hide","_kad_post_feature":"hide","_kad_post_feature_position":"","_kad_post_header":false,"_kad_post_footer":false},"product_cat":[79],"product_tag":[388,387,386,385],"class_list":{"0":"post-1951","1":"product","2":"type-product","3":"status-publish","4":"has-post-thumbnail","6":"product_cat-custom-flags","7":"product_tag-custom-double-sided-flags","8":"product_tag-double-side-printed-polyester-hanging-flag","9":"product_tag-flag-for-advertising","10":"product_tag-polyester-hanging-flag","12":"first","13":"instock","14":"shipping-taxable","15":"product-type-simple","16":"entry","17":"content-bg","18":"loop-entry"},"_links":{"self":[{"href":"https:\/\/cmykprinted.com\/sv\/wp-json\/wp\/v2\/product\/1951","targetHints":{"allow":["GET"]}}],"collection":[{"href":"https:\/\/cmykprinted.com\/sv\/wp-json\/wp\/v2\/product"}],"about":[{"href":"https:\/\/cmykprinted.com\/sv\/wp-json\/wp\/v2\/types\/product"}],"version-history":[{"count":3,"href":"https:\/\/cmykprinted.com\/sv\/wp-json\/wp\/v2\/product\/1951\/revisions"}],"predecessor-version":[{"id":1963,"href":"https:\/\/cmykprinted.com\/sv\/wp-json\/wp\/v2\/product\/1951\/revisions\/1963"}],"wp:featuredmedia":[{"embeddable":true,"href":"https:\/\/cmykprinted.com\/sv\/wp-json\/wp\/v2\/media\/1952"}],"wp:attachment":[{"href":"https:\/\/cmykprinted.com\/sv\/wp-json\/wp\/v2\/media?parent=1951"}],"wp:term":[{"taxonomy":"product_cat","embeddable":true,"href":"https:\/\/cmykprinted.com\/sv\/wp-json\/wp\/v2\/product_cat?post=1951"},{"taxonomy":"product_tag","embeddable":true,"href":"https:\/\/cmykprinted.com\/sv\/wp-json\/wp\/v2\/product_tag?post=1951"}],"curies":[{"name":"wp","href":"https:\/\/api.w.org\/{rel}","templated":true}]}}