{"id":1975,"date":"2024-03-28T09:29:25","date_gmt":"2024-03-28T09:29:25","guid":{"rendered":"https:\/\/cmykprinted.com\/?post_type=product&#038;p=1975"},"modified":"2024-03-28T10:00:58","modified_gmt":"2024-03-28T10:00:58","slug":"best-custom-polyester-nylon-flags-for-indoor-and-outdoor","status":"publish","type":"product","link":"https:\/\/cmykprinted.com\/sv\/produkt\/basta-anpassade-polyester-nylon-flaggor-for-inomhus-och-utomhusbruk\/","title":{"rendered":"B\u00e4sta anpassade polyesternylonflaggor f\u00f6r inomhus och utomhus"},"content":{"rendered":"","protected":false},"excerpt":{"rendered":"<p>Skr\u00e4ddarsydda flaggor fungerar som en kraftfull marknadsf\u00f6ringstillg\u00e5ng, som utnyttjar livfulla nyanser och dynamisk r\u00f6relse f\u00f6r att f\u00e5nga uppm\u00e4rksamhet och f\u00f6rb\u00e4ttra synlighet. Olika trycktekniker finns tillg\u00e4ngliga f\u00f6r anpassning, s\u00e5som digitaltryck (vattentryck p\u00e5 nylon), screentryck och f\u00e4rgsublimeringstryck. P\u00e5 Golden Mouth Advertising Factory v\u00e4ljer vi antingen screentryck eller digitaltryck p\u00e5 200\/210D nylon eller stickad polyester, och v\u00e4ljer material och tryckmetod baserat p\u00e5 kundens budget, konstverksspecifikationer och flaggkvantitetskrav. \u00c4ven om vi anv\u00e4nder sublimeringsmetoden, g\u00f6r dess begr\u00e4nsade bl\u00e4ckpenetrering den mer l\u00e4mpad f\u00f6r alternativa tygtryckstr\u00e4vanden som anpassade bakgrunder och bordsdukar. F\u00f6r anpassad tryckt flagga anv\u00e4nder vi vanligtvis digitaltryck, p\u00e5 detta s\u00e4tt \u00e4r priset det billigaste.<\/p>\n<p>&nbsp;<\/p>\n<p>&nbsp;<\/p>\n<p>&nbsp;<\/p>\n<p>&nbsp;<\/p>\n<p>&nbsp;<\/p>\n<p>&nbsp;<\/p>","protected":false},"featured_media":1976,"template":"","meta":{"_kad_post_transparent":"default","_kad_post_title":"hide","_kad_post_layout":"fullwidth","_kad_post_sidebar_id":"","_kad_post_content_style":"unboxed","_kad_post_vertical_padding":"hide","_kad_post_feature":"hide","_kad_post_feature_position":"","_kad_post_header":false,"_kad_post_footer":false},"product_cat":[79],"product_tag":[394,389,397,396,399,395,398],"class_list":{"0":"post-1975","1":"product","2":"type-product","3":"status-publish","4":"has-post-thumbnail","6":"product_cat-custom-flags","7":"product_tag-custom-polyester-nylon-flags","8":"product_tag-custom-printed-flags","9":"product_tag-dye-sublimation-printing-flags","10":"product_tag-flags-printing","11":"product_tag-knitted-fabric-flags","12":"product_tag-nylon-flags","13":"product_tag-polyester-flags","15":"first","16":"instock","17":"shipping-taxable","18":"product-type-simple","19":"entry","20":"content-bg","21":"loop-entry"},"_links":{"self":[{"href":"https:\/\/cmykprinted.com\/sv\/wp-json\/wp\/v2\/product\/1975","targetHints":{"allow":["GET"]}}],"collection":[{"href":"https:\/\/cmykprinted.com\/sv\/wp-json\/wp\/v2\/product"}],"about":[{"href":"https:\/\/cmykprinted.com\/sv\/wp-json\/wp\/v2\/types\/product"}],"version-history":[{"count":1,"href":"https:\/\/cmykprinted.com\/sv\/wp-json\/wp\/v2\/product\/1975\/revisions"}],"predecessor-version":[{"id":1983,"href":"https:\/\/cmykprinted.com\/sv\/wp-json\/wp\/v2\/product\/1975\/revisions\/1983"}],"wp:featuredmedia":[{"embeddable":true,"href":"https:\/\/cmykprinted.com\/sv\/wp-json\/wp\/v2\/media\/1976"}],"wp:attachment":[{"href":"https:\/\/cmykprinted.com\/sv\/wp-json\/wp\/v2\/media?parent=1975"}],"wp:term":[{"taxonomy":"product_cat","embeddable":true,"href":"https:\/\/cmykprinted.com\/sv\/wp-json\/wp\/v2\/product_cat?post=1975"},{"taxonomy":"product_tag","embeddable":true,"href":"https:\/\/cmykprinted.com\/sv\/wp-json\/wp\/v2\/product_tag?post=1975"}],"curies":[{"name":"wp","href":"https:\/\/api.w.org\/{rel}","templated":true}]}}