{"id":2094,"date":"2024-05-06T12:36:30","date_gmt":"2024-05-06T12:36:30","guid":{"rendered":"https:\/\/cmykprinted.com\/?post_type=product&#038;p=2094"},"modified":"2024-05-06T12:44:46","modified_gmt":"2024-05-06T12:44:46","slug":"custom-champagne-metallic-logo-transfer-stickers-for-jar","status":"publish","type":"product","link":"https:\/\/cmykprinted.com\/sv\/produkt\/anpassade-champagne-metalliska-logotypoverforingsklistermarken-for-burk\/","title":{"rendered":"Anpassade champagne metalliska logotyp \u00f6verf\u00f6ring klisterm\u00e4rken f\u00f6r burk"},"content":{"rendered":"","protected":false},"excerpt":{"rendered":"<p><strong>Anpassade champagne metalliska logotyp\u00f6verf\u00f6ringsdekaler f\u00f6r burk:<\/strong><br \/>\nDen st\u00f6rsta storleken vi kan g\u00f6ra \u00e4r 17*30 cm, om din logotyp \u00e4r mindre kan vi l\u00e4gga m\u00e5nga bitar i ett arkmaterial.<br \/>\nChampagnef\u00e4rgade metalliska \u00f6verf\u00f6ringsklisterm\u00e4rken ser inte ut som guldmetallklisterm\u00e4rket s\u00e5 gl\u00e4nsande, m\u00e5nga kunder gillar inte glansig effekt, s\u00e5 de kommer att v\u00e4lja champagneguldf\u00e4rg f\u00f6r att skriva ut f\u00f6retagets logotyp.<br \/>\nVi kan erbjuda snabb leveranstid (2-3 dagars bulkproduktion) och 7 leveransdagar till hela v\u00e4rlden.<br \/>\nF\u00f6r b\u00e4sta slutpris, v\u00e4nligen kontakta oss via whats app eller e-post, s\u00e5 att vi kan r\u00e4kna ut priset. Vi beh\u00f6ver se ditt konstverk med information om storlek och kvantitet och vilken f\u00e4rg du vill ha. Om du inte har denna information kan vi inte ge dig priset.<br \/>\nV\u00e5ra anpassade metalliska \u00f6verf\u00f6ringsklisterm\u00e4rken med permanent starkt 3 M Brand-lim. Du kan prova med provbest\u00e4llning f\u00f6r att se v\u00e5r service och kvalitet.<\/p>\n<p>&nbsp;<\/p>\n<p>&nbsp;<\/p>\n<div style=\"width: 1280px;\" class=\"wp-video\"><!--[if lt IE 9]><script>document.createElement('video');<\/script><![endif]--><br \/>\n<video class=\"wp-video-shortcode\" id=\"video-2094-1\" width=\"1280\" height=\"720\" preload=\"metadata\" controls=\"controls\"><source type=\"video\/mp4\" src=\"https:\/\/cmykprinted.com\/wp-content\/uploads\/2024\/05\/champagne-metal-transfer-label-1-1.mp4?_=1\" \/><a href=\"https:\/\/cmykprinted.com\/wp-content\/uploads\/2024\/05\/champagne-metal-transfer-label-1-1.mp4\">https:\/\/cmykprinted.com\/wp-content\/uploads\/2024\/05\/champagne-metal-transfer-label-1-1.mp4<\/a><\/video><\/div>\n<p>&nbsp;<\/p>\n<p>&nbsp;<\/p>","protected":false},"featured_media":2090,"template":"","meta":{"_kad_post_transparent":"default","_kad_post_title":"hide","_kad_post_layout":"fullwidth","_kad_post_sidebar_id":"","_kad_post_content_style":"unboxed","_kad_post_vertical_padding":"hide","_kad_post_feature":"hide","_kad_post_feature_position":"","_kad_post_header":false,"_kad_post_footer":false},"product_cat":[101,102],"product_tag":[451,454,450,449,452,453,448],"class_list":{"0":"post-2094","1":"product","2":"type-product","3":"status-publish","4":"has-post-thumbnail","6":"product_cat-transfer-stickers","7":"product_cat-metal-transfer-stickers","8":"product_tag-custom-champagne-metallic-transfer-stickers","9":"product_tag-custom-transfer-stickers","10":"product_tag-metallic-logo-transfer-stickers","11":"product_tag-transfer-stickers-for-jar","12":"product_tag-transfer-stickers-printing","13":"product_tag-uv-dtf-transfer-stickers","14":"product_tag-uv-transfer-label","16":"first","17":"instock","18":"shipping-taxable","19":"product-type-simple","20":"entry","21":"content-bg","22":"loop-entry"},"_links":{"self":[{"href":"https:\/\/cmykprinted.com\/sv\/wp-json\/wp\/v2\/product\/2094","targetHints":{"allow":["GET"]}}],"collection":[{"href":"https:\/\/cmykprinted.com\/sv\/wp-json\/wp\/v2\/product"}],"about":[{"href":"https:\/\/cmykprinted.com\/sv\/wp-json\/wp\/v2\/types\/product"}],"version-history":[{"count":1,"href":"https:\/\/cmykprinted.com\/sv\/wp-json\/wp\/v2\/product\/2094\/revisions"}],"predecessor-version":[{"id":2096,"href":"https:\/\/cmykprinted.com\/sv\/wp-json\/wp\/v2\/product\/2094\/revisions\/2096"}],"wp:featuredmedia":[{"embeddable":true,"href":"https:\/\/cmykprinted.com\/sv\/wp-json\/wp\/v2\/media\/2090"}],"wp:attachment":[{"href":"https:\/\/cmykprinted.com\/sv\/wp-json\/wp\/v2\/media?parent=2094"}],"wp:term":[{"taxonomy":"product_cat","embeddable":true,"href":"https:\/\/cmykprinted.com\/sv\/wp-json\/wp\/v2\/product_cat?post=2094"},{"taxonomy":"product_tag","embeddable":true,"href":"https:\/\/cmykprinted.com\/sv\/wp-json\/wp\/v2\/product_tag?post=2094"}],"curies":[{"name":"wp","href":"https:\/\/api.w.org\/{rel}","templated":true}]}}