{"id":2189,"date":"2024-09-18T13:06:31","date_gmt":"2024-09-18T13:06:31","guid":{"rendered":"https:\/\/cmykprinted.com\/?post_type=product&#038;p=2189"},"modified":"2024-09-19T01:45:11","modified_gmt":"2024-09-19T01:45:11","slug":"full-colors-custom-8-feet-printed-spandex-table-covers","status":"publish","type":"product","link":"https:\/\/cmykprinted.com\/sv\/produkt\/fullfargsanpassade-8-fot-tryckta-spandex-borddukar\/","title":{"rendered":"Fullf\u00e4rger anpassade 8 fot tryckta spandexbordsdukar"},"content":{"rendered":"","protected":false},"excerpt":{"rendered":"<p><strong>Specialtryckta Spandex Bords\u00f6verdrag: En perfekt display f\u00f6r ditt varum\u00e4rke<\/strong><\/p>\n<p>Tryckta spandex-bordsdukar har blivit en h\u00e4ftklammer i v\u00e4rlden av m\u00e4ssor, reklamevenemang och detaljhandelsvisningar. Dessa eleganta, eleganta bords\u00f6verdrag i spandex med konturstretch erbjuder b\u00e5de form och funktion, designade f\u00f6r att ge en \u00e5tsittande passform, livfull visuell tilltalande och o\u00f6vertr\u00e4ffad h\u00e5llbarhet.<\/p>\n<p><strong>En skr\u00e4ddarsydd passform f\u00f6r att passa dina behov<\/strong><\/p>\n<p>V\u00e5ra spandex-bordsdukar finns i flera konfigurationer f\u00f6r att tillgodose dina specifika krav. Oavsett om du beh\u00f6ver ett 4-sidigt \u00f6verdrag, ett 4-sidigt \u00f6verdrag med dragkedja f\u00f6r enkel \u00e5tkomst till f\u00f6rvaring under bordet, eller en 3-sidig design med \u00f6ppen rygg s\u00e5 att en anst\u00e4lld kan sitta vid displayen, har vi fick dig t\u00e4ckt. Blandningen av spandex\/polyestertyg s\u00e4kerst\u00e4ller en formsydd, n\u00e4stan skrynkelfri finish som ser bra ut i alla milj\u00f6er.<\/p>\n<p>Dessa fodral \u00e4r designade f\u00f6r b\u00e5de inomhus- och utomhusevenemang och \u00e4r popul\u00e4ra p\u00e5 m\u00e4ssor, butiker, reklamevenemang och f\u00f6retagslobbyer. De f\u00f6rst\u00e4rkta benfickorna och kraftiga dragkedjorna \u00e4r dubbelsydda f\u00f6r \u00f6kad h\u00e5llbarhet, vilket s\u00e4kerst\u00e4ller att \u00f6verdraget f\u00f6rblir s\u00e4kert p\u00e5 plats, \u00e4ven i bl\u00e5siga f\u00f6rh\u00e5llanden. Du beh\u00f6ver inte l\u00e4ngre oroa dig f\u00f6r att din bordsduk ska bl\u00e5sa bort utomhus.<\/p>\n<p>Tyg och tryck av h\u00f6g kvalitet f\u00f6r maximal effekt<\/p>\n<p>Det som skiljer v\u00e5ra bordsdukar \u00e5t \u00e4r kvaliteten p\u00e5 materialet och tryckprocessen. V\u00e5ra \u00f6verdrag \u00e4r gjorda av ett 280 GSM-tyg och \u00e4r tjockare och mer h\u00e5llbara \u00e4n de flesta konkurrenter, och det syns i slutprodukten. Vi fokuserar p\u00e5 varje detalj f\u00f6r att leverera en produkt som \u00f6vertr\u00e4ffar f\u00f6rv\u00e4ntningarna.<\/p>\n<p>De f\u00f6rst\u00e4rkta benfickorna i polypropen \u00e4r extra breda, vilket s\u00e4kerst\u00e4ller att de passar alla bordsbenskonfigurationer. Denna noggranna uppm\u00e4rksamhet p\u00e5 design g\u00f6r omslagen inte bara h\u00e5llbara utan m\u00e5ngsidiga, l\u00e4mpliga f\u00f6r alla evenemangsmilj\u00f6er.<\/p>\n<p>En av de viktigaste egenskaperna hos v\u00e5ra spandex-bords\u00f6verdrag \u00e4r det livfulla, h\u00f6gkvalitativa logotyptrycket som kommer att f\u00e5 ditt varum\u00e4rke att sticka ut. Med hj\u00e4lp av f\u00e4rgsublimeringsteknik \u00f6verf\u00f6r vi din design med intensiv v\u00e4rme, och b\u00e4ddar in f\u00e4rgerna helt i tyget. Denna avancerade tryckteknik resulterar i permanenta, lysande f\u00e4rger som inte bleknar. Oavsett om du vill skriva ut tusentals f\u00e4rger, h\u00f6gkvalitativa fotografiska bilder eller dekorf\u00e4rgselement kan vi ge din vision liv.<\/p>\n<p>V\u00e5r tryckprocess s\u00e4kerst\u00e4ller att \u00e4ven de mest intrikata detaljerna i din logotyp eller design kommer att &#034;poppa&#034;, vilket ger din display ett professionellt, polerat utseende. Du kan till och med skapa en 3D-effekt med din design om s\u00e5 \u00f6nskas.<\/p>\n<p>Anpassade designalternativ: Ditt varum\u00e4rke, p\u00e5 ditt s\u00e4tt<\/p>\n<p>Vi erbjuder fullst\u00e4ndiga anpassningsalternativ f\u00f6r att m\u00f6ta dina varum\u00e4rkesbehov. V\u00e4lj fr\u00e5n en vit bakgrund, en av v\u00e5ra 20 lagerf\u00e4rger, eller f\u00f6rse oss med en specifik Pantone-f\u00e4rg eller -m\u00f6nster f\u00f6r bakgrunden. Oavsett om du beh\u00f6ver hela bordsduken tryckt eller bara frontpanelen erbjuder vi samma pris f\u00f6r b\u00e5da alternativen.<\/p>\n<p>Om du inte har en h\u00f6guppl\u00f6st konstfil kan v\u00e5ra grafiska designers hj\u00e4lpa till att konvertera din befintliga fil eller hj\u00e4lpa till med att skapa en ny tryckdesign.<\/p>\n<p>H\u00e5llbar och l\u00e4tt att underh\u00e5lla<\/p>\n<p>V\u00e5ra spandexdukar \u00e4r designade f\u00f6r att h\u00e5lla. De \u00e4r inte bara skrynkelbest\u00e4ndiga, utan de kan ocks\u00e5 tv\u00e4ttas i maskin f\u00f6r enkel sk\u00f6tsel. Anv\u00e4nd bara vatten f\u00f6r att tv\u00e4tta utan blekpulver. Dessa \u00f6verdrag kommer att str\u00e4cka sig direkt tillbaka till formen, vilket ger dig en professionell look varje g\u00e5ng.<\/p>\n<p>Snabba och p\u00e5litliga produktionstider<\/p>\n<p>Vi f\u00f6rst\u00e5r vikten av deadlines, varf\u00f6r vi erbjuder flexibla produktionsscheman:<\/p>\n<p>4 Day Saver-produktion<br \/>\n3 dagars standardproduktion<br \/>\n2 Day Rush Production<br \/>\nExpressproduktion n\u00e4sta dag<br \/>\nSamma dag Rush Critical Production<br \/>\nVi garanterar \u00e4ven v\u00e5ra produktionstider. Om vi \u200b\u200binte uppfyller den garanterade tidslinjen kommer du att f\u00e5 full \u00e5terbetalning, och ditt bordsskydd kommer fortfarande att skrivas ut och skickas utan kostnad.<\/p>\n<p>Inga dolda avgifter: Vad du ser \u00e4r vad du f\u00e5r.<\/p>\n<div style=\"width: 854px;\" class=\"wp-video\"><!--[if lt IE 9]><script>document.createElement('video');<\/script><![endif]--><br \/>\n<video class=\"wp-video-shortcode\" id=\"video-2189-1\" width=\"854\" height=\"480\" preload=\"metadata\" controls=\"controls\"><source type=\"video\/mp4\" src=\"https:\/\/cmykprinted.com\/wp-content\/uploads\/2024\/09\/printed-spandex-table-covers.mp4?_=1\" \/><a href=\"https:\/\/cmykprinted.com\/wp-content\/uploads\/2024\/09\/printed-spandex-table-covers.mp4\">https:\/\/cmykprinted.com\/wp-content\/uploads\/2024\/09\/printed-spandex-table-covers.mp4<\/a><\/video><\/div>","protected":false},"featured_media":2193,"template":"","meta":{"_kad_post_transparent":"default","_kad_post_title":"hide","_kad_post_layout":"fullwidth","_kad_post_sidebar_id":"","_kad_post_content_style":"unboxed","_kad_post_vertical_padding":"hide","_kad_post_feature":"hide","_kad_post_feature_position":"","_kad_post_header":false,"_kad_post_footer":false},"product_cat":[80,81,83],"product_tag":[496,497,498,494,495],"class_list":{"0":"post-2189","1":"product","2":"type-product","3":"status-publish","4":"has-post-thumbnail","6":"product_cat-custom-tablecloth","7":"product_cat-custom-stretch-tablecloth","8":"product_cat-fitted-table-cover","9":"product_tag-8-feet-printed-spandex-table-covers","10":"product_tag-custom-8-feet-table-cover","11":"product_tag-full-colors-printed-table-covers","12":"product_tag-printed-spandex-table-covers","13":"product_tag-spandex-table-covers","15":"first","16":"instock","17":"shipping-taxable","18":"product-type-simple","19":"entry","20":"content-bg","21":"loop-entry"},"_links":{"self":[{"href":"https:\/\/cmykprinted.com\/sv\/wp-json\/wp\/v2\/product\/2189","targetHints":{"allow":["GET"]}}],"collection":[{"href":"https:\/\/cmykprinted.com\/sv\/wp-json\/wp\/v2\/product"}],"about":[{"href":"https:\/\/cmykprinted.com\/sv\/wp-json\/wp\/v2\/types\/product"}],"version-history":[{"count":2,"href":"https:\/\/cmykprinted.com\/sv\/wp-json\/wp\/v2\/product\/2189\/revisions"}],"predecessor-version":[{"id":2200,"href":"https:\/\/cmykprinted.com\/sv\/wp-json\/wp\/v2\/product\/2189\/revisions\/2200"}],"wp:featuredmedia":[{"embeddable":true,"href":"https:\/\/cmykprinted.com\/sv\/wp-json\/wp\/v2\/media\/2193"}],"wp:attachment":[{"href":"https:\/\/cmykprinted.com\/sv\/wp-json\/wp\/v2\/media?parent=2189"}],"wp:term":[{"taxonomy":"product_cat","embeddable":true,"href":"https:\/\/cmykprinted.com\/sv\/wp-json\/wp\/v2\/product_cat?post=2189"},{"taxonomy":"product_tag","embeddable":true,"href":"https:\/\/cmykprinted.com\/sv\/wp-json\/wp\/v2\/product_tag?post=2189"}],"curies":[{"name":"wp","href":"https:\/\/api.w.org\/{rel}","templated":true}]}}