{"id":2213,"date":"2024-09-30T03:03:20","date_gmt":"2024-09-30T03:03:20","guid":{"rendered":"https:\/\/cmykprinted.com\/?post_type=product&#038;p=2213"},"modified":"2024-10-02T12:51:57","modified_gmt":"2024-10-02T12:51:57","slug":"oval-pop-up-a-frame-banner-with-fast-turnaround","status":"publish","type":"product","link":"https:\/\/cmykprinted.com\/sv\/produkt\/oval-pop-up-en-ram-banner-med-snabb-aterkoppling\/","title":{"rendered":"Oval pop up en rambanner med snabb v\u00e4ndning"},"content":{"rendered":"","protected":false},"excerpt":{"rendered":"<p>P\u00e5 dagens konkurrensutsatta marknad \u00e4r det viktigt att f\u00e5 ditt varum\u00e4rke att sticka ut. Ange Pop Up A<\/p>\n<p>Frame Banner \u2013 en l\u00e4tt, b\u00e4rbar och mycket effektiv displayl\u00f6sning perfekt f\u00f6r b\u00e5de inomhus- och utomhusevenemang. Dessa m\u00e5ngsidiga banderoller \u00e4r designade f\u00f6r omedelbar synlighet och \u00e4r idealiska f\u00f6r sportevenemang, m\u00e4ssor, kampanjer och v\u00e4gvisande skyltar.<\/p>\n<p><strong>Nyckelfunktioner<\/strong><br \/>\n<strong>B\u00e4rbarhet och bekv\u00e4mlighet:<\/strong><br \/>\nOval Pop Up A-Frame banners \u00e4r designade med r\u00f6rlighet i \u00e5tanke. Deras hopf\u00e4llbara metallram kollapsar utan anstr\u00e4ngning till en kompakt f\u00f6rvaringsv\u00e4ska, vilket g\u00f6r transport och installation till en lek. Oavsett om du \u00e4r p\u00e5 v\u00e4g till en m\u00e4ssa eller ett sportevenemang, kan du enkelt ta dessa banderoller dit du beh\u00f6ver maximal exponering.<\/p>\n<p><strong>S\u00e4kerheten f\u00f6rst:<\/strong><br \/>\nEn av de utm\u00e4rkande egenskaperna hos A-ramdesignen \u00e4r dess s\u00e4kerhet. Till skillnad fr\u00e5n stela sk\u00e4rmar utg\u00f6r dessa banderoller ingen risk f\u00f6r skador p\u00e5 spelare eller deltagare p\u00e5 idrottsplaner, vilket g\u00f6r dem till ett praktiskt val f\u00f6r utomhusevenemang.<\/p>\n<p><strong>Anpassningsbara storlekar och former:<\/strong><br \/>\nFinns i fyra storlekar \u2013 Small (62 x 126 cm), Medium (65 x 160 cm), Large (100 x 200 cm) och Extra Large (110 x 270 cm) \u2013 Pop Up A-Frame kan skr\u00e4ddarsys f\u00f6r att passa vilket tillf\u00e4lle som helst. Varje banderoll \u00e4r dubbelsidig med full dye sublimation tryck, vilket s\u00e4kerst\u00e4ller levande grafik som drar till sig uppm\u00e4rksamhet fr\u00e5n alla vinklar.<\/p>\n<p><strong>Stabilitet under alla f\u00f6rh\u00e5llanden:<\/strong><br \/>\nF\u00f6r att s\u00e4kerst\u00e4lla stabilitet kommer varje banderoll med markp\u00e5lar f\u00f6r anv\u00e4ndning p\u00e5 mjuka ytor som sand, gr\u00e4s, sn\u00f6 eller jord. P\u00e5 h\u00e5rda ytor tynger du dem helt enkelt f\u00f6r \u00f6kad s\u00e4kerhet. Denna funktion s\u00e4kerst\u00e4ller att din banner f\u00f6rblir uppr\u00e4tt och synlig, oavsett milj\u00f6.<\/p>\n<p><strong>Perfekt f\u00f6r alla evenemang<\/strong><br \/>\nPop Up A-Frame-banderollerna \u00e4r s\u00e4rskilt v\u00e4l l\u00e4mpade f\u00f6r utomhusevenemang som l\u00f6part\u00e4vlingar, golfturneringar och festivaler. Deras enkla installations-, demonterings- och lagringsm\u00f6jligheter g\u00f6r dem till ett perfekt val f\u00f6r evenemangsarrang\u00f6rer som vill maximera varum\u00e4rkesvisning och engagemang.<\/p>\n<div style=\"width: 800px;\" class=\"wp-video\"><!--[if lt IE 9]><script>document.createElement('video');<\/script><![endif]--><br \/>\n<video class=\"wp-video-shortcode\" id=\"video-2213-1\" width=\"800\" height=\"800\" preload=\"metadata\" controls=\"controls\"><source type=\"video\/mp4\" src=\"https:\/\/cmykprinted.com\/wp-content\/uploads\/2024\/09\/pop-up-a-frame-banner-01.mp4?_=1\" \/><a href=\"https:\/\/cmykprinted.com\/wp-content\/uploads\/2024\/09\/pop-up-a-frame-banner-01.mp4\">https:\/\/cmykprinted.com\/wp-content\/uploads\/2024\/09\/pop-up-a-frame-banner-01.mp4<\/a><\/video><\/div>","protected":false},"featured_media":2217,"template":"","meta":{"_kad_post_transparent":"default","_kad_post_title":"hide","_kad_post_layout":"fullwidth","_kad_post_sidebar_id":"","_kad_post_content_style":"unboxed","_kad_post_vertical_padding":"hide","_kad_post_feature":"hide","_kad_post_feature_position":"","_kad_post_header":false,"_kad_post_footer":false},"product_cat":[92,94],"product_tag":[506,505,504,128],"class_list":{"0":"post-2213","1":"product","2":"type-product","3":"status-publish","4":"has-post-thumbnail","6":"product_cat-pop-up-banners","7":"product_cat-horizontal-pop-up-banners","8":"product_tag-a-frame-banner","9":"product_tag-oval-pop-up-a-frame-banner","10":"product_tag-pop-up-a-frame-banner","11":"product_tag-pop-up-banner","13":"first","14":"instock","15":"shipping-taxable","16":"product-type-simple","17":"entry","18":"content-bg","19":"loop-entry"},"_links":{"self":[{"href":"https:\/\/cmykprinted.com\/sv\/wp-json\/wp\/v2\/product\/2213","targetHints":{"allow":["GET"]}}],"collection":[{"href":"https:\/\/cmykprinted.com\/sv\/wp-json\/wp\/v2\/product"}],"about":[{"href":"https:\/\/cmykprinted.com\/sv\/wp-json\/wp\/v2\/types\/product"}],"version-history":[{"count":1,"href":"https:\/\/cmykprinted.com\/sv\/wp-json\/wp\/v2\/product\/2213\/revisions"}],"predecessor-version":[{"id":2222,"href":"https:\/\/cmykprinted.com\/sv\/wp-json\/wp\/v2\/product\/2213\/revisions\/2222"}],"wp:featuredmedia":[{"embeddable":true,"href":"https:\/\/cmykprinted.com\/sv\/wp-json\/wp\/v2\/media\/2217"}],"wp:attachment":[{"href":"https:\/\/cmykprinted.com\/sv\/wp-json\/wp\/v2\/media?parent=2213"}],"wp:term":[{"taxonomy":"product_cat","embeddable":true,"href":"https:\/\/cmykprinted.com\/sv\/wp-json\/wp\/v2\/product_cat?post=2213"},{"taxonomy":"product_tag","embeddable":true,"href":"https:\/\/cmykprinted.com\/sv\/wp-json\/wp\/v2\/product_tag?post=2213"}],"curies":[{"name":"wp","href":"https:\/\/api.w.org\/{rel}","templated":true}]}}