{"id":2452,"date":"2025-04-23T09:23:08","date_gmt":"2025-04-23T09:23:08","guid":{"rendered":"https:\/\/cmykprinted.com\/?post_type=product&#038;p=2452"},"modified":"2025-04-23T09:23:08","modified_gmt":"2025-04-23T09:23:08","slug":"custom-trade-show-table-drapes","status":"publish","type":"product","link":"https:\/\/cmykprinted.com\/sv\/produkt\/anpassade-massbord-dukar\/","title":{"rendered":"Anpassade m\u00e4ssbordsgardiner"},"content":{"rendered":"","protected":false},"excerpt":{"rendered":"<p>F\u00e5 dina kunder att lysa p\u00e5 sin n\u00e4sta m\u00e4ssa eller presentation med v\u00e5ra i\u00f6gonfallande, h\u00f6gkvalitativa, specialtryckta m\u00e4ssbordsgardiner. Tillg\u00e4ngliga i b\u00e5de 3-sidig design med \u00f6ppen rygg och 4-sidig stil med st\u00e4ngd rygg, dessa \u00f6verdrag \u00e4r skr\u00e4ddarsydda f\u00f6r att passa alla bord perfekt, som 4 fot, 6 fot och 8 fot eller skr\u00e4ddarsydda. Tillverkade av slitstark 8,8 OZ polyester och tryckta med avancerad f\u00e4rgsublimeringsteknik, dessa Trade Show Bordsdukar \u00e4r byggda f\u00f6r att t\u00e5la den hektiska milj\u00f6n under alla evenemang.<\/p>\n<p>Att h\u00e5lla en m\u00e4ssmonter snygg och snygg kan vara en utmaning, s\u00e4rskilt med enstaka spill. Lyckligtvis g\u00f6r v\u00e5ra helt tv\u00e4ttbara, fullf\u00e4rgade bordsdukar st\u00e4dningen till en lek. Dina kunder kommer att uppskatta bekv\u00e4mligheten av att kunna sl\u00e4nga duken i tv\u00e4ttmaskinen vid slutet av dagen \u2013 \u00e5terst\u00e4lla dess dj\u00e4rva, livfulla f\u00e4rger \u00f6ver natten. Med v\u00e5ra skr\u00e4ddarsydda m\u00e4ssbordsgardiner kan dina kunder h\u00e5lla sina b\u00e5s snygga och professionella dag efter dag.<\/p>","protected":false},"featured_media":2457,"template":"","meta":{"_kad_post_transparent":"default","_kad_post_title":"hide","_kad_post_layout":"fullwidth","_kad_post_sidebar_id":"","_kad_post_content_style":"unboxed","_kad_post_vertical_padding":"hide","_kad_post_feature":"hide","_kad_post_feature_position":"","_kad_post_header":false,"_kad_post_footer":false},"product_cat":[80,81],"product_tag":[552,551],"class_list":{"0":"post-2452","1":"product","2":"type-product","3":"status-publish","4":"has-post-thumbnail","6":"product_cat-custom-tablecloth","7":"product_cat-custom-stretch-tablecloth","8":"product_tag-custom-trade-show-table-drapes","9":"product_tag-trade-show-table-drapes","11":"first","12":"instock","13":"shipping-taxable","14":"product-type-simple","15":"entry","16":"content-bg","17":"loop-entry"},"_links":{"self":[{"href":"https:\/\/cmykprinted.com\/sv\/wp-json\/wp\/v2\/product\/2452","targetHints":{"allow":["GET"]}}],"collection":[{"href":"https:\/\/cmykprinted.com\/sv\/wp-json\/wp\/v2\/product"}],"about":[{"href":"https:\/\/cmykprinted.com\/sv\/wp-json\/wp\/v2\/types\/product"}],"version-history":[{"count":1,"href":"https:\/\/cmykprinted.com\/sv\/wp-json\/wp\/v2\/product\/2452\/revisions"}],"predecessor-version":[{"id":2458,"href":"https:\/\/cmykprinted.com\/sv\/wp-json\/wp\/v2\/product\/2452\/revisions\/2458"}],"wp:featuredmedia":[{"embeddable":true,"href":"https:\/\/cmykprinted.com\/sv\/wp-json\/wp\/v2\/media\/2457"}],"wp:attachment":[{"href":"https:\/\/cmykprinted.com\/sv\/wp-json\/wp\/v2\/media?parent=2452"}],"wp:term":[{"taxonomy":"product_cat","embeddable":true,"href":"https:\/\/cmykprinted.com\/sv\/wp-json\/wp\/v2\/product_cat?post=2452"},{"taxonomy":"product_tag","embeddable":true,"href":"https:\/\/cmykprinted.com\/sv\/wp-json\/wp\/v2\/product_tag?post=2452"}],"curies":[{"name":"wp","href":"https:\/\/api.w.org\/{rel}","templated":true}]}}