{"id":2471,"date":"2025-05-09T08:04:34","date_gmt":"2025-05-09T08:04:34","guid":{"rendered":"https:\/\/cmykprinted.com\/?post_type=product&#038;p=2471"},"modified":"2025-05-09T08:04:34","modified_gmt":"2025-05-09T08:04:34","slug":"cheap-outdoor-printed-mesh-banners-for-fence","status":"publish","type":"product","link":"https:\/\/cmykprinted.com\/sv\/produkt\/billiga-utomhus-tryckta-natbanderoller-for-staket\/","title":{"rendered":"Billiga utomhustryckta n\u00e4tbanderoller f\u00f6r staket"},"content":{"rendered":"","protected":false},"excerpt":{"rendered":"<p>Att s\u00e4tta upp reklamn\u00e4tbanderoller p\u00e5 staket \u00e4r ett mycket effektivt s\u00e4tt att marknadsf\u00f6ra varum\u00e4rken. Staket kan ses \u00f6verallt, och l\u00e4tta n\u00e4tbanderoller kan installeras p\u00e5 b\u00e5da sidor. Denna typ av banderoll \u00e4r vattent\u00e4t och solt\u00e5lig och mycket enkel att installera. Vanligtvis s\u00e4tter vi \u00f6ljetter runt banderollen, s\u00e5 att banderollen kan knytas till staketet med remmar, vilket \u00e4r mycket fast. Och vi lindar banderollens kanter med v\u00e4vband f\u00f6r att g\u00f6ra banderollen mer h\u00e5llbar. Den \u00e4r inte l\u00e4tt att slitas s\u00f6nder av vinden. N\u00e4tbanderollens yta har m\u00e5nga h\u00e5l, s\u00e5 den har starkt vindmotst\u00e5nd, och vinden kan passera direkt genom banderollens yta. Till skillnad fr\u00e5n PVC-banderoller, som inte har n\u00e5gra h\u00e5l, sk\u00e4r man ibland medvetet n\u00e5gra snitt p\u00e5 ytan med sax f\u00f6r att g\u00f6ra PVC-banderoller mer h\u00e5llbara, vilket f\u00f6rst\u00f6r integriteten p\u00e5 hela m\u00e5lningen.<\/p>\n<div style=\"width: 960px;\" class=\"wp-video\"><!--[if lt IE 9]><script>document.createElement('video');<\/script><![endif]--><br \/>\n<video class=\"wp-video-shortcode\" id=\"video-2471-1\" width=\"960\" height=\"540\" preload=\"metadata\" controls=\"controls\"><source type=\"video\/mp4\" src=\"https:\/\/cmykprinted.com\/wp-content\/uploads\/2025\/02\/Barrier-Covers.mp4?_=1\" \/><a href=\"https:\/\/cmykprinted.com\/wp-content\/uploads\/2025\/02\/Barrier-Covers.mp4\">https:\/\/cmykprinted.com\/wp-content\/uploads\/2025\/02\/Barrier-Covers.mp4<\/a><\/video><\/div>\n<p>r<\/p>\n<div style=\"width: 960px;\" class=\"wp-video\"><video class=\"wp-video-shortcode\" id=\"video-2471-2\" width=\"960\" height=\"540\" preload=\"metadata\" controls=\"controls\"><source type=\"video\/mp4\" src=\"https:\/\/cmykprinted.com\/wp-content\/uploads\/2025\/02\/Fence-Mesh-Signage.mp4?_=2\" \/><a href=\"https:\/\/cmykprinted.com\/wp-content\/uploads\/2025\/02\/Fence-Mesh-Signage.mp4\">https:\/\/cmykprinted.com\/wp-content\/uploads\/2025\/02\/Fence-Mesh-Signage.mp4<\/a><\/video><\/div>","protected":false},"featured_media":2477,"template":"","meta":{"_kad_post_transparent":"default","_kad_post_title":"hide","_kad_post_layout":"fullwidth","_kad_post_sidebar_id":"","_kad_post_content_style":"unboxed","_kad_post_vertical_padding":"hide","_kad_post_feature":"hide","_kad_post_feature_position":"","_kad_post_header":false,"_kad_post_footer":false},"product_cat":[85,86],"product_tag":[554,553,555],"class_list":{"0":"post-2471","1":"product","2":"type-product","3":"status-publish","4":"has-post-thumbnail","6":"product_cat-outdoor-vinyl-banners","7":"product_cat-fence-mesh-banners","8":"product_tag-cheap-outdoor-printed-mesh-banners","9":"product_tag-mesh-banners-for-fence","10":"product_tag-printed-mesh-banners","12":"first","13":"instock","14":"shipping-taxable","15":"product-type-simple","16":"entry","17":"content-bg","18":"loop-entry"},"_links":{"self":[{"href":"https:\/\/cmykprinted.com\/sv\/wp-json\/wp\/v2\/product\/2471","targetHints":{"allow":["GET"]}}],"collection":[{"href":"https:\/\/cmykprinted.com\/sv\/wp-json\/wp\/v2\/product"}],"about":[{"href":"https:\/\/cmykprinted.com\/sv\/wp-json\/wp\/v2\/types\/product"}],"version-history":[{"count":1,"href":"https:\/\/cmykprinted.com\/sv\/wp-json\/wp\/v2\/product\/2471\/revisions"}],"predecessor-version":[{"id":2480,"href":"https:\/\/cmykprinted.com\/sv\/wp-json\/wp\/v2\/product\/2471\/revisions\/2480"}],"wp:featuredmedia":[{"embeddable":true,"href":"https:\/\/cmykprinted.com\/sv\/wp-json\/wp\/v2\/media\/2477"}],"wp:attachment":[{"href":"https:\/\/cmykprinted.com\/sv\/wp-json\/wp\/v2\/media?parent=2471"}],"wp:term":[{"taxonomy":"product_cat","embeddable":true,"href":"https:\/\/cmykprinted.com\/sv\/wp-json\/wp\/v2\/product_cat?post=2471"},{"taxonomy":"product_tag","embeddable":true,"href":"https:\/\/cmykprinted.com\/sv\/wp-json\/wp\/v2\/product_tag?post=2471"}],"curies":[{"name":"wp","href":"https:\/\/api.w.org\/{rel}","templated":true}]}}