{"id":2511,"date":"2025-05-15T07:32:48","date_gmt":"2025-05-15T07:32:48","guid":{"rendered":"https:\/\/cmykprinted.com\/?post_type=product&#038;p=2511"},"modified":"2025-05-15T07:37:54","modified_gmt":"2025-05-15T07:37:54","slug":"6-foot-logo-table-covers-for-trade-shows","status":"publish","type":"product","link":"https:\/\/cmykprinted.com\/sv\/produkt\/6-fots-logoborddukar-for-massor\/","title":{"rendered":"1,8 meter l\u00e5nga bordsdukar med logotyp f\u00f6r m\u00e4ssor"},"content":{"rendered":"","protected":false},"excerpt":{"rendered":"<p>En mycket effektiv och budgetv\u00e4nlig metod f\u00f6r att lyfta din m\u00e4ssmonter \u00e4r att anv\u00e4nda visuellt sl\u00e5ende specialdesignade bordsdukar. Med hj\u00e4lp av v\u00e5r avancerade sublimeringsteknik ser dessa dukar inte bara imponerande ut utan \u00e4r ocks\u00e5 l\u00e4tta, enkla att montera och l\u00e4ttsk\u00f6tta. Detta g\u00f6r dem till ett toppval f\u00f6r m\u00e4ssdeltagare. De tryckta designerna visar upp din varum\u00e4rkesidentitet. Du kan anpassa dina bordsdukar f\u00f6r evenemanget genom att inkludera varum\u00e4rkeselement som din f\u00f6retagslogotyp, kontaktinformation, bilder och varum\u00e4rkets signaturf\u00e4rger.<\/p>\n<div style=\"width: 1280px;\" class=\"wp-video\"><!--[if lt IE 9]><script>document.createElement('video');<\/script><![endif]--><br \/>\n<video class=\"wp-video-shortcode\" id=\"video-2511-1\" width=\"1280\" height=\"720\" preload=\"metadata\" controls=\"controls\"><source type=\"video\/mp4\" src=\"https:\/\/cmykprinted.com\/wp-content\/uploads\/2025\/05\/Logo-Table-Covers-for-Trade-Shows-01.mp4?_=1\" \/><a href=\"https:\/\/cmykprinted.com\/wp-content\/uploads\/2025\/05\/Logo-Table-Covers-for-Trade-Shows-01.mp4\">https:\/\/cmykprinted.com\/wp-content\/uploads\/2025\/05\/Logo-Table-Covers-for-Trade-Shows-01.mp4<\/a><\/video><\/div>","protected":false},"featured_media":2518,"template":"","meta":{"_kad_post_transparent":"default","_kad_post_title":"hide","_kad_post_layout":"fullwidth","_kad_post_sidebar_id":"","_kad_post_content_style":"unboxed","_kad_post_vertical_padding":"hide","_kad_post_feature":"hide","_kad_post_feature_position":"","_kad_post_header":false,"_kad_post_footer":false},"product_cat":[80,81],"product_tag":[560,561,559],"class_list":{"0":"post-2511","1":"product","2":"type-product","3":"status-publish","4":"has-post-thumbnail","6":"product_cat-custom-tablecloth","7":"product_cat-custom-stretch-tablecloth","8":"product_tag-6-foot-logo-table-covers-for-trade-shows","9":"product_tag-6-foot-table-covers","10":"product_tag-table-covers-for-trade-shows","12":"first","13":"instock","14":"shipping-taxable","15":"product-type-simple","16":"entry","17":"content-bg","18":"loop-entry"},"_links":{"self":[{"href":"https:\/\/cmykprinted.com\/sv\/wp-json\/wp\/v2\/product\/2511","targetHints":{"allow":["GET"]}}],"collection":[{"href":"https:\/\/cmykprinted.com\/sv\/wp-json\/wp\/v2\/product"}],"about":[{"href":"https:\/\/cmykprinted.com\/sv\/wp-json\/wp\/v2\/types\/product"}],"version-history":[{"count":3,"href":"https:\/\/cmykprinted.com\/sv\/wp-json\/wp\/v2\/product\/2511\/revisions"}],"predecessor-version":[{"id":2522,"href":"https:\/\/cmykprinted.com\/sv\/wp-json\/wp\/v2\/product\/2511\/revisions\/2522"}],"wp:featuredmedia":[{"embeddable":true,"href":"https:\/\/cmykprinted.com\/sv\/wp-json\/wp\/v2\/media\/2518"}],"wp:attachment":[{"href":"https:\/\/cmykprinted.com\/sv\/wp-json\/wp\/v2\/media?parent=2511"}],"wp:term":[{"taxonomy":"product_cat","embeddable":true,"href":"https:\/\/cmykprinted.com\/sv\/wp-json\/wp\/v2\/product_cat?post=2511"},{"taxonomy":"product_tag","embeddable":true,"href":"https:\/\/cmykprinted.com\/sv\/wp-json\/wp\/v2\/product_tag?post=2511"}],"curies":[{"name":"wp","href":"https:\/\/api.w.org\/{rel}","templated":true}]}}