{"id":2524,"date":"2025-05-16T07:24:19","date_gmt":"2025-05-16T07:24:19","guid":{"rendered":"https:\/\/cmykprinted.com\/?post_type=product&#038;p=2524"},"modified":"2025-05-16T07:24:19","modified_gmt":"2025-05-16T07:24:19","slug":"custom-table-cloths-for-6-foot-table","status":"publish","type":"product","link":"https:\/\/cmykprinted.com\/sv\/produkt\/skraddarsydda-bordsdukar-for-6-fots-bord\/","title":{"rendered":"Anpassade dukar f\u00f6r 1,8 meter h\u00f6gt bord"},"content":{"rendered":"","protected":false},"excerpt":{"rendered":"<p>Anpassade dukar f\u00f6r 1,8 meter h\u00f6gt bord \u2013 Personlig elegans och funktionalitet<\/p>\n<p>F\u00f6rvandla alla evenemang, m\u00e4ssor eller matsalar med v\u00e5ra f\u00f6rstklassiga specialdesignade dukar f\u00f6r 1,8 meter h\u00f6ga bord. V\u00e5ra dukar \u00e4r utformade f\u00f6r att passa perfekt till vanliga rektangul\u00e4ra bord p\u00e5 1,8 meter (vanligtvis 183 cm l\u00e5nga, 76 cm breda och 74-76 cm h\u00f6ga) och erbjuder den perfekta kombinationen av skr\u00e4ddarsydd design, h\u00f6gkvalitativt tyg och personlig stil. Oavsett om du marknadsf\u00f6r ditt f\u00f6retag eller lyfter din heminredning, levererar dessa specialdesignade dukar b\u00e5de sk\u00f6nhet och praktiskhet.<\/p>\n<p>Skr\u00e4ddarsydd passform f\u00f6r ett professionellt utseende<br \/>\nV\u00e5ra specialdesignade dukar \u00e4r precisionsframst\u00e4llda f\u00f6r att s\u00e4kerst\u00e4lla en t\u00e4t och elegant passform p\u00e5 ett 1,8 meter h\u00f6gt bord. Proportionerna \u00e4r utformade f\u00f6r att falla smidigt \u00e5t alla sidor, vilket ger ett rent och skrynkelfritt utseende som f\u00f6rst\u00e4rker estetiken i din presentation eller ditt evenemang. Oavsett om de anv\u00e4nds f\u00f6r formella banketter, utst\u00e4llningar eller avslappnade sammankomster, ger den \u00e5tsittande stilen en touch av professionalism och sofistikering.<\/p>\n<div style=\"width: 1280px;\" class=\"wp-video\"><!--[if lt IE 9]><script>document.createElement('video');<\/script><![endif]--><br \/>\n<video class=\"wp-video-shortcode\" id=\"video-2524-1\" width=\"1280\" height=\"720\" preload=\"metadata\" controls=\"controls\"><source type=\"video\/mp4\" src=\"https:\/\/cmykprinted.com\/wp-content\/uploads\/2025\/05\/Logo-Table-Covers-for-Trade-Shows-01.mp4?_=1\" \/><a href=\"https:\/\/cmykprinted.com\/wp-content\/uploads\/2025\/05\/Logo-Table-Covers-for-Trade-Shows-01.mp4\">https:\/\/cmykprinted.com\/wp-content\/uploads\/2025\/05\/Logo-Table-Covers-for-Trade-Shows-01.mp4<\/a><\/video><\/div>","protected":false},"featured_media":2527,"template":"","meta":{"_kad_post_transparent":"default","_kad_post_title":"hide","_kad_post_layout":"fullwidth","_kad_post_sidebar_id":"","_kad_post_content_style":"unboxed","_kad_post_vertical_padding":"hide","_kad_post_feature":"hide","_kad_post_feature_position":"","_kad_post_header":false,"_kad_post_footer":false},"product_cat":[80,81],"product_tag":[563,158,562],"class_list":{"0":"post-2524","1":"product","2":"type-product","3":"status-publish","4":"has-post-thumbnail","6":"product_cat-custom-tablecloth","7":"product_cat-custom-stretch-tablecloth","8":"product_tag-custom-table-cloths","9":"product_tag-custom-tablecloth","10":"product_tag-tablecloth-for-6-foot-table","12":"first","13":"instock","14":"shipping-taxable","15":"product-type-simple","16":"entry","17":"content-bg","18":"loop-entry"},"_links":{"self":[{"href":"https:\/\/cmykprinted.com\/sv\/wp-json\/wp\/v2\/product\/2524","targetHints":{"allow":["GET"]}}],"collection":[{"href":"https:\/\/cmykprinted.com\/sv\/wp-json\/wp\/v2\/product"}],"about":[{"href":"https:\/\/cmykprinted.com\/sv\/wp-json\/wp\/v2\/types\/product"}],"version-history":[{"count":2,"href":"https:\/\/cmykprinted.com\/sv\/wp-json\/wp\/v2\/product\/2524\/revisions"}],"predecessor-version":[{"id":2530,"href":"https:\/\/cmykprinted.com\/sv\/wp-json\/wp\/v2\/product\/2524\/revisions\/2530"}],"wp:featuredmedia":[{"embeddable":true,"href":"https:\/\/cmykprinted.com\/sv\/wp-json\/wp\/v2\/media\/2527"}],"wp:attachment":[{"href":"https:\/\/cmykprinted.com\/sv\/wp-json\/wp\/v2\/media?parent=2524"}],"wp:term":[{"taxonomy":"product_cat","embeddable":true,"href":"https:\/\/cmykprinted.com\/sv\/wp-json\/wp\/v2\/product_cat?post=2524"},{"taxonomy":"product_tag","embeddable":true,"href":"https:\/\/cmykprinted.com\/sv\/wp-json\/wp\/v2\/product_tag?post=2524"}],"curies":[{"name":"wp","href":"https:\/\/api.w.org\/{rel}","templated":true}]}}