{"id":2545,"date":"2025-05-19T09:09:51","date_gmt":"2025-05-19T09:09:51","guid":{"rendered":"https:\/\/cmykprinted.com\/?post_type=product&#038;p=2545"},"modified":"2025-05-19T09:09:51","modified_gmt":"2025-05-19T09:09:51","slug":"custom-step-and-repeat-logo-wall-backdrop","status":"publish","type":"product","link":"https:\/\/cmykprinted.com\/sv\/produkt\/anpassad-step-och-repeat-logotyp-vagg-bakgrund\/","title":{"rendered":"Anpassad Step and Repeat-logotypv\u00e4ggbakgrund"},"content":{"rendered":"","protected":false},"excerpt":{"rendered":"<p>Den anpassade Step and Repeat-logotypv\u00e4ggbakgrunden \u00e4r en professionell och i\u00f6gonfallande l\u00f6sning f\u00f6r evenemang, r\u00f6da mattor, presskonferenser och fototillf\u00e4llen. Bakgrunden \u00e4r utformad f\u00f6r att tydligt visa logotyper i ett upprepande m\u00f6nster, f\u00f6rb\u00e4ttrar varum\u00e4rkets synlighet och skapar en elegant och effektfull milj\u00f6. Den har en h\u00e5llbar, justerbar ram och ett h\u00f6gkvalitativt tyg- eller vinyltryck, specialdesignat med dina logotyper eller grafik. Den \u00e4r enkel att montera och transportera, perfekt f\u00f6r reklamevenemang, mediev\u00e4ggar eller sponsorskap. Den s\u00f6ml\u00f6sa designen s\u00e4kerst\u00e4ller ett rent och professionellt utseende i varje foto. Step and Repeat-bakgrunden \u00e4r idealisk f\u00f6r marknadsf\u00f6ring, PR eller f\u00f6retagsvarum\u00e4rkesbyggande och ger b\u00e5de stil och exponering i en m\u00e5ngsidig display.<\/p>\n<div style=\"width: 1280px;\" class=\"wp-video\"><!--[if lt IE 9]><script>document.createElement('video');<\/script><![endif]--><br \/>\n<video class=\"wp-video-shortcode\" id=\"video-2545-1\" width=\"1280\" height=\"720\" preload=\"metadata\" controls=\"controls\"><source type=\"video\/mp4\" src=\"https:\/\/cmykprinted.com\/wp-content\/uploads\/2025\/05\/Custom-Step-and-Repeat-Backdrop.mp4?_=1\" \/><a href=\"https:\/\/cmykprinted.com\/wp-content\/uploads\/2025\/05\/Custom-Step-and-Repeat-Backdrop.mp4\">https:\/\/cmykprinted.com\/wp-content\/uploads\/2025\/05\/Custom-Step-and-Repeat-Backdrop.mp4<\/a><\/video><\/div>","protected":false},"featured_media":2548,"template":"","meta":{"_kad_post_transparent":"default","_kad_post_title":"hide","_kad_post_layout":"fullwidth","_kad_post_sidebar_id":"","_kad_post_content_style":"unboxed","_kad_post_vertical_padding":"hide","_kad_post_feature":"hide","_kad_post_feature_position":"","_kad_post_header":false,"_kad_post_footer":false},"product_cat":[97,98],"product_tag":[567,566,568],"class_list":{"0":"post-2545","1":"product","2":"type-product","3":"status-publish","4":"has-post-thumbnail","6":"product_cat-tension-fabric-displays","7":"product_cat-curved-tension-fabric-pop-up-displays","8":"product_tag-custom-step-and-repeat-backdrop","9":"product_tag-logo-wall-backdrop","10":"product_tag-step-and-repeat-logo-backdrop","12":"first","13":"instock","14":"shipping-taxable","15":"product-type-simple","16":"entry","17":"content-bg","18":"loop-entry"},"_links":{"self":[{"href":"https:\/\/cmykprinted.com\/sv\/wp-json\/wp\/v2\/product\/2545","targetHints":{"allow":["GET"]}}],"collection":[{"href":"https:\/\/cmykprinted.com\/sv\/wp-json\/wp\/v2\/product"}],"about":[{"href":"https:\/\/cmykprinted.com\/sv\/wp-json\/wp\/v2\/types\/product"}],"version-history":[{"count":1,"href":"https:\/\/cmykprinted.com\/sv\/wp-json\/wp\/v2\/product\/2545\/revisions"}],"predecessor-version":[{"id":2552,"href":"https:\/\/cmykprinted.com\/sv\/wp-json\/wp\/v2\/product\/2545\/revisions\/2552"}],"wp:featuredmedia":[{"embeddable":true,"href":"https:\/\/cmykprinted.com\/sv\/wp-json\/wp\/v2\/media\/2548"}],"wp:attachment":[{"href":"https:\/\/cmykprinted.com\/sv\/wp-json\/wp\/v2\/media?parent=2545"}],"wp:term":[{"taxonomy":"product_cat","embeddable":true,"href":"https:\/\/cmykprinted.com\/sv\/wp-json\/wp\/v2\/product_cat?post=2545"},{"taxonomy":"product_tag","embeddable":true,"href":"https:\/\/cmykprinted.com\/sv\/wp-json\/wp\/v2\/product_tag?post=2545"}],"curies":[{"name":"wp","href":"https:\/\/api.w.org\/{rel}","templated":true}]}}