{"id":2582,"date":"2025-05-21T06:04:22","date_gmt":"2025-05-21T06:04:22","guid":{"rendered":"https:\/\/cmykprinted.com\/?post_type=product&#038;p=2582"},"modified":"2025-05-21T06:04:22","modified_gmt":"2025-05-21T06:04:22","slug":"custom-feather-flags-australia-queensland-beach-banners","status":"publish","type":"product","link":"https:\/\/cmykprinted.com\/sv\/produkt\/anpassade-fjader-flaggor-australien-queensland-strand-bandroller\/","title":{"rendered":"Anpassade fj\u00e4derflaggor Australien Queensland strandbanderoller"},"content":{"rendered":"","protected":false},"excerpt":{"rendered":"<p>Anpassade fj\u00e4derflaggor \u00e4r ett livfullt och effektivt s\u00e4tt att marknadsf\u00f6ra ditt f\u00f6retag, varum\u00e4rke eller evenemang \u00f6ver hela Australien. Dessa i\u00f6gonfallande banderoller \u00e4r designade f\u00f6r h\u00f6g synlighet och perfekta f\u00f6r utomhusmarknader, butiker, festivaler, sportevenemang och m\u00e4ssor. Oavsett om du \u00e4r ett litet f\u00f6retag eller ett nationellt varum\u00e4rke erbjuder fj\u00e4derflaggor en professionell och prisv\u00e4rd reklaml\u00f6sning.<\/p>\n<p>I Australiens varierande klimat \u00e4r v\u00e5ra fj\u00e4derflaggor byggda f\u00f6r att h\u00e5lla. Tillverkade av slitstarkt polyestertyg och tryckta med UV-resistenta f\u00e4rger, t\u00e5l de h\u00e5rd sol, vind och regn. Den l\u00e4tta designen g\u00f6r dem enkla att s\u00e4tta upp, transportera och flytta n\u00e4r det beh\u00f6vs.<\/p>\n<p>Du kan v\u00e4lja mellan enkelsidig eller dubbelsidig utskrift, beroende p\u00e5 dina synlighetsbehov. Varje flagga kan anpassas helt med din logotyp, f\u00e4rger och budskap, vilket hj\u00e4lper dig att sticka ut p\u00e5 alla platser. Olika storlekar och basalternativ finns tillg\u00e4ngliga f\u00f6r att passa olika ytor \u2013 oavsett om du beh\u00f6ver markspett f\u00f6r str\u00e4nder och f\u00e4lt, eller kryssfot med vattenp\u00e5sar f\u00f6r betong eller inomhusomr\u00e5den.<\/p>\n<p>Fr\u00e5n Melbourne till Brisbane, Sydney till Perth, f\u00f6rser vi f\u00f6retag \u00f6ver hela landet med specialdesignade fj\u00e4derflaggor som \u00e4r snabba att producera och enkla att installera. V\u00e5rt team finns h\u00e4r f\u00f6r att st\u00f6dja dig med design, tryck och leverans, vilket garanterar en smidig och p\u00e5litlig upplevelse varje g\u00e5ng.<\/p>\n<p>V\u00e4lj specialdesignade fj\u00e4derflaggor i Australien f\u00f6r att f\u00f6rb\u00e4ttra din varum\u00e4rkesn\u00e4rvaro och dra till dig uppm\u00e4rksamhet vart du \u00e4n g\u00e5r.<\/p>","protected":false},"featured_media":2584,"template":"","meta":{"_kad_post_transparent":"default","_kad_post_title":"hide","_kad_post_layout":"fullwidth","_kad_post_sidebar_id":"","_kad_post_content_style":"unboxed","_kad_post_vertical_padding":"hide","_kad_post_feature":"hide","_kad_post_feature_position":"","_kad_post_header":false,"_kad_post_footer":false},"product_cat":[64,65,66,67],"product_tag":[321,573,574,575],"class_list":{"0":"post-2582","1":"product","2":"type-product","3":"status-publish","4":"has-post-thumbnail","6":"product_cat-beach-flags","7":"product_cat-feather-flags-banners","8":"product_cat-rectangular-flags-banners","9":"product_cat-teardrop-flags-banners","10":"product_tag-custom-feather-flags","11":"product_tag-feather-flags-australia","12":"product_tag-feather-flags-queensland","13":"product_tag-queensland-beach-banners","15":"first","16":"instock","17":"shipping-taxable","18":"product-type-simple","19":"entry","20":"content-bg","21":"loop-entry"},"_links":{"self":[{"href":"https:\/\/cmykprinted.com\/sv\/wp-json\/wp\/v2\/product\/2582","targetHints":{"allow":["GET"]}}],"collection":[{"href":"https:\/\/cmykprinted.com\/sv\/wp-json\/wp\/v2\/product"}],"about":[{"href":"https:\/\/cmykprinted.com\/sv\/wp-json\/wp\/v2\/types\/product"}],"version-history":[{"count":1,"href":"https:\/\/cmykprinted.com\/sv\/wp-json\/wp\/v2\/product\/2582\/revisions"}],"predecessor-version":[{"id":2590,"href":"https:\/\/cmykprinted.com\/sv\/wp-json\/wp\/v2\/product\/2582\/revisions\/2590"}],"wp:featuredmedia":[{"embeddable":true,"href":"https:\/\/cmykprinted.com\/sv\/wp-json\/wp\/v2\/media\/2584"}],"wp:attachment":[{"href":"https:\/\/cmykprinted.com\/sv\/wp-json\/wp\/v2\/media?parent=2582"}],"wp:term":[{"taxonomy":"product_cat","embeddable":true,"href":"https:\/\/cmykprinted.com\/sv\/wp-json\/wp\/v2\/product_cat?post=2582"},{"taxonomy":"product_tag","embeddable":true,"href":"https:\/\/cmykprinted.com\/sv\/wp-json\/wp\/v2\/product_tag?post=2582"}],"curies":[{"name":"wp","href":"https:\/\/api.w.org\/{rel}","templated":true}]}}