{"id":2591,"date":"2025-05-21T09:11:06","date_gmt":"2025-05-21T09:11:06","guid":{"rendered":"https:\/\/cmykprinted.com\/?post_type=product&#038;p=2591"},"modified":"2025-05-23T14:07:36","modified_gmt":"2025-05-23T14:07:36","slug":"custom-printed-promotional-tablecloths-australia","status":"publish","type":"product","link":"https:\/\/cmykprinted.com\/sv\/produkt\/specialtryckta-reklamdukar-australien\/","title":{"rendered":"Specialtryckta reklamdukar Australien"},"content":{"rendered":"","protected":false},"excerpt":{"rendered":"<p data-start=\"197\" data-end=\"540\">Specialtryckta reklamdukar \u00e4r ett viktigt varum\u00e4rkesverktyg f\u00f6r f\u00f6retag och organisationer som vill skapa en professionell och i\u00f6gonfallande presentation p\u00e5 m\u00e4ssor, utst\u00e4llningar, produktlanseringar och andra evenemang \u00f6ver hela Australien. Dessa dukar \u00e4r utformade f\u00f6r att f\u00f6rb\u00e4ttra synlighet och varum\u00e4rkesn\u00e4rvaro och erbjuder b\u00e5de funktion och stil.<\/p>\n<p data-start=\"542\" data-end=\"865\">V\u00e5ra dukar \u00e4r tillverkade av h\u00f6gkvalitativt polyestertyg, k\u00e4nt f\u00f6r sin h\u00e5llbarhet, skrynkelbest\u00e4ndighet och livfulla f\u00e4rg\u00e5tergivning. Med hj\u00e4lp av avancerat f\u00e4rgsublimeringstryck kan vi anpassa din duk helt med logotyper, slogans, grafik eller design p\u00e5 hela ytan \u2013 vilket s\u00e4kerst\u00e4ller att ditt varum\u00e4rke syns fr\u00e5n alla vinklar.<\/p>\n<p data-start=\"867\" data-end=\"931\">Vi erbjuder en m\u00e4ngd olika stilar f\u00f6r att passa olika behov, inklusive:<\/p>\n<ul data-start=\"932\" data-end=\"1201\">\n<li data-start=\"932\" data-end=\"1022\">\n<p data-start=\"934\" data-end=\"1022\"><strong data-start=\"934\" data-end=\"961\">L\u00f6sa\/Draperande dukar<\/strong> \u2013 Ett m\u00e5ngsidigt alternativ som passar de flesta vanliga bockbord.<\/p>\n<\/li>\n<li data-start=\"1023\" data-end=\"1105\">\n<p data-start=\"1025\" data-end=\"1105\"><strong data-start=\"1025\" data-end=\"1048\">Monterade bords\u00f6verdrag<\/strong> \u2013 Ger ett rent, skr\u00e4ddarsytt utseende med skarpa linjer.<\/p>\n<\/li>\n<li data-start=\"1106\" data-end=\"1201\">\n<p data-start=\"1108\" data-end=\"1201\"><strong data-start=\"1108\" data-end=\"1132\">Stretchbordsdukar<\/strong> \u2013 Moderna och eleganta, dessa erbjuder en tajt passform med ett skrynkelfritt utseende.<\/p>\n<\/li>\n<\/ul>\n<p data-start=\"1203\" data-end=\"1377\">Storlekar tillg\u00e4ngliga f\u00f6r bord p\u00e5 1,2 m, 1,8 m och 2,4 m, med anpassade storlekar tillg\u00e4ngliga p\u00e5 beg\u00e4ran. Alternativen inkluderar \u00f6ppen baksida (f\u00f6r sittande personal eller f\u00f6rvaring) eller sluten baksida.<\/p>\n<p data-start=\"1379\" data-end=\"1529\">Perfekta f\u00f6r inomhus- och utomhusbruk, dessa reklamdukar \u00e4r maskintv\u00e4ttbara och \u00e5teranv\u00e4ndbara \u2013 vilket g\u00f6r dem till en kostnadseffektiv marknadsf\u00f6ringsinvestering.<\/p>\n<p data-start=\"1531\" data-end=\"1673\">Oavsett om du st\u00e4ller ut i Sydney, Melbourne, Brisbane eller Perth, hj\u00e4lper v\u00e5ra specialtryckta dukar dig att g\u00f6ra ett starkt och best\u00e5ende intryck.<\/p>\n<div style=\"width: 1280px;\" class=\"wp-video\"><!--[if lt IE 9]><script>document.createElement('video');<\/script><![endif]--><br \/>\n<video class=\"wp-video-shortcode\" id=\"video-2591-1\" width=\"1280\" height=\"720\" preload=\"metadata\" controls=\"controls\"><source type=\"video\/mp4\" src=\"https:\/\/cmykprinted.com\/wp-content\/uploads\/2025\/05\/Promotional-Tablecloths-Australia.mp4?_=1\" \/><a href=\"https:\/\/cmykprinted.com\/wp-content\/uploads\/2025\/05\/Promotional-Tablecloths-Australia.mp4\">https:\/\/cmykprinted.com\/wp-content\/uploads\/2025\/05\/Promotional-Tablecloths-Australia.mp4<\/a><\/video><\/div>","protected":false},"featured_media":2610,"template":"","meta":{"_kad_post_transparent":"default","_kad_post_title":"hide","_kad_post_layout":"fullwidth","_kad_post_sidebar_id":"","_kad_post_content_style":"unboxed","_kad_post_vertical_padding":"hide","_kad_post_feature":"hide","_kad_post_feature_position":"","_kad_post_header":false,"_kad_post_footer":false},"product_cat":[80,81],"product_tag":[577,579,578,576],"class_list":{"0":"post-2591","1":"product","2":"type-product","3":"status-publish","4":"has-post-thumbnail","6":"product_cat-custom-tablecloth","7":"product_cat-custom-stretch-tablecloth","8":"product_tag-custom-printed-promotional-tablecloths","9":"product_tag-custom-printed-tablecloths","10":"product_tag-printed-promotional-tablecloths","11":"product_tag-promotional-tablecloths-australia","13":"first","14":"instock","15":"shipping-taxable","16":"product-type-simple","17":"entry","18":"content-bg","19":"loop-entry"},"_links":{"self":[{"href":"https:\/\/cmykprinted.com\/sv\/wp-json\/wp\/v2\/product\/2591","targetHints":{"allow":["GET"]}}],"collection":[{"href":"https:\/\/cmykprinted.com\/sv\/wp-json\/wp\/v2\/product"}],"about":[{"href":"https:\/\/cmykprinted.com\/sv\/wp-json\/wp\/v2\/types\/product"}],"version-history":[{"count":2,"href":"https:\/\/cmykprinted.com\/sv\/wp-json\/wp\/v2\/product\/2591\/revisions"}],"predecessor-version":[{"id":2611,"href":"https:\/\/cmykprinted.com\/sv\/wp-json\/wp\/v2\/product\/2591\/revisions\/2611"}],"wp:featuredmedia":[{"embeddable":true,"href":"https:\/\/cmykprinted.com\/sv\/wp-json\/wp\/v2\/media\/2610"}],"wp:attachment":[{"href":"https:\/\/cmykprinted.com\/sv\/wp-json\/wp\/v2\/media?parent=2591"}],"wp:term":[{"taxonomy":"product_cat","embeddable":true,"href":"https:\/\/cmykprinted.com\/sv\/wp-json\/wp\/v2\/product_cat?post=2591"},{"taxonomy":"product_tag","embeddable":true,"href":"https:\/\/cmykprinted.com\/sv\/wp-json\/wp\/v2\/product_tag?post=2591"}],"curies":[{"name":"wp","href":"https:\/\/api.w.org\/{rel}","templated":true}]}}