{"id":2602,"date":"2025-05-23T13:50:03","date_gmt":"2025-05-23T13:50:03","guid":{"rendered":"https:\/\/cmykprinted.com\/?post_type=product&#038;p=2602"},"modified":"2025-05-23T13:56:32","modified_gmt":"2025-05-23T13:56:32","slug":"custom-fitted-table-cloth-with-zipper-back-australia","status":"publish","type":"product","link":"https:\/\/cmykprinted.com\/sv\/produkt\/skraddarsydd-bordduk-med-dragkedja-bak-australien\/","title":{"rendered":"Specialanpassad bordsduk med dragkedja i Australien"},"content":{"rendered":"","protected":false},"excerpt":{"rendered":"<p>F\u00f6rh\u00f6j din varum\u00e4rkesn\u00e4rvaro p\u00e5 evenemang, m\u00e4ssor och utst\u00e4llningar med v\u00e5r f\u00f6rstklassiga specialdesignade bordsduk med dragkedja baktill \u2013 skr\u00e4ddarsydd speciellt f\u00f6r australiska f\u00f6retag. Tillverkad av h\u00f6gkvalitativt stretchigt polyestertyg, \u00e4r denna bordsduk utformad f\u00f6r att s\u00f6ml\u00f6st omsluta ditt bord och skapa ett elegant, professionellt utseende som sticker ut.<\/p>\n<p>Dragkedjan bak ger bekv\u00e4m \u00e5tkomst till f\u00f6rvaring under bordet, vilket h\u00e5ller r\u00f6ran dold samtidigt som det s\u00e4kerst\u00e4ller enkel \u00e5tkomst till marknadsf\u00f6ringsmaterial, personliga tillh\u00f6righeter eller lager. Duken finns tillg\u00e4nglig f\u00f6r standardbord p\u00e5 1,2 meter, 1,8 meter och 2,4 meter, och varje duk \u00e4r helt anpassad med din logotyp, f\u00e4rger och grafik med hj\u00e4lp av livfullt sublimeringstryck i fullf\u00e4rg.<\/p>\n<p>Denna duk \u00e4r idealisk f\u00f6r konferenser, m\u00e4ssor, detaljhandel och reklamevenemang. Den \u00e4r skrynkelfri, maskintv\u00e4ttbar och \u00e5teranv\u00e4ndbar \u2013 vilket ger l\u00e5ngsiktigt v\u00e4rde och varum\u00e4rkessynlighet. Designad och tryckt i Australien, med snabb leveranstid och rikst\u00e4ckande leverans.<\/p>\n<p>Stick ut fr\u00e5n m\u00e4ngden och g\u00f6r din presentation of\u00f6rgl\u00f6mlig med v\u00e5ra professionella bordsdukar med dragkedja.<\/p>\n<div style=\"width: 1280px;\" class=\"wp-video\"><!--[if lt IE 9]><script>document.createElement('video');<\/script><![endif]--><br \/>\n<video class=\"wp-video-shortcode\" id=\"video-2602-1\" width=\"1280\" height=\"720\" preload=\"metadata\" controls=\"controls\"><source type=\"video\/mp4\" src=\"https:\/\/cmykprinted.com\/wp-content\/uploads\/2025\/05\/Promotional-Tablecloths-Australia.mp4?_=1\" \/><a href=\"https:\/\/cmykprinted.com\/wp-content\/uploads\/2025\/05\/Promotional-Tablecloths-Australia.mp4\">https:\/\/cmykprinted.com\/wp-content\/uploads\/2025\/05\/Promotional-Tablecloths-Australia.mp4<\/a><\/video><\/div>","protected":false},"featured_media":2609,"template":"","meta":{"_kad_post_transparent":"default","_kad_post_title":"hide","_kad_post_layout":"fullwidth","_kad_post_sidebar_id":"","_kad_post_content_style":"unboxed","_kad_post_vertical_padding":"hide","_kad_post_feature":"hide","_kad_post_feature_position":"","_kad_post_header":false,"_kad_post_footer":false},"product_cat":[80,81],"product_tag":[535,580,581,582],"class_list":{"0":"post-2602","1":"product","2":"type-product","3":"status-publish","4":"has-post-thumbnail","6":"product_cat-custom-tablecloth","7":"product_cat-custom-stretch-tablecloth","8":"product_tag-custom-fitted-table-cloth","9":"product_tag-fitted-table-cloth","10":"product_tag-fitted-table-cloth-with-zipper-back","11":"product_tag-fitted-table-cloth-with-zipper-back-australia","13":"first","14":"instock","15":"shipping-taxable","16":"product-type-simple","17":"entry","18":"content-bg","19":"loop-entry"},"_links":{"self":[{"href":"https:\/\/cmykprinted.com\/sv\/wp-json\/wp\/v2\/product\/2602","targetHints":{"allow":["GET"]}}],"collection":[{"href":"https:\/\/cmykprinted.com\/sv\/wp-json\/wp\/v2\/product"}],"about":[{"href":"https:\/\/cmykprinted.com\/sv\/wp-json\/wp\/v2\/types\/product"}],"version-history":[{"count":1,"href":"https:\/\/cmykprinted.com\/sv\/wp-json\/wp\/v2\/product\/2602\/revisions"}],"predecessor-version":[{"id":2607,"href":"https:\/\/cmykprinted.com\/sv\/wp-json\/wp\/v2\/product\/2602\/revisions\/2607"}],"wp:featuredmedia":[{"embeddable":true,"href":"https:\/\/cmykprinted.com\/sv\/wp-json\/wp\/v2\/media\/2609"}],"wp:attachment":[{"href":"https:\/\/cmykprinted.com\/sv\/wp-json\/wp\/v2\/media?parent=2602"}],"wp:term":[{"taxonomy":"product_cat","embeddable":true,"href":"https:\/\/cmykprinted.com\/sv\/wp-json\/wp\/v2\/product_cat?post=2602"},{"taxonomy":"product_tag","embeddable":true,"href":"https:\/\/cmykprinted.com\/sv\/wp-json\/wp\/v2\/product_tag?post=2602"}],"curies":[{"name":"wp","href":"https:\/\/api.w.org\/{rel}","templated":true}]}}