{"id":2612,"date":"2025-05-26T09:45:45","date_gmt":"2025-05-26T09:45:45","guid":{"rendered":"https:\/\/cmykprinted.com\/?post_type=product&#038;p=2612"},"modified":"2025-05-26T12:51:05","modified_gmt":"2025-05-26T12:51:05","slug":"cheap-custom-stretch-printed-tablecloth-near-me","status":"publish","type":"product","link":"https:\/\/cmykprinted.com\/sv\/produkt\/billig-anpassad-stretch-tryckt-bordsduk-nara-mig\/","title":{"rendered":"Billig specialanpassad stretchtryckt duk n\u00e4ra mig"},"content":{"rendered":"","protected":false},"excerpt":{"rendered":"<p data-start=\"139\" data-end=\"468\">Letar du efter ett prisv\u00e4rt s\u00e4tt att f\u00f6rb\u00e4ttra din monter eller ditt displaybord p\u00e5 evenemang? <strong data-start=\"223\" data-end=\"267\">Billiga specialanpassade stretchtryckta dukar<\/strong> \u00e4r den perfekta l\u00f6sningen! Dessa stretchdukar \u00e4r utformade f\u00f6r att passa bekv\u00e4mt \u00f6ver vanliga 1,8 och 2,4 meter h\u00f6ga bord och skapar ett rent och professionellt utseende samtidigt som de visar upp ditt varum\u00e4rke med ett livfullt tryck i fullf\u00e4rg.<\/p>\n<p data-start=\"470\" data-end=\"837\">Dessa \u00f6verdrag \u00e4r tillverkade av h\u00f6gkvalitativ, skrynkelbest\u00e4ndig polyesterspandex och \u00e4r slitstarka, \u00e5teranv\u00e4ndbara och maskintv\u00e4ttbara. Det stretchiga tyget f\u00f6ljer bordets konturer f\u00f6r ett elegant och modernt utseende \u2013 inga kl\u00e4mmor eller n\u00e5lar beh\u00f6vs. Anpassa med din f\u00f6retagslogotyp, slogan eller grafik f\u00f6r maximal varum\u00e4rkessynlighet p\u00e5 m\u00e4ssor, marknader, utst\u00e4llningar och f\u00f6retagsevenemang.<\/p>\n<p data-start=\"839\" data-end=\"1105\">Finns med valfri \u00f6ppen eller sluten baksida, och blixtl\u00e5salternativ f\u00f6r extra bekv\u00e4mlighet. Oavsett om du \u00e4r ett litet f\u00f6retag, en startup eller f\u00f6rbereder dig f\u00f6r ditt n\u00e4sta m\u00e4ssa, erbjuder v\u00e5ra tryckta stretchdukar en kostnadseffektiv brandingl\u00f6sning n\u00e4ra dig.<\/p>\n<p data-start=\"1107\" data-end=\"1265\">Snabb lokal leverans, enkel onlinebest\u00e4llning och m\u00e4ngdrabatter tillg\u00e4ngliga. Synas utan att spr\u00e4cka din budget \u2013 best\u00e4ll ditt specialdesignade stretchduk idag!<\/p>\n<div style=\"width: 960px;\" class=\"wp-video\"><!--[if lt IE 9]><script>document.createElement('video');<\/script><![endif]--><br \/>\n<video class=\"wp-video-shortcode\" id=\"video-2612-1\" width=\"960\" height=\"544\" preload=\"metadata\" controls=\"controls\"><source type=\"video\/mp4\" src=\"https:\/\/cmykprinted.com\/wp-content\/uploads\/2025\/05\/Custom-Printed-Tablecloth-Stretch.mp4?_=1\" \/><a href=\"https:\/\/cmykprinted.com\/wp-content\/uploads\/2025\/05\/Custom-Printed-Tablecloth-Stretch.mp4\">https:\/\/cmykprinted.com\/wp-content\/uploads\/2025\/05\/Custom-Printed-Tablecloth-Stretch.mp4<\/a><\/video><\/div>","protected":false},"featured_media":2614,"template":"","meta":{"_kad_post_transparent":"default","_kad_post_title":"hide","_kad_post_layout":"fullwidth","_kad_post_sidebar_id":"","_kad_post_content_style":"unboxed","_kad_post_vertical_padding":"hide","_kad_post_feature":"hide","_kad_post_feature_position":"","_kad_post_header":false,"_kad_post_footer":false},"product_cat":[80,81],"product_tag":[585,584,583,586],"class_list":{"0":"post-2612","1":"product","2":"type-product","3":"status-publish","4":"has-post-thumbnail","6":"product_cat-custom-tablecloth","7":"product_cat-custom-stretch-tablecloth","8":"product_tag-cheap-custom-stretch-printed-tablecloth","9":"product_tag-custom-stretch-printed-tablecloth","10":"product_tag-stretch-printed-tablecloth","11":"product_tag-stretch-printed-tablecloth-near-me","13":"first","14":"instock","15":"shipping-taxable","16":"product-type-simple","17":"entry","18":"content-bg","19":"loop-entry"},"_links":{"self":[{"href":"https:\/\/cmykprinted.com\/sv\/wp-json\/wp\/v2\/product\/2612","targetHints":{"allow":["GET"]}}],"collection":[{"href":"https:\/\/cmykprinted.com\/sv\/wp-json\/wp\/v2\/product"}],"about":[{"href":"https:\/\/cmykprinted.com\/sv\/wp-json\/wp\/v2\/types\/product"}],"version-history":[{"count":1,"href":"https:\/\/cmykprinted.com\/sv\/wp-json\/wp\/v2\/product\/2612\/revisions"}],"predecessor-version":[{"id":2615,"href":"https:\/\/cmykprinted.com\/sv\/wp-json\/wp\/v2\/product\/2612\/revisions\/2615"}],"wp:featuredmedia":[{"embeddable":true,"href":"https:\/\/cmykprinted.com\/sv\/wp-json\/wp\/v2\/media\/2614"}],"wp:attachment":[{"href":"https:\/\/cmykprinted.com\/sv\/wp-json\/wp\/v2\/media?parent=2612"}],"wp:term":[{"taxonomy":"product_cat","embeddable":true,"href":"https:\/\/cmykprinted.com\/sv\/wp-json\/wp\/v2\/product_cat?post=2612"},{"taxonomy":"product_tag","embeddable":true,"href":"https:\/\/cmykprinted.com\/sv\/wp-json\/wp\/v2\/product_tag?post=2612"}],"curies":[{"name":"wp","href":"https:\/\/api.w.org\/{rel}","templated":true}]}}