{"id":2620,"date":"2025-05-27T07:13:40","date_gmt":"2025-05-27T07:13:40","guid":{"rendered":"https:\/\/cmykprinted.com\/?post_type=product&#038;p=2620"},"modified":"2025-05-27T07:45:05","modified_gmt":"2025-05-27T07:45:05","slug":"custom-printed-branded-tablecloth-for-events","status":"publish","type":"product","link":"https:\/\/cmykprinted.com\/sv\/produkt\/anpassad-tryckt-varumarkesduks-for-evenemang\/","title":{"rendered":"Anpassad tryckt bordsduk med m\u00e4rke f\u00f6r evenemang"},"content":{"rendered":"","protected":false},"excerpt":{"rendered":"<p>En tryckt bordsduk med m\u00e4rkeslogotyp \u00e4r ett viktigt marknadsf\u00f6ringsverktyg f\u00f6r alla f\u00f6retag som deltar i evenemang som m\u00e4ssor, utst\u00e4llningar, konferenser, produktlanseringar och marknadsf\u00f6ringsaktiviteter. Den f\u00f6rvandlar ett vanligt bord till en professionell och visuellt tilltalande display som hj\u00e4lper ditt varum\u00e4rke att sticka ut i livliga evenemangsmilj\u00f6er. Dessa bordsdukar \u00e4r tillverkade av h\u00f6gkvalitativa, slitstarka tyger som polyester eller t\u00f6jbar spandex och \u00e4r utformade f\u00f6r b\u00e5de inomhus- och utomhusbruk.<\/p>\n<p>Designen inkluderar vanligtvis din logotyp, varum\u00e4rkesf\u00e4rger, slogan och annan relevant grafik, tryckt i fullf\u00e4rg med hj\u00e4lp av sublimering eller digitala trycktekniker. Detta s\u00e4kerst\u00e4ller livfulla, h\u00e5llbara bilder som motst\u00e5r blekning, \u00e4ven efter flera tv\u00e4ttar. M\u00e4rkesdukar finns i olika stilar \u2013 som \u00e5tsittande, l\u00f6st fallande eller stretchiga \u2013 och kan anpassas f\u00f6r att passa standardbordsstorlekar som 1,2 meter, 1,8 meter eller 2,4 meter, eller skr\u00e4ddarsys f\u00f6r att passa unika bordsdimensioner.<\/p>\n<p>Oavsett om du v\u00e4ljer en tresidig design f\u00f6r enkel \u00e5tkomst till f\u00f6rvaring under bordet eller ett komplett fyrsidigt \u00f6verdrag f\u00f6r en polerad 360\u00b0-look, ger en m\u00e4rkesduk en touch av professionalism och varum\u00e4rkeskonsekvens. Den \u00e4r enkel att vika, f\u00f6rvara och transportera, vilket g\u00f6r den idealisk f\u00f6r f\u00f6retag som regelbundet deltar i evenemang. Prisv\u00e4rda, \u00e5teranv\u00e4ndbara och effektiva, tryckta m\u00e4rkesdukar \u00e4r en smart investering f\u00f6r att st\u00e4rka din varum\u00e4rkesn\u00e4rvaro p\u00e5 alla evenemang.<\/p>\n<div style=\"width: 1280px;\" class=\"wp-video\"><!--[if lt IE 9]><script>document.createElement('video');<\/script><![endif]--><br \/>\n<video class=\"wp-video-shortcode\" id=\"video-2620-1\" width=\"1280\" height=\"720\" preload=\"metadata\" controls=\"controls\"><source type=\"video\/mp4\" src=\"https:\/\/cmykprinted.com\/wp-content\/uploads\/2025\/05\/Printed-Branded-Tablecloth-for-Events.mp4?_=1\" \/><a href=\"https:\/\/cmykprinted.com\/wp-content\/uploads\/2025\/05\/Printed-Branded-Tablecloth-for-Events.mp4\">https:\/\/cmykprinted.com\/wp-content\/uploads\/2025\/05\/Printed-Branded-Tablecloth-for-Events.mp4<\/a><\/video><\/div>","protected":false},"featured_media":2626,"template":"","meta":{"_kad_post_transparent":"default","_kad_post_title":"hide","_kad_post_layout":"fullwidth","_kad_post_sidebar_id":"","_kad_post_content_style":"unboxed","_kad_post_vertical_padding":"hide","_kad_post_feature":"hide","_kad_post_feature_position":"","_kad_post_header":false,"_kad_post_footer":false},"product_cat":[80,81,83],"product_tag":[587,590,589,588],"class_list":{"0":"post-2620","1":"product","2":"type-product","3":"status-publish","4":"has-post-thumbnail","6":"product_cat-custom-tablecloth","7":"product_cat-custom-stretch-tablecloth","8":"product_cat-fitted-table-cover","9":"product_tag-branded-tablecloth-for-events","10":"product_tag-custom-branded-tablecloth-for-events","11":"product_tag-custom-printed-branded-tablecloth-f","12":"product_tag-printed-branded-tablecloth","14":"first","15":"instock","16":"shipping-taxable","17":"product-type-simple","18":"entry","19":"content-bg","20":"loop-entry"},"_links":{"self":[{"href":"https:\/\/cmykprinted.com\/sv\/wp-json\/wp\/v2\/product\/2620","targetHints":{"allow":["GET"]}}],"collection":[{"href":"https:\/\/cmykprinted.com\/sv\/wp-json\/wp\/v2\/product"}],"about":[{"href":"https:\/\/cmykprinted.com\/sv\/wp-json\/wp\/v2\/types\/product"}],"version-history":[{"count":1,"href":"https:\/\/cmykprinted.com\/sv\/wp-json\/wp\/v2\/product\/2620\/revisions"}],"predecessor-version":[{"id":2622,"href":"https:\/\/cmykprinted.com\/sv\/wp-json\/wp\/v2\/product\/2620\/revisions\/2622"}],"wp:featuredmedia":[{"embeddable":true,"href":"https:\/\/cmykprinted.com\/sv\/wp-json\/wp\/v2\/media\/2626"}],"wp:attachment":[{"href":"https:\/\/cmykprinted.com\/sv\/wp-json\/wp\/v2\/media?parent=2620"}],"wp:term":[{"taxonomy":"product_cat","embeddable":true,"href":"https:\/\/cmykprinted.com\/sv\/wp-json\/wp\/v2\/product_cat?post=2620"},{"taxonomy":"product_tag","embeddable":true,"href":"https:\/\/cmykprinted.com\/sv\/wp-json\/wp\/v2\/product_tag?post=2620"}],"curies":[{"name":"wp","href":"https:\/\/api.w.org\/{rel}","templated":true}]}}