{"id":2627,"date":"2025-05-28T03:20:18","date_gmt":"2025-05-28T03:20:18","guid":{"rendered":"https:\/\/cmykprinted.com\/?post_type=product&#038;p=2627"},"modified":"2025-05-28T03:22:18","modified_gmt":"2025-05-28T03:22:18","slug":"custom-branded-table-cloth-with-bottom-price","status":"publish","type":"product","link":"https:\/\/cmykprinted.com\/sv\/produkt\/anpassad-varumarkes-bordsduk-med-lagsta-pris\/","title":{"rendered":"Anpassad m\u00e4rkesduk med l\u00e4gsta pris"},"content":{"rendered":"","protected":false},"excerpt":{"rendered":"<p data-start=\"235\" data-end=\"483\">Letar du efter ett kostnadseffektivt s\u00e4tt att visa upp ditt varum\u00e4rke p\u00e5 evenemang utan att kompromissa med kvaliteten? <strong data-start=\"335\" data-end=\"376\">M\u00e4rkesduk med l\u00e4gsta pris<\/strong> \u00e4r den perfekta l\u00f6sningen f\u00f6r budgetmedvetna f\u00f6retag som \u00e4nd\u00e5 vill g\u00f6ra ett professionellt intryck.<\/p>\n<p data-start=\"485\" data-end=\"818\">Oavsett om du st\u00e4ller ut p\u00e5 m\u00e4ssor, deltar i f\u00f6retagsm\u00e4ssor eller driver en popup-butik, ger den h\u00e4r bordsduken ett rent, sammanh\u00e4ngande och varum\u00e4rkesanpassat utseende till din inredning. Den \u00e4r tillverkad av slitstarkt polyestertyg, \u00e4r l\u00e4tt, skrynkelbest\u00e4ndig och enkel att underh\u00e5lla \u2013 perfekt f\u00f6r f\u00f6retag som reser ofta eller st\u00e4ller upp sig p\u00e5 flera evenemang.<\/p>\n<p data-start=\"820\" data-end=\"1149\">Tryckta med h\u00f6gkvalitativ sublimeringsteknik ser din logotyp och dina varum\u00e4rkesf\u00e4rger skarpa och livfulla ut, vilket hj\u00e4lper dig att sticka ut fr\u00e5n m\u00e4ngden. Bl\u00e4cket \u00e4r inb\u00e4ddat i tyget, s\u00e5 designen kommer inte att flagna eller blekna efter tv\u00e4tt. Du f\u00e5r en l\u00e5ngvarig reklamprodukt till en br\u00e5kdel av kostnaden f\u00f6r andra m\u00e4rkesvaror.<\/p>\n<p data-start=\"1151\" data-end=\"1429\">Denna bordsduk finns i flera storlekar (1,2 m, 1,8 m) och modeller (tight, draperad eller stretchig) f\u00f6r att passa dina behov. Den kan ocks\u00e5 vikas ihop kompakt f\u00f6r enkel transport och f\u00f6rvaring, vilket g\u00f6r den perfekt f\u00f6r sm\u00e5f\u00f6retag, startups och marknadsf\u00f6ringsteam som arbetar med en sn\u00e4v budget.<\/p>\n<p data-start=\"1431\" data-end=\"1712\">Kort sagt, detta \u00e4r en l\u00e5gkostnadsinvestering som ger ett slagkraftigt varum\u00e4rke. F\u00e5 utseendet av en premiumdisplay utan den h\u00f6ga prislappen. Om du \u00e4r ute efter <strong data-start=\"1588\" data-end=\"1648\">bra v\u00e4rde, p\u00e5litlig kvalitet och stark varum\u00e4rkesn\u00e4rvaro<\/strong>, v\u00e5r m\u00e4rkesduk med l\u00e4gsta pris \u00e4r det smarta valet.<\/p>\n<div style=\"width: 1280px;\" class=\"wp-video\"><!--[if lt IE 9]><script>document.createElement('video');<\/script><![endif]--><br \/>\n<video class=\"wp-video-shortcode\" id=\"video-2627-1\" width=\"1280\" height=\"720\" preload=\"metadata\" controls=\"controls\"><source type=\"video\/mp4\" src=\"https:\/\/cmykprinted.com\/wp-content\/uploads\/2025\/05\/Printed-Branded-Tablecloth-for-Events.mp4?_=1\" \/><a href=\"https:\/\/cmykprinted.com\/wp-content\/uploads\/2025\/05\/Printed-Branded-Tablecloth-for-Events.mp4\">https:\/\/cmykprinted.com\/wp-content\/uploads\/2025\/05\/Printed-Branded-Tablecloth-for-Events.mp4<\/a><\/video><\/div>","protected":false},"featured_media":2630,"template":"","meta":{"_kad_post_transparent":"default","_kad_post_title":"hide","_kad_post_layout":"fullwidth","_kad_post_sidebar_id":"","_kad_post_content_style":"unboxed","_kad_post_vertical_padding":"hide","_kad_post_feature":"hide","_kad_post_feature_position":"","_kad_post_header":false,"_kad_post_footer":false},"product_cat":[80,81,83],"product_tag":[592,591,593],"class_list":{"0":"post-2627","1":"product","2":"type-product","3":"status-publish","4":"has-post-thumbnail","6":"product_cat-custom-tablecloth","7":"product_cat-custom-stretch-tablecloth","8":"product_cat-fitted-table-cover","9":"product_tag-branded-table-cloth","10":"product_tag-branded-table-cloth-price","11":"product_tag-custom-branded-table-cloth","13":"first","14":"instock","15":"shipping-taxable","16":"product-type-simple","17":"entry","18":"content-bg","19":"loop-entry"},"_links":{"self":[{"href":"https:\/\/cmykprinted.com\/sv\/wp-json\/wp\/v2\/product\/2627","targetHints":{"allow":["GET"]}}],"collection":[{"href":"https:\/\/cmykprinted.com\/sv\/wp-json\/wp\/v2\/product"}],"about":[{"href":"https:\/\/cmykprinted.com\/sv\/wp-json\/wp\/v2\/types\/product"}],"version-history":[{"count":2,"href":"https:\/\/cmykprinted.com\/sv\/wp-json\/wp\/v2\/product\/2627\/revisions"}],"predecessor-version":[{"id":2633,"href":"https:\/\/cmykprinted.com\/sv\/wp-json\/wp\/v2\/product\/2627\/revisions\/2633"}],"wp:featuredmedia":[{"embeddable":true,"href":"https:\/\/cmykprinted.com\/sv\/wp-json\/wp\/v2\/media\/2630"}],"wp:attachment":[{"href":"https:\/\/cmykprinted.com\/sv\/wp-json\/wp\/v2\/media?parent=2627"}],"wp:term":[{"taxonomy":"product_cat","embeddable":true,"href":"https:\/\/cmykprinted.com\/sv\/wp-json\/wp\/v2\/product_cat?post=2627"},{"taxonomy":"product_tag","embeddable":true,"href":"https:\/\/cmykprinted.com\/sv\/wp-json\/wp\/v2\/product_tag?post=2627"}],"curies":[{"name":"wp","href":"https:\/\/api.w.org\/{rel}","templated":true}]}}