{"id":2668,"date":"2025-06-06T04:34:33","date_gmt":"2025-06-06T04:34:33","guid":{"rendered":"https:\/\/cmykprinted.com\/?post_type=product&#038;p=2668"},"modified":"2025-06-06T05:55:38","modified_gmt":"2025-06-06T05:55:38","slug":"custom-made-canopy-tents-with-your-logo-printed","status":"publish","type":"product","link":"https:\/\/cmykprinted.com\/sv\/produkt\/skraddarsydda-talt-med-din-logotyp-tryckt\/","title":{"rendered":"Specialtillverkade takt\u00e4lt med din logotyp tryckt"},"content":{"rendered":"","protected":false},"excerpt":{"rendered":"<p>Stick ut p\u00e5 alla evenemang med v\u00e5ra h\u00f6gkvalitativa, specialdesignade baldakint\u00e4lt. V\u00e5ra t\u00e4lt \u00e4r utformade f\u00f6r att visa upp ditt varum\u00e4rke och har tryck i fullf\u00e4rg med din logotyp, slogan eller konstverk p\u00e5 alla sidor. Oavsett om du deltar i en m\u00e4ssa, festival, marknad eller sportevenemang, s\u00e4kerst\u00e4ller v\u00e5ra personliga t\u00e4lt maximal synlighet och en professionell n\u00e4rvaro.<\/p>\n<p>Varje t\u00e4lt \u00e4r tillverkat av slitstarka, v\u00e4derbest\u00e4ndiga material, byggda f\u00f6r att klara det australiska klimatet. V\u00e4lj bland en m\u00e4ngd olika storlekar, ramstyrkor och tryckalternativ som passar dina behov. Pop-up-designen m\u00f6jligg\u00f6r snabb och enkel upps\u00e4ttning, vilket g\u00f6r det perfekt f\u00f6r b\u00e5de inomhus- och utomhusbruk.<\/p>\n<p>Vi anv\u00e4nder den senaste trycktekniken f\u00f6r att s\u00e4kerst\u00e4lla livfulla, h\u00e5llbara f\u00e4rger som inte bleknar. Tillval inkluderar v\u00e4ggar, banderoller, flaggor och b\u00e4rv\u00e4skor \u2013 allt helt anpassat.<\/p>\n<p>Perfekt f\u00f6r f\u00f6retag, skolor, ideella organisationer och evenemangsarrang\u00f6rer, v\u00e5ra m\u00e4rkesdesignade baldakint\u00e4lt hj\u00e4lper dig att skapa ett of\u00f6rgl\u00f6mligt f\u00f6rsta intryck.<\/p>\n<p>L\u00e5t ditt varum\u00e4rke lysa \u2013 kontakta oss idag f\u00f6r en offert eller gratis mockup.<\/p>\n<div style=\"width: 960px;\" class=\"wp-video\"><!--[if lt IE 9]><script>document.createElement('video');<\/script><![endif]--><br \/>\n<video class=\"wp-video-shortcode\" id=\"video-2668-1\" width=\"960\" height=\"544\" preload=\"metadata\" controls=\"controls\"><source type=\"video\/mp4\" src=\"https:\/\/cmykprinted.com\/wp-content\/uploads\/2024\/04\/digicel-tents.mp4?_=1\" \/><a href=\"https:\/\/cmykprinted.com\/wp-content\/uploads\/2024\/04\/digicel-tents.mp4\">https:\/\/cmykprinted.com\/wp-content\/uploads\/2024\/04\/digicel-tents.mp4<\/a><\/video><\/div>","protected":false},"featured_media":2677,"template":"","meta":{"_kad_post_transparent":"default","_kad_post_title":"hide","_kad_post_layout":"normal","_kad_post_sidebar_id":"","_kad_post_content_style":"unboxed","_kad_post_vertical_padding":"hide","_kad_post_feature":"hide","_kad_post_feature_position":"","_kad_post_header":false,"_kad_post_footer":false},"product_cat":[68,76,74],"product_tag":[605,604,606],"class_list":{"0":"post-2668","1":"product","2":"type-product","3":"status-publish","4":"has-post-thumbnail","6":"product_cat-custom-canopy-tents","7":"product_cat-10x15ft-pop-up-tents-50mm-heavy-duty-hexagon-aluminum-tents-custom-canopy-tents","8":"product_cat-50mm-heavy-duty-hexagon-aluminum-tents","9":"product_tag-custom-canopy-tents-with-logo","10":"product_tag-custom-made-canopy-tents","11":"product_tag-custom-printed-canopy-tents","13":"first","14":"instock","15":"shipping-taxable","16":"product-type-simple","17":"entry","18":"content-bg","19":"loop-entry"},"_links":{"self":[{"href":"https:\/\/cmykprinted.com\/sv\/wp-json\/wp\/v2\/product\/2668","targetHints":{"allow":["GET"]}}],"collection":[{"href":"https:\/\/cmykprinted.com\/sv\/wp-json\/wp\/v2\/product"}],"about":[{"href":"https:\/\/cmykprinted.com\/sv\/wp-json\/wp\/v2\/types\/product"}],"version-history":[{"count":1,"href":"https:\/\/cmykprinted.com\/sv\/wp-json\/wp\/v2\/product\/2668\/revisions"}],"predecessor-version":[{"id":2671,"href":"https:\/\/cmykprinted.com\/sv\/wp-json\/wp\/v2\/product\/2668\/revisions\/2671"}],"wp:featuredmedia":[{"embeddable":true,"href":"https:\/\/cmykprinted.com\/sv\/wp-json\/wp\/v2\/media\/2677"}],"wp:attachment":[{"href":"https:\/\/cmykprinted.com\/sv\/wp-json\/wp\/v2\/media?parent=2668"}],"wp:term":[{"taxonomy":"product_cat","embeddable":true,"href":"https:\/\/cmykprinted.com\/sv\/wp-json\/wp\/v2\/product_cat?post=2668"},{"taxonomy":"product_tag","embeddable":true,"href":"https:\/\/cmykprinted.com\/sv\/wp-json\/wp\/v2\/product_tag?post=2668"}],"curies":[{"name":"wp","href":"https:\/\/api.w.org\/{rel}","templated":true}]}}