{"id":2678,"date":"2025-06-09T08:44:00","date_gmt":"2025-06-09T08:44:00","guid":{"rendered":"https:\/\/cmykprinted.com\/?post_type=product&#038;p=2678"},"modified":"2025-06-09T08:44:00","modified_gmt":"2025-06-09T08:44:00","slug":"outdoor-marketing-flags-supplier-best-price-with-48-hours-turnaround","status":"publish","type":"product","link":"https:\/\/cmykprinted.com\/sv\/produkt\/leverantor-av-utomhusmarknadsforingsflaggor-basta-pris-med-48-timmars-leveranstid\/","title":{"rendered":"Leverant\u00f6r av utomhusmarknadsf\u00f6ringsflaggor \u2013 b\u00e4sta pris med 48 timmars leveranstid"},"content":{"rendered":"","protected":false},"excerpt":{"rendered":"<p>I den snabba reklamv\u00e4rlden \u00e4r det viktigt att f\u00e5nga uppm\u00e4rksamhet. Oavsett om du marknadsf\u00f6r en storslagen \u00f6ppning, tillk\u00e4nnager en rea, deltar i en m\u00e4ssa eller helt enkelt f\u00f6rs\u00f6ker sticka ut p\u00e5 en livlig gata, har anpassade fj\u00e4derflaggor f\u00f6r utomhusmarknadsf\u00f6ring blivit ett viktigt och effektivt marknadsf\u00f6ringsverktyg f\u00f6r f\u00f6retag av alla storlekar. Dessa i\u00f6gonfallande banderoller fladdrar i vinden, skapar dynamisk r\u00f6relse och synlighet, vilket s\u00e4kerst\u00e4ller att ditt budskap syns \u2013 h\u00f6gt och tydligt.<\/p>\n<p>I den h\u00e4r guiden utforskar vi allt du beh\u00f6ver veta om fj\u00e4derflaggor f\u00f6r utomhusmarknadsf\u00f6ring: vad de \u00e4r, varf\u00f6r de fungerar, hur man designar dem effektivt och var och n\u00e4r man ska anv\u00e4nda dem.<\/p>\n<p>Anpassade utomhusflaggor med fj\u00e4dermotiv \u00e4r en smart, snygg och skalbar l\u00f6sning f\u00f6r moderna marknadsf\u00f6rare. Deras kombination av r\u00f6relsefrihet, h\u00f6jd, f\u00e4rg och \u00f6verkomliga priser g\u00f6r dem till ett av de mest effektfulla reklamverktygen som finns idag. Oavsett om du beh\u00f6ver en enda flagga f\u00f6r en helgrean eller en rad flaggor f\u00f6r en storskalig kampanj, \u00e4r det en bepr\u00f6vad strategi att investera i anpassade fj\u00e4derflaggor f\u00f6r att dra uppm\u00e4rksamhet till sig \u2013 och omvandla trafik till kunder.<\/p>\n<p>Med r\u00e4tt design, kvalitetsmaterial och strategisk placering kommer din fj\u00e4derflagga att fungera h\u00e5rt f\u00f6r ditt f\u00f6retag \u2013 i regn eller solsken, dag efter dag.<\/p>\n<p>&nbsp;<\/p>","protected":false},"featured_media":2679,"template":"","meta":{"_kad_post_transparent":"default","_kad_post_title":"hide","_kad_post_layout":"fullwidth","_kad_post_sidebar_id":"","_kad_post_content_style":"unboxed","_kad_post_vertical_padding":"hide","_kad_post_feature":"hide","_kad_post_feature_position":"","_kad_post_header":false,"_kad_post_footer":false},"product_cat":[64,65],"product_tag":[609,610,607,608],"class_list":{"0":"post-2678","1":"product","2":"type-product","3":"status-publish","4":"has-post-thumbnail","6":"product_cat-beach-flags","7":"product_cat-feather-flags-banners","8":"product_tag-outdoor-flags","9":"product_tag-outdoor-flags-with-best-price","10":"product_tag-outdoor-marketing-flags","11":"product_tag-outdoor-marketing-flags-supplier","13":"first","14":"instock","15":"shipping-taxable","16":"product-type-simple","17":"entry","18":"content-bg","19":"loop-entry"},"_links":{"self":[{"href":"https:\/\/cmykprinted.com\/sv\/wp-json\/wp\/v2\/product\/2678","targetHints":{"allow":["GET"]}}],"collection":[{"href":"https:\/\/cmykprinted.com\/sv\/wp-json\/wp\/v2\/product"}],"about":[{"href":"https:\/\/cmykprinted.com\/sv\/wp-json\/wp\/v2\/types\/product"}],"version-history":[{"count":1,"href":"https:\/\/cmykprinted.com\/sv\/wp-json\/wp\/v2\/product\/2678\/revisions"}],"predecessor-version":[{"id":2684,"href":"https:\/\/cmykprinted.com\/sv\/wp-json\/wp\/v2\/product\/2678\/revisions\/2684"}],"wp:featuredmedia":[{"embeddable":true,"href":"https:\/\/cmykprinted.com\/sv\/wp-json\/wp\/v2\/media\/2679"}],"wp:attachment":[{"href":"https:\/\/cmykprinted.com\/sv\/wp-json\/wp\/v2\/media?parent=2678"}],"wp:term":[{"taxonomy":"product_cat","embeddable":true,"href":"https:\/\/cmykprinted.com\/sv\/wp-json\/wp\/v2\/product_cat?post=2678"},{"taxonomy":"product_tag","embeddable":true,"href":"https:\/\/cmykprinted.com\/sv\/wp-json\/wp\/v2\/product_tag?post=2678"}],"curies":[{"name":"wp","href":"https:\/\/api.w.org\/{rel}","templated":true}]}}