{"id":2686,"date":"2025-06-14T12:05:03","date_gmt":"2025-06-14T12:05:03","guid":{"rendered":"https:\/\/cmykprinted.com\/?post_type=product&#038;p=2686"},"modified":"2025-06-14T12:58:32","modified_gmt":"2025-06-14T12:58:32","slug":"factory-with-best-quality-custom-canopy-tent-10x15","status":"publish","type":"product","link":"https:\/\/cmykprinted.com\/sv\/produkt\/fabrik-med-basta-kvalitet-anpassat-talt-10x15\/","title":{"rendered":"Fabrik med b\u00e4sta kvalitet anpassat takt\u00e4lt 10\u00d715"},"content":{"rendered":"","protected":false},"excerpt":{"rendered":"<p>Letar du efter den perfekta utomhusl\u00f6sningen f\u00f6r att st\u00e4rka din varum\u00e4rkesn\u00e4rvaro? V\u00e5ra specialbyggda 10\u00d715-t\u00e4lt med tak tillverkas i v\u00e5r professionella fabrik med material av h\u00f6gsta kvalitet och precisionstillverkning. Oavsett om du visar upp ditt f\u00f6retag p\u00e5 en m\u00e4ssa, utomhusmarknad, festival, sportevenemang eller marknadsf\u00f6ringsevenemang, levererar detta t\u00e4lt o\u00f6vertr\u00e4ffad h\u00e5llbarhet, funktionalitet och stil.<\/p>\n<p>Tillverkade av kraftig 600D polyester med vattent\u00e4t, UV-best\u00e4ndig och flamskyddad konstruktion, \u00e4r v\u00e5ra tak utformade f\u00f6r att motst\u00e5 alla v\u00e4derf\u00f6rh\u00e5llanden. De robusta aluminium- eller st\u00e5lramarna ger l\u00e5ngvarigt st\u00f6d och \u00e4r enkla att montera p\u00e5 bara n\u00e5gra minuter. Anpassa varje detalj \u2013 l\u00e4gg till din fullf\u00e4rgslogotyp, ditt varum\u00e4rkesbudskap eller din effektfulla grafik med hj\u00e4lp av avancerad sublimeringsteknik som garanterar livfulla och blekningsbest\u00e4ndiga resultat.<\/p>\n<p>Med direktpriss\u00e4ttning fr\u00e5n fabriken, snabba leveranstider och leverans \u00f6ver hela v\u00e4rlden f\u00e5r du inte bara ett t\u00e4lt \u2013 du f\u00e5r ett marknadsf\u00f6ringsverktyg med h\u00f6g synlighet, byggt f\u00f6r att prestera. Stick ut fr\u00e5n m\u00e4ngden med v\u00e5rt specialbyggda 10\u00d715-t\u00e4lt av h\u00f6gsta kvalitet.<\/p>","protected":false},"featured_media":2690,"template":"","meta":{"_kad_post_transparent":"default","_kad_post_title":"hide","_kad_post_layout":"normal","_kad_post_sidebar_id":"","_kad_post_content_style":"unboxed","_kad_post_vertical_padding":"hide","_kad_post_feature":"hide","_kad_post_feature_position":"","_kad_post_header":false,"_kad_post_footer":false},"product_cat":[68,76,74],"product_tag":[612,613,611],"class_list":{"0":"post-2686","1":"product","2":"type-product","3":"status-publish","4":"has-post-thumbnail","6":"product_cat-custom-canopy-tents","7":"product_cat-10x15ft-pop-up-tents-50mm-heavy-duty-hexagon-aluminum-tents-custom-canopy-tents","8":"product_cat-50mm-heavy-duty-hexagon-aluminum-tents","9":"product_tag-best-quality-custom-canopy-tent","10":"product_tag-canopy-tent-10x15","11":"product_tag-custom-canopy-tent-10x15","13":"first","14":"instock","15":"shipping-taxable","16":"product-type-simple","17":"entry","18":"content-bg","19":"loop-entry"},"_links":{"self":[{"href":"https:\/\/cmykprinted.com\/sv\/wp-json\/wp\/v2\/product\/2686","targetHints":{"allow":["GET"]}}],"collection":[{"href":"https:\/\/cmykprinted.com\/sv\/wp-json\/wp\/v2\/product"}],"about":[{"href":"https:\/\/cmykprinted.com\/sv\/wp-json\/wp\/v2\/types\/product"}],"version-history":[{"count":1,"href":"https:\/\/cmykprinted.com\/sv\/wp-json\/wp\/v2\/product\/2686\/revisions"}],"predecessor-version":[{"id":2688,"href":"https:\/\/cmykprinted.com\/sv\/wp-json\/wp\/v2\/product\/2686\/revisions\/2688"}],"wp:featuredmedia":[{"embeddable":true,"href":"https:\/\/cmykprinted.com\/sv\/wp-json\/wp\/v2\/media\/2690"}],"wp:attachment":[{"href":"https:\/\/cmykprinted.com\/sv\/wp-json\/wp\/v2\/media?parent=2686"}],"wp:term":[{"taxonomy":"product_cat","embeddable":true,"href":"https:\/\/cmykprinted.com\/sv\/wp-json\/wp\/v2\/product_cat?post=2686"},{"taxonomy":"product_tag","embeddable":true,"href":"https:\/\/cmykprinted.com\/sv\/wp-json\/wp\/v2\/product_tag?post=2686"}],"curies":[{"name":"wp","href":"https:\/\/api.w.org\/{rel}","templated":true}]}}