{"id":2696,"date":"2025-06-16T04:06:39","date_gmt":"2025-06-16T04:06:39","guid":{"rendered":"https:\/\/cmykprinted.com\/?post_type=product&#038;p=2696"},"modified":"2025-06-16T04:08:43","modified_gmt":"2025-06-16T04:08:43","slug":"custom-printed-canopy-tent-10x10-with-free-mock-up","status":"publish","type":"product","link":"https:\/\/cmykprinted.com\/sv\/produkt\/anpassat-tryckt-talt-10x10-med-gratis-forhandsvisning\/","title":{"rendered":"Specialtryckt t\u00e4lt med kapell 10\u00d710 med gratis mockup"},"content":{"rendered":"","protected":false},"excerpt":{"rendered":"<p>Stick ut p\u00e5 alla evenemang med ett specialtryckt 300 x 300 cm t\u00e4lt \u2013 Gratis mockup ing\u00e5r!<\/p>\n<p>G\u00f6r ditt varum\u00e4rke om\u00f6jligt att missa med v\u00e5rt specialtryckta 10 x 10-t\u00e4lt med tak, perfekt f\u00f6r m\u00e4ssor, festivaler, utomhusmarknader, sportevenemang med mera. Detta t\u00e4lt \u00e4r utformat f\u00f6r att kombinera h\u00e5llbarhet, enkel installation och fantastisk grafik i fullf\u00e4rg, och f\u00f6rvandlar vilket utrymme som helst till en professionell, i\u00f6gonfallande varum\u00e4rkespresentation.<\/p>\n<p>1. Helf\u00e4rgat tryckt baldakin \u2013 Tryck din logotyp, ditt meddelande eller din konst p\u00e5 alla sidor f\u00f6r att maximera synligheten och varum\u00e4rkesp\u00e5verkan.<br \/>\n2. Gratis mockup innan du k\u00f6per \u2013 F\u00e5 en realistisk digital f\u00f6rhandsvisning av din design innan produktionen startar. Inga gissningar, inga \u00f6verraskningar.<br \/>\n3. Robust ram + v\u00e4derbest\u00e4ndig 600 D brands\u00e4ker duk \u2013 Byggd f\u00f6r att motst\u00e5 vind, regn och sol samtidigt som din monter ser snygg ut.<br \/>\n4. Snabb och verktygsfri montering \u2013 S\u00e4tt upp ditt t\u00e4lt p\u00e5 n\u00e5gra minuter med v\u00e5r anv\u00e4ndarv\u00e4nliga popup-ram.<br \/>\n5. Idealisk storlek 10 x 10 \u2013 Perfekt f\u00f6r att skapa en professionell n\u00e4rvaro samtidigt som den passar bekv\u00e4mt i vanliga monterutrymmen.<\/p>\n<p>Oavsett om du marknadsf\u00f6r en produkt, \u00f6kar medvetenheten eller helt enkelt lockar mer bes\u00f6kare, g\u00f6r v\u00e5ra specialtryckta baldakint\u00e4lt ditt varum\u00e4rke till centrum f\u00f6r uppm\u00e4rksamheten \u2013 utan designrisk tack vare v\u00e5r kostnadsfria mockup-tj\u00e4nst!<\/p>\n<p><strong>\u00a0Best\u00e4ll idag och l\u00e5t ditt t\u00e4lt tala!<\/strong><\/p>","protected":false},"featured_media":2704,"template":"","meta":{"_kad_post_transparent":"default","_kad_post_title":"hide","_kad_post_layout":"normal","_kad_post_sidebar_id":"","_kad_post_content_style":"unboxed","_kad_post_vertical_padding":"hide","_kad_post_feature":"hide","_kad_post_feature_position":"","_kad_post_header":false,"_kad_post_footer":false},"product_cat":[68,76,74],"product_tag":[615,614],"class_list":{"0":"post-2696","1":"product","2":"type-product","3":"status-publish","4":"has-post-thumbnail","6":"product_cat-custom-canopy-tents","7":"product_cat-10x15ft-pop-up-tents-50mm-heavy-duty-hexagon-aluminum-tents-custom-canopy-tents","8":"product_cat-50mm-heavy-duty-hexagon-aluminum-tents","9":"product_tag-custom-printed-canopy-tent","10":"product_tag-custom-printed-canopy-tent-10x10","12":"first","13":"instock","14":"shipping-taxable","15":"product-type-simple","16":"entry","17":"content-bg","18":"loop-entry"},"_links":{"self":[{"href":"https:\/\/cmykprinted.com\/sv\/wp-json\/wp\/v2\/product\/2696","targetHints":{"allow":["GET"]}}],"collection":[{"href":"https:\/\/cmykprinted.com\/sv\/wp-json\/wp\/v2\/product"}],"about":[{"href":"https:\/\/cmykprinted.com\/sv\/wp-json\/wp\/v2\/types\/product"}],"version-history":[{"count":1,"href":"https:\/\/cmykprinted.com\/sv\/wp-json\/wp\/v2\/product\/2696\/revisions"}],"predecessor-version":[{"id":2703,"href":"https:\/\/cmykprinted.com\/sv\/wp-json\/wp\/v2\/product\/2696\/revisions\/2703"}],"wp:featuredmedia":[{"embeddable":true,"href":"https:\/\/cmykprinted.com\/sv\/wp-json\/wp\/v2\/media\/2704"}],"wp:attachment":[{"href":"https:\/\/cmykprinted.com\/sv\/wp-json\/wp\/v2\/media?parent=2696"}],"wp:term":[{"taxonomy":"product_cat","embeddable":true,"href":"https:\/\/cmykprinted.com\/sv\/wp-json\/wp\/v2\/product_cat?post=2696"},{"taxonomy":"product_tag","embeddable":true,"href":"https:\/\/cmykprinted.com\/sv\/wp-json\/wp\/v2\/product_tag?post=2696"}],"curies":[{"name":"wp","href":"https:\/\/api.w.org\/{rel}","templated":true}]}}